{"id":1012,"date":"2019-10-06T21:28:07","date_gmt":"2019-10-06T21:28:07","guid":{"rendered":"https:\/\/office.suud.ch\/?page_id=1012"},"modified":"2020-07-19T15:03:15","modified_gmt":"2020-07-19T15:03:15","slug":"tabausfuellen","status":"publish","type":"page","link":"https:\/\/office.suud.ch\/index.php\/tabausfuellen\/","title":{"rendered":"TabAusf\u00fcllen"},"content":{"rendered":"\n<h1 class=\"wp-block-heading\">Automatisches Ausf\u00fcllen<\/h1>\n\n\n\n<p>In praktisch allen Tabellenkalkulationsprogrammen lassen sich Zellen &#171;intelligent&#187; kopieren. Z.B. l\u00e4sst sich die Zahlenreihe 1, 2, 3 so kopieren, dass diese automatisch mit 4, 5, 6 &#8230; fortgesetzt wird. Oder eine Formel, welche die Zahlen in einer Zeile zusammenrechnet, l\u00e4sst sich so kopieren, dass die kopierte Formel gerade die Zahlen der nachfolgenden Zeile mit derselben Formel verrechnet etc.<\/p>\n\n\n\n<p>Um dies zu erreichen, wird die gew\u00fcnschte zu kopierende Zelle oder der gew\u00fcnschte Zellbereich markiert. In praktisch allen Tabellenkalkulationsprogrammen ist danach unten rechts an der Zelle ein kleines Viereck \uffed zu sehen. Wird mit gedr\u00fcckter linker Maustaste dieses Quadrat in eine beliebige Richtung gezogen, so wird der markierte Inhalt &#171;intelligent&#187; in die neuen Zellbereiche kopiert. Diese Art des intelligenten Kopierens wird als &#171;automatisches Ausf\u00fcllen&#187; bezeichnet.<\/p>\n\n\n\n<h2 class=\"wp-block-heading\">\u00dcbungen<\/h2>\n\n\n\n<div class=\"su-accordion su-u-trim\">\n<div class=\"su-spoiler su-spoiler-style-fancy su-spoiler-icon-plus su-spoiler-closed\" data-scroll-offset=\"0\" data-anchor-in-url=\"no\"><div class=\"su-spoiler-title\" tabindex=\"0\" role=\"button\"><span class=\"su-spoiler-icon\"><\/span>Reihen vervollst\u00e4ndigen<\/div><div class=\"su-spoiler-content su-u-clearfix su-u-trim\">\n<ol>\n<li>\u00d6ffne eine leere Tabelle und schreibe 1 in eine Zelle und 2 in die Zelle darunter und nochmals eine 2 in die Zelle rechts davon.<\/li>\n<li>Markiere die beiden untereinanderliegenden Zellen mit 1 und 2 darin. Ziehe das kleine Viereck \uffed unten rechts an der Markierung beliebig weit nach unten. Was stellst du fest?<\/li>\n<li>Markiere danach die beiden nebeneinanderliegenden Zellen mit 1 und 2 darin und ziehe das kleine Viereck \uffed unten rechts an der Markierung nach rechts. Was stellst du fest?<\/li>\n<li>Schreibe die Wochentage Montag, Dienstag untereinander, markiere diese und ziehe das kleine Viereck  \uffed nach unten. Was passiert?<\/li>\n<li>Probiere das &#171;automatische Ausf\u00fcllen&#187; mit verschiedenen Zahlen und Wortfolgen aus. Was funktioniert wie gedacht, was nicht?<\/li>\n<li>Erstelle dir mit dem automatischen Ausf\u00fcllen einen eigenen Kalender.<\/li>\n<\/ol>\n<\/div><\/div>\n<div class=\"su-spoiler su-spoiler-style-fancy su-spoiler-icon-plus su-spoiler-closed\" data-scroll-offset=\"0\" data-anchor-in-url=\"no\"><div class=\"su-spoiler-title\" tabindex=\"0\" role=\"button\"><span class=\"su-spoiler-icon\"><\/span>Einfache Formeln \u00fcbertragen<\/div><div class=\"su-spoiler-content su-u-clearfix su-u-trim\">\n<ol>\n<li>\u00dcbernehme die nachfolgende Tabelle in dein Tabellenkalkulationsprogramm (per Copy-Paste, ganze Tabelle auf der Webseite markieren, in die Zwischenablage kopieren, eine Zelle im Tabellenkalkulationsprogramm ausw\u00e4hlen und einf\u00fcgen).<\/li>\n<li>Berechne die Summe der drei Zahle der ersten Zeile mit einer Formel, welche den Zellbereich der ersten drei Zahlen beinhaltet (siehe Kapitel <a href=\"https:\/\/office.suud.ch\/index.php\/tabformelnfunktionen\/\">Formeln und Funktionen<\/a>).<\/li>\n<li>Markiere danach die Zelle mit der Summe und und ziehe das kleine Viereck  \uffed unten rechts an der Markierung nach unten bis und mit zur letzten Zeile.<\/li>\n<li>Wenn du alles richtig gemacht hast, so stehen nun in allen drei Zeilen die Summen der drei Zahlen in der jeweiligen Zeile. Schaue nach, welche Formeln durch das automatische Ausf\u00fcllen in die einzelnen Zellen der Spalte &#171;Summe&#187; kopiert wurden.<\/li>\n<\/ol>\n<h3>Vorlage<\/h3>\n<table>\n<thead>\n<tr>\n<th>Zahl 1<\/th>\n<th>Zahl 2<\/th>\n<th>Zahl 3<\/th>\n<th>Summe<\/th>\n<\/tr>\n<\/thead>\n<tbody>\n<tr>\n<td>23<\/td>\n<td>2<\/td>\n<td>66<\/td>\n<td><\/td>\n<\/tr>\n<tr>\n<td>2<\/td>\n<td>45<\/td>\n<td>1<\/td>\n<td><\/td>\n<\/tr>\n<tr>\n<td>56<\/td>\n<td>777<\/td>\n<td>45<\/td>\n<td><\/td>\n<\/tr>\n<\/tbody>\n<\/table>\n<\/div><\/div>\n<\/div>\n\n\n\n<h2 class=\"wp-block-heading\">Umsetzungstipps<\/h2>\n\n\n\n<div class=\"su-accordion su-u-trim\">\n<div class=\"su-spoiler su-spoiler-style-fancy su-spoiler-icon-plus su-spoiler-closed\" data-scroll-offset=\"0\" data-anchor-in-url=\"no\"><div class=\"su-spoiler-title\" tabindex=\"0\" role=\"button\"><span class=\"su-spoiler-icon\"><\/span>Microsoft Excel (Blitzvorschau)<\/div><div class=\"su-spoiler-content su-u-clearfix su-u-trim\">\n<p>Excel erlaubt es mit der &#171;Blitzvorschau&#187; W\u00f6rter in Zellen zu separieren oder zusammen zu f\u00fcgen. Dies ist in Abb.1 dargestellt. Die Spalte C wurde aus den Spalten A und B erstellt. Dazu wurde in die anf\u00e4nglich leere Spalte C in die Zelle C1 das Beispiel &#171;Pia Ott&#187; geschrieben, die Entertaste gedr\u00fcckt, in die Zelle C2 navigiert und \u00fcber den Befehl Daten > Blitzvorschau (Tabellensymbol mit gelben Blitz) automatisch die Zellen C2, C3 und C4 gef\u00fcllt.<\/p>\n<p>Die Spalten F und G wurden umgekehrt aus der Spalte E erstellt. Dazu wurde z.B. in die Zelle F1 das Beispiel &#171;Ott&#187; geschrieben, wiederum Enter ged\u00fcrckt und \u00fcber Daten > Blitzvorschau die Spalte F erstellt. Analog wurde die Spalte G erstellt.<\/p>\n<div class=\"wp-block-image\"><figure class=\"aligncenter\"><img loading=\"lazy\" decoding=\"async\" width=\"1014\" height=\"186\" src=\"https:\/\/office.suud.ch\/wp-content\/uploads\/2019\/10\/Blitzvorschau.png\" alt=\"\" class=\"wp-image-1017\" srcset=\"https:\/\/office.suud.ch\/wp-content\/uploads\/2019\/10\/Blitzvorschau.png 1014w, https:\/\/office.suud.ch\/wp-content\/uploads\/2019\/10\/Blitzvorschau-300x55.png 300w, https:\/\/office.suud.ch\/wp-content\/uploads\/2019\/10\/Blitzvorschau-768x141.png 768w\" sizes=\"(max-width: 1014px) 100vw, 1014px\" \/><figcaption>Abb.1: Blitzvorschau in Excel<\/figcaption><\/figure><\/div>\n<\/div><\/div>\n<div class=\"su-spoiler su-spoiler-style-fancy su-spoiler-icon-plus su-spoiler-closed\" data-scroll-offset=\"0\" data-anchor-in-url=\"no\"><div class=\"su-spoiler-title\" tabindex=\"0\" role=\"button\"><span class=\"su-spoiler-icon\"><\/span>Microsoft Excel online (Blitzvorschau)<\/div><div class=\"su-spoiler-content su-u-clearfix su-u-trim\">\n<p>Excel erlaubt es mit der &#171;Blitzvorschau&#187; W\u00f6rter in Zellen zu separieren oder zusammen zu f\u00fcgen. Dies ist in Abb.1 dargestellt. Die Spalte C wurde aus den Spalten A und B erstellt. Dazu wurde in die anf\u00e4nglich leere Spalte C in die Zelle C1 das Beispiel &#171;Pia Ott&#187; geschrieben, die Entertaste gedr\u00fcckt, in die Zelle C2 navigiert und \u00fcber den Befehl Daten > Blitzvorschau (Tabellensymbol mit gelben Blitz) automatisch die Zellen C2, C3 und C4 gef\u00fcllt.<\/p>\n<p>Die Spalten F und G wurden umgekehrt aus der Spalte E erstellt. Dazu wurde z.B. in die Zelle F1 das Beispiel &#171;Ott&#187; geschrieben, wiederum Enter ged\u00fcrckt und \u00fcber Daten > Blitzvorschau die Spalte F erstellt. Analog wurde die Spalte G erstellt.<\/p>\n<div class=\"wp-block-image\"><figure class=\"aligncenter\"><img loading=\"lazy\" decoding=\"async\" width=\"1014\" height=\"186\" src=\"https:\/\/office.suud.ch\/wp-content\/uploads\/2019\/10\/Blitzvorschau.png\" alt=\"\" class=\"wp-image-1017\" srcset=\"https:\/\/office.suud.ch\/wp-content\/uploads\/2019\/10\/Blitzvorschau.png 1014w, https:\/\/office.suud.ch\/wp-content\/uploads\/2019\/10\/Blitzvorschau-300x55.png 300w, https:\/\/office.suud.ch\/wp-content\/uploads\/2019\/10\/Blitzvorschau-768x141.png 768w\" sizes=\"(max-width: 1014px) 100vw, 1014px\" \/><figcaption>Abb.1: Blitzvorschau in Excel<\/figcaption><\/figure><\/div>\n<\/div><\/div>\n<\/div>\n\n\n<p><a class=\"back_button\" href=\"https:\/\/office.suud.ch\/index.php\/tabintro\/\">\u25c4&nbsp;&nbsp;Zur\u00fcck&nbsp;<\/a><\/p>","protected":false},"excerpt":{"rendered":"<p>Automatisches Ausf\u00fcllen In praktisch allen Tabellenkalkulationsprogrammen lassen sich Zellen &#171;intelligent&#187; kopieren. Z.B. l\u00e4sst sich die Zahlenreihe 1, 2, 3 so kopieren, dass diese automatisch mit 4, 5, 6 &#8230; fortgesetzt wird. Oder eine Formel, welche die Zahlen in einer Zeile zusammenrechnet, l\u00e4sst sich so kopieren, dass die kopierte Formel gerade die Zahlen der nachfolgenden Zeile [&hellip;]<\/p>\n","protected":false},"author":1,"featured_media":0,"parent":0,"menu_order":0,"comment_status":"open","ping_status":"closed","template":"","meta":{"footnotes":""},"_links":{"self":[{"href":"https:\/\/office.suud.ch\/index.php\/wp-json\/wp\/v2\/pages\/1012"}],"collection":[{"href":"https:\/\/office.suud.ch\/index.php\/wp-json\/wp\/v2\/pages"}],"about":[{"href":"https:\/\/office.suud.ch\/index.php\/wp-json\/wp\/v2\/types\/page"}],"author":[{"embeddable":true,"href":"https:\/\/office.suud.ch\/index.php\/wp-json\/wp\/v2\/users\/1"}],"replies":[{"embeddable":true,"href":"https:\/\/office.suud.ch\/index.php\/wp-json\/wp\/v2\/comments?post=1012"}],"version-history":[{"count":9,"href":"https:\/\/office.suud.ch\/index.php\/wp-json\/wp\/v2\/pages\/1012\/revisions"}],"predecessor-version":[{"id":1276,"href":"https:\/\/office.suud.ch\/index.php\/wp-json\/wp\/v2\/pages\/1012\/revisions\/1276"}],"wp:attachment":[{"href":"https:\/\/office.suud.ch\/index.php\/wp-json\/wp\/v2\/media?parent=1012"}],"curies":[{"name":"wp","href":"https:\/\/api.w.org\/{rel}","templated":true}]}}