{"id":1022,"date":"2019-10-09T07:55:49","date_gmt":"2019-10-09T07:55:49","guid":{"rendered":"https:\/\/office.suud.ch\/?page_id=1022"},"modified":"2020-07-19T14:46:30","modified_gmt":"2020-07-19T14:46:30","slug":"tabadressierung","status":"publish","type":"page","link":"https:\/\/office.suud.ch\/index.php\/tabadressierung\/","title":{"rendered":"TabAdressierung"},"content":{"rendered":"\n<h1 class=\"wp-block-heading\">Adressierung<\/h1>\n\n\n\n<p>ACHTUNG! Dieses Kapitel setzt voraus, dass du die Konzepte <a href=\"https:\/\/office.suud.ch\/index.php\/tabzelletabellenblatt\/\" target=\"_blank\" rel=\"noreferrer noopener\">Zelle, Zeile\/Spalte, Tabellenblatt<\/a> sowie <a href=\"https:\/\/office.suud.ch\/index.php\/tabformelnfunktionen\/\" target=\"_blank\" rel=\"noreferrer noopener\">Formeln und Funktionen<\/a> und <a href=\"https:\/\/office.suud.ch\/index.php\/tabausfuellen\/\" target=\"_blank\" rel=\"noreferrer noopener\">automatisches Ausf\u00fcllen<\/a> gelesen und verstanden hast.<\/p>\n\n\n\n<p>Wenn Formeln und Funktionen \u00fcber das automatische Ausf\u00fcllen intelligent kopiert werden, so werden die Zell-Adressen in den Formeln entsprechend angepasst. Hierf\u00fcr werden zwei Varianten unterschieden, die relative und die absolute Adressierung.<\/p>\n\n\n\n<h3 class=\"wp-block-heading\">Relative Adressierung<\/h3>\n\n\n\n<p>Wird eine Formel durch automatisches Ausf\u00fcllen auf andere Zellen \u00fcbertragen, so werden automatisch in den Zell-Adressen die Spalten oder\/und Zeilen angepasst. Dies wird als &#171;relative Adressierung&#187; bezeichnet.<\/p>\n\n\n\n<p>Die Animation in Abb.1 zeigt die relative\nAdressierung. Die Formel &#171;=SUMME(B2:E2)&#187;\nin der Zelle F2 wird durch automatisches Ausf\u00fcllen in die Zellen F3 und F4\nkopiert. Danach werden die Zellen F3 und F4 angelklickt um die \u00fcbertragenen\nFormeln zu zeigen, z.B. steht am Ende in F4 die Formel &#171;=SUMME(B4:E4)&#187;\nd.h. die Zeilennummern wurden entsprechend angepasst.<\/p>\n\n\n\n<div class=\"wp-block-image\"><figure class=\"aligncenter\"><img loading=\"lazy\" decoding=\"async\" width=\"517\" height=\"226\" src=\"https:\/\/office.suud.ch\/wp-content\/uploads\/2019\/10\/RelativeAdressierung.gif\" alt=\"\" class=\"wp-image-1025\"\/><figcaption>Abb.1: Relative Adressierung<\/figcaption><\/figure><\/div>\n\n\n\n<p>Analog werden beim\nautomatischen Ausf\u00fcllen von Spalte zu Spalte die Spalten-Buchstaben\nentsprechend angepasst.<\/p>\n\n\n\n<h3 class=\"wp-block-heading\">Absolute Adressierung<\/h3>\n\n\n\n<p>Manchmal ist es w\u00fcnschenswert, dass die\nSpalten oder\/und Zeilen in den Zell-Adressen gerade eben nicht beim automatischen Ausf\u00fcllen angepasst\nwerden. Um das zu verhindern wird das $-Zeichen vor den Spaltenbuchstaben oder vor die\nZeilennummer in einer Zell-Adresse geschrieben, z.B. &#171;$B$7&#187;. Eine\nAdressangabe mit $-Zeichen wird als absolute Adressierung bezeichnet.<\/p>\n\n\n\n<p>Die Animation in Abb.2 zeigt,\nden Effekt der absoluten Adressierung. Die Formel &#171;=SUMME(B2:B4)*$B7&#187;\nin der Zelle B5 wird durch automatisches Ausf\u00fcllen in die Spalten C5, D5, E5\nund F5 \u00fcbertragen. Dabei werden die Spalten in der Summen-Formel angepasst (relative\nAdressierung) aber die durch das $-Zeichen gesperrte Spalte in $B7 bleibt\nunver\u00e4ndert. Wie in der Animation Abb.2 gezeigt wird, steht am Ende in der\nZelle F5 die Formel &#171;=SUMME(F2:F4)*$B7&#187;.<\/p>\n\n\n\n<div class=\"wp-block-image\"><figure class=\"aligncenter\"><img loading=\"lazy\" decoding=\"async\" width=\"517\" height=\"226\" src=\"https:\/\/office.suud.ch\/wp-content\/uploads\/2019\/10\/AbsoluteAdressierungFesteSpalte.gif\" alt=\"\" class=\"wp-image-1027\"\/><figcaption>Abb.2: Absolute Adressierung<\/figcaption><\/figure><\/div>\n\n\n\n<p>Analog werden beim\nautomatischen Ausf\u00fcllen von Zeile zu Zeile die Zeilennummern angepasst. Falls\neine Zeilennummer durch ein vorangestelltes $-Zeichen gesperrt wird, so bleibt\ndiese beim \u00dcbertragen unver\u00e4ndert.<\/p>\n\n\n\n<p>Die Animation in Abb.3 zeigt, was ohne das $-Zeichen im\nBeispiel in Abb.2 passieren w\u00fcrde. Ohne das $-Zeichen vor &#171;$B7&#187; w\u00fcrde\nstatt &#171;=SUMME(F2:F4)*$B7&#187;\nin der Zelle F5 am Ende &#171;=SUMME(F2:F4)*F7&#187;\nstehen. Da die Zelle F7 leer ist, w\u00fcrde ein falscher Wert berechnet werden.<\/p>\n\n\n\n<div class=\"wp-block-image\"><figure class=\"aligncenter\"><img loading=\"lazy\" decoding=\"async\" width=\"517\" height=\"226\" src=\"https:\/\/office.suud.ch\/wp-content\/uploads\/2019\/10\/AbsoluteAdressierungFalsch.gif\" alt=\"\" class=\"wp-image-1028\"\/><figcaption>Abb.3: Falsche Variante absolute Adressierung<\/figcaption><\/figure><\/div>\n\n\n\n<h2 class=\"wp-block-heading\">\u00dcbungen<\/h2>\n\n\n\n<div class=\"su-accordion su-u-trim\">\n<div class=\"su-spoiler su-spoiler-style-fancy su-spoiler-icon-plus su-spoiler-closed\" data-scroll-offset=\"0\" data-anchor-in-url=\"no\"><div class=\"su-spoiler-title\" tabindex=\"0\" role=\"button\"><span class=\"su-spoiler-icon\"><\/span>Absolute und relative Adressierung<\/div><div class=\"su-spoiler-content su-u-clearfix su-u-trim\">\n<ol>\n<li>\u00dcbernehme die nachfolgende Vorlage mit Punkt- oder Komma-Dezimaltrennzeichen in dein Tabellenkalkulationsprogramm (per Copy-Paste, ganze Tabelle auf der Webseite markieren, in die Zwischenablage kopieren, eine Zelle im Tabellenkalkulationsprogramm ausw\u00e4hlen und einf\u00fcgen).<\/li>\n<li>Berechne in der Spalte &#171;Ganze Woche&#187; die Summe der Vorarbeitsstunden per Formel.<\/li>\n<li>\u00dcbertrage die Formel durch automatisches Ausf\u00fcllen auf die anderen beiden Zeilen.<\/li>\n<li>Berechne f\u00fcr Montag die Summe der Stunden in dieser Spalte und multipliziere das Resultat mal den Stundenansatz. Berechne die Summe der Stunden per Formel und multipliziere diese Formel am Ende mal den Stundenansatz.<\/li>\n<li><i>Achtung!<\/i> Schreibe bei der Berechnung f\u00fcr Montag nicht 55.00 in die Formel sondern die Zell-Adresse dieser Zelle. Versehe die Berechnung f\u00fcr Montag mit einer absoluten Adressierung ($-Symbolen), so dass die Formel f\u00fcr die Montagsberechnung danach auf die anderen Wochentage und auch in die Spalte f\u00fcr die ganze Woche \u00fcbertragen werden kann.<\/li>\n<li>\u00dcbertrage die Formel f\u00fcr Montag auf die anderen Wochentage und die ganze Woche durch automatisches Ausf\u00fcllen. Wenn du alles richtig gemacht hast, steht am Ende als Betrag f\u00fcr die ganze Woche 1622.50 in der entsprechenden Zelle.<\/li>\n<li>G\u00f6nne dir nach getaner Arbeit einen h\u00f6heren Stundenansatz und \u00fcberschreibe die Zahl 55.00 mit 62.00. Wie reagiert die Tabellenkalkulation darauf? Wenn du alles richtig gemacht hast, steht am Ende als Betrag f\u00fcr die ganze Woche 1829.00 in der entsprechenden Zelle.<\/li>\n<\/ol>\n\n<br>\n<h3>Vorlage mit Punkt-Dezimaltrennzeichen<\/h3><br>\n<table>\n<thead>\n<tr>\n<th>Arbeit<\/th>\n<th>Mo<\/th>\n<th>Di<\/th>\n<th>Mi<\/th>\n<th>Do<\/th>\n<th>Fr<\/th>\n<th>Ganze Woche<\/th>\n<\/tr>\n<\/thead>\n<tbody>\n<tr>\n<td>Vorbereiten (in h) <\/td>\n<td>4.5<\/td>\n<td><\/td>\n<td>3.0<\/td>\n<td>2.0<\/td>\n<td><\/td>\n<td><\/td>\n<\/tr>\n<tr>\n<td>Umsetzen (in h) <\/td>\n<td>2.0<\/td>\n<td>4.0<\/td>\n<td>2.0<\/td>\n<td>4.0<\/td>\n<td>2.0<\/td>\n<td><\/td>\n<\/tr>\n<tr>\n<td>Nachbearbeiten (in h) <\/td>\n<td>1.0<\/td>\n<td>1.5<\/td>\n<td>0.5<\/td>\n<td><\/td>\n<td>3.0<\/td>\n<td><\/td>\n<\/tr>\n<tr>\n<td>Betrag (in CHF) <\/td>\n<td><\/td>\n<td><\/td>\n<td><\/td>\n<td><\/td>\n<td><\/td>\n<td><\/td>\n<\/tr>\n<tr>\n<td>&nbsp;<\/td>\n<td><\/td>\n<td><\/td>\n<td><\/td>\n<td><\/td>\n<td><\/td>\n<td><\/td>\n<\/tr>\n<tr>\n<td>Stundenansatz CHF \/ h<\/td>\n<td>55.00<\/td>\n<td><\/td>\n<td><\/td>\n<td><\/td>\n<td><\/td>\n<td><\/td>\n<\/tr>\n<\/tbody>\n<\/table>\n\n<br>\n<h3>Vorlage mit Komma-Dezimaltrennzeichen<\/h3><br>\n<table>\n<thead>\n<tr>\n<th>Arbeit<\/th>\n<th>Mo<\/th>\n<th>Di<\/th>\n<th>Mi<\/th>\n<th>Do<\/th>\n<th>Fr<\/th>\n<th>Ganze Woche<\/th>\n<\/tr>\n<\/thead>\n<tbody>\n<tr>\n<td>Vorbereiten (in h) <\/td>\n<td>4,5<\/td>\n<td><\/td>\n<td>3,0<\/td>\n<td>2,0<\/td>\n<td><\/td>\n<td><\/td>\n<\/tr>\n<tr>\n<td>Umsetzen (in h) <\/td>\n<td>2,0<\/td>\n<td>4,0<\/td>\n<td>2,0<\/td>\n<td>4,0<\/td>\n<td>2,0<\/td>\n<td><\/td>\n<\/tr>\n<tr>\n<td>Nachbearbeiten (in h) <\/td>\n<td>1,0<\/td>\n<td>1,5<\/td>\n<td>0,5<\/td>\n<td><\/td>\n<td>3,0<\/td>\n<td><\/td>\n<\/tr>\n<tr>\n<td>Betrag (in CHF) <\/td>\n<td><\/td>\n<td><\/td>\n<td><\/td>\n<td><\/td>\n<td><\/td>\n<td><\/td>\n<\/tr>\n<tr>\n<td>&nbsp;<\/td>\n<td><\/td>\n<td><\/td>\n<td><\/td>\n<td><\/td>\n<td><\/td>\n<td><\/td>\n<\/tr>\n<tr>\n<td>Stundenansatz CHF \/ h<\/td>\n<td>55,00<\/td>\n<td><\/td>\n<td><\/td>\n<td><\/td>\n<td><\/td>\n<td><\/td>\n<\/tr>\n<\/tbody>\n<\/table>\n<\/div><\/div>\n<div class=\"su-spoiler su-spoiler-style-fancy su-spoiler-icon-plus su-spoiler-closed\" data-scroll-offset=\"0\" data-anchor-in-url=\"no\"><div class=\"su-spoiler-title\" tabindex=\"0\" role=\"button\"><span class=\"su-spoiler-icon\"><\/span>Funktionswerte<\/div><div class=\"su-spoiler-content su-u-clearfix su-u-trim\">\n<p>In dieser \u00dcbung geht es darum viele Werte der Funktion y=a*sin(x) in einer Tabelle darzustellen. Aus den Werten l\u00e4sst sich dann z.B. ein Diagramm der Funktion zeichnen, was aber in dieser Aufgabe nicht gemacht wird.<\/p>\n<ol>\n<li>\u00dcbernehme die nachfolgende Vorlage mit Punkt- oder Komma-Dezimaltrennzeichen in dein Tabellenkalkulationsprogramm (per Copy-Paste, ganze Tabelle auf der Webseite markieren, in die Zwischenablage kopieren, eine Zelle im Tabellenkalkulationsprogramm ausw\u00e4hlen und einf\u00fcgen).<\/li>\n<li>Markiere in der Spalte x die beiden Zellen mit 0.0 und 0.1 darin und verl\u00e4ngere die Spalte durch automatisches Ausf\u00fcllen nach unten bis der Wert 10.0 geschrieben wird.<\/li>\n<li>Schreibe oben in die Spalte y neben die oberste Zahl 0.0 die Formel &#171;=Q37*SIN(J56)&#187; wobei du Q37 durch die Adresse der Zelle mit dem Wert 1.5 neben dem a ersetzt und J56 durch die Adresse der Zelle mit dem Wert 0.0.<\/li>\n<li>Sorge mit der absoluten Adressierung daf\u00fcr, dass die Adresse der Zelle mit dem Wert 1.5 beim automatischen Ausf\u00fcllen nach unten nicht ge\u00e4ndert wird.<\/li>\n<li>\u00dcbertrage die Berechnung in der Spalte y durch automatisches Ausf\u00fcllen nach unten bis das Ende der Spalte x erreicht ist. Wenn du alles richtig gemacht hast, sollte neben der 10.0 der Wert -0.816\u2026 stehen.<\/li>\n<li>\u00c4ndere nun den Wert neben a von 1.5 auf 2.2 ab. Was passiert?<\/li>\n<\/ol>\n\n<br>\n<h3>Vorlage mit Punkt-Dezimaltrennzeichen<\/h3><br>\n<table>\n<thead>\n<tr>\n<th>a<\/th>\n<th>1.5<\/th>\n<\/tr>\n<\/thead>\n<tbody>\n<tr>\n<td>x<\/td>\n<td>y<\/td>\n<\/tr>\n<tr>\n<td>0.0<\/td>\n<td><\/td>\n<\/tr>\n<tr>\n<td>0.1<\/td>\n<td><\/td>\n<\/tr>\n<\/tbody>\n<\/table>\n\n<br>\n<h3>Vorlage mit Komma-Dezimaltrennzeichen<\/h3><br>\n<table>\n<thead>\n<tr>\n<th>a<\/th>\n<th>1,5<\/th>\n<\/tr>\n<\/thead>\n<tbody>\n<tr>\n<td>x<\/td>\n<td>y<\/td>\n<\/tr>\n<tr>\n<td>0,0<\/td>\n<td><\/td>\n<\/tr>\n<tr>\n<td>0,1<\/td>\n<td><\/td>\n<\/tr>\n<\/tbody>\n<\/table>\n<\/div><\/div>\n<div class=\"su-spoiler su-spoiler-style-fancy su-spoiler-icon-plus su-spoiler-closed\" data-scroll-offset=\"0\" data-anchor-in-url=\"no\"><div class=\"su-spoiler-title\" tabindex=\"0\" role=\"button\"><span class=\"su-spoiler-icon\"><\/span>Zinsrechnung<\/div><div class=\"su-spoiler-content su-u-clearfix su-u-trim\">\n<p>In dieser \u00dcbung l\u00e4sst du Excel berechnen, wie viel Geld Du in 10 Jahren mit einem gegebenen Zinssatz ersparen kannst, wenn du das Konto \/ die Anlage unber\u00fchrt lassen und das Konto keine j\u00e4hrlichen Geb\u00fchren kostet.<\/p>\n<ol>\n<li>\u00dcbernehme die nachfolgende Vorlage mit Punkt- oder Komma-Dezimaltrennzeichen in dein Tabellenkalkulationsprogramm (per Copy-Paste, ganze Tabelle auf der Webseite markieren, in die Zwischenablage kopieren, eine Zelle im Tabellenkalkulationsprogramm ausw\u00e4hlen und einf\u00fcgen).<\/li>\n<li>Markiere in der Spalte Jahre die beiden Zellen mit 0 und 1 darin und verl\u00e4ngere die Spalte durch automatisches Ausf\u00fcllen nach unten bis der Wert 10 geschrieben wird.<\/li>\n<li>Schreibe in die Spalte Verm\u00f6gen neben die Zahl 1 eine Formel welche zum Verm\u00f6gen des Vorjahres den Zinszuwachs basierend auf dem Vorjahresverm\u00f6gen hinzu addiert.<\/li>\n<li>Sorge mit der relativen und absoluten Adressierung daf\u00fcr, dass die Berechnung durch automatisches Ausf\u00fcllen sinnvoll nach unten \u00fcbertragen werden kann.<\/li>\n<li>\u00dcbertrage die Berechnung durch automatisches Ausf\u00fcllen nach unten bis das Ende der Spalte Jahre erreicht ist. Wenn du alles richtig gemacht hast, sollte neben der 10 der Wert 1104.62 stehen.<\/li>\n<li>\u00c4ndere nun den Zinssatz von 1.00% auf 1.50% ab. Was passiert? Wenn du alles richtig gemacht hast, sollte neben der 10 der Wert 1160.54 stehen.<\/li>\n<li><i>Optional<\/i>: Runde das Verm\u00f6gen jeweils auf den n\u00e4chsten 5-Rappen-Betrag. Dazu multiplizierst du den Verm\u00f6genswert mit 20 und rundest das Resultat auf eine ganze Zahl (ohne Kommastellen). Anschliessend wird diese ganze Zahl wiederum durch 20 geteilt. Recherchiere im Internet wie du in deinem Tabellenkalkulationsprogramm auf ganze Zahlen runden kannst.<\/li>\n<\/ol>\n\n<br>\n<h3>Vorlage mit Punkt-Dezimaltrennzeichen<\/h3><br>\n<table>\n<thead>\n<tr>\n<th>Zinssatz<\/th>\n<th>1.00%<\/th>\n<\/tr>\n<\/thead>\n<tbody>\n<tr>\n<td><\/td>\n<td><\/td>\n<\/tr>\n<tr>\n<td>Jahre<\/td>\n<td>Verm\u00f6gen<\/td>\n<\/tr>\n<tr>\n<td>0<\/td>\n<td>1000.00<\/td>\n<\/tr>\n<tr>\n<td>1<\/td>\n<td><\/td>\n<\/tr>\n<\/tbody>\n<\/table\n\n<br>\n<h3>Vorlage mit Komma-Dezimaltrennzeichen<\/h3><br>\n<table>\n<thead>\n<tr>\n<th>Zinssatz<\/th>\n<th>1,00%<\/th>\n<\/tr>\n<\/thead>\n<tbody>\n<tr>\n<td><\/td>\n<td><\/td>\n<\/tr>\n<tr>\n<td>Jahre<\/td>\n<td>Verm\u00f6gen<\/td>\n<\/tr>\n<tr>\n<td>0<\/td>\n<td>1000,00<\/td>\n<\/tr>\n<tr>\n<td>1<\/td>\n<td><\/td>\n<\/tr>\n<\/tbody>\n<\/table>\n<\/div><\/div>\n<\/div>\n\n\n\n<h2 class=\"wp-block-heading\">L\u00f6sungsbeispiele<\/h2>\n\n\n\n<div class=\"su-accordion su-u-trim\">\n<div class=\"su-spoiler su-spoiler-style-fancy su-spoiler-icon-plus su-spoiler-closed\" data-scroll-offset=\"0\" data-anchor-in-url=\"no\"><div class=\"su-spoiler-title\" tabindex=\"0\" role=\"button\"><span class=\"su-spoiler-icon\"><\/span>Zinsrechnung<\/div><div class=\"su-spoiler-content su-u-clearfix su-u-trim\"><br>\nFormel f\u00fcr die Verm\u00f6gensberechnung: =Q84+J$22*Q84 wobei Q84 die Adresse der Zelle mit dem Vorjahresverm\u00f6gen und J$22 die (absolute) Adresse der Zelle mit dem Zinssatz darin ist.\n<\/div><\/div>\n<\/div>\n\n\n\n<div style=\"height:20px\" aria-hidden=\"true\" class=\"wp-block-spacer\"><\/div>\n\n\n<p><a class=\"back_button\" href=\"https:\/\/office.suud.ch\/index.php\/tabintro\/\">\u25c4&nbsp;&nbsp;Zur\u00fcck&nbsp;<\/a><\/p>","protected":false},"excerpt":{"rendered":"<p>Adressierung ACHTUNG! Dieses Kapitel setzt voraus, dass du die Konzepte Zelle, Zeile\/Spalte, Tabellenblatt sowie Formeln und Funktionen und automatisches Ausf\u00fcllen gelesen und verstanden hast. Wenn Formeln und Funktionen \u00fcber das automatische Ausf\u00fcllen intelligent kopiert werden, so werden die Zell-Adressen in den Formeln entsprechend angepasst. Hierf\u00fcr werden zwei Varianten unterschieden, die relative und die absolute Adressierung. [&hellip;]<\/p>\n","protected":false},"author":1,"featured_media":0,"parent":0,"menu_order":0,"comment_status":"open","ping_status":"closed","template":"","meta":{"footnotes":""},"_links":{"self":[{"href":"https:\/\/office.suud.ch\/index.php\/wp-json\/wp\/v2\/pages\/1022"}],"collection":[{"href":"https:\/\/office.suud.ch\/index.php\/wp-json\/wp\/v2\/pages"}],"about":[{"href":"https:\/\/office.suud.ch\/index.php\/wp-json\/wp\/v2\/types\/page"}],"author":[{"embeddable":true,"href":"https:\/\/office.suud.ch\/index.php\/wp-json\/wp\/v2\/users\/1"}],"replies":[{"embeddable":true,"href":"https:\/\/office.suud.ch\/index.php\/wp-json\/wp\/v2\/comments?post=1022"}],"version-history":[{"count":24,"href":"https:\/\/office.suud.ch\/index.php\/wp-json\/wp\/v2\/pages\/1022\/revisions"}],"predecessor-version":[{"id":1271,"href":"https:\/\/office.suud.ch\/index.php\/wp-json\/wp\/v2\/pages\/1022\/revisions\/1271"}],"wp:attachment":[{"href":"https:\/\/office.suud.ch\/index.php\/wp-json\/wp\/v2\/media?parent=1022"}],"curies":[{"name":"wp","href":"https:\/\/api.w.org\/{rel}","templated":true}]}}