{"id":103,"date":"2019-06-16T13:17:58","date_gmt":"2019-06-16T13:17:58","guid":{"rendered":"https:\/\/office.suud.ch\/?page_id=103"},"modified":"2020-07-19T08:37:33","modified_gmt":"2020-07-19T08:37:33","slug":"pregrundlagen","status":"publish","type":"page","link":"https:\/\/office.suud.ch\/index.php\/pregrundlagen\/","title":{"rendered":"PreGrundlagen"},"content":{"rendered":"\n<h1 class=\"wp-block-heading\">Grundlagen<\/h1>\n\n\n\n<p>Pr\u00e4sentationen eigenen sich dazu einen Vortrag zu unterst\u00fctzen oder einen Inhalt im Form eines multimedialen Pr\u00e4sentationsdokuments darzustellen. Ein Pr\u00e4sentationsprogramm erlaubt es solche Pr\u00e4sentationen mit wenigen Klicks zusammenzustellen. <\/p>\n\n\n\n<h3 class=\"wp-block-heading\">Ansicht eines typischen Pr\u00e4sentationsprogramms<\/h3>\n\n\n\n<div style=\"height:20px\" aria-hidden=\"true\" class=\"wp-block-spacer\"><\/div>\n\n\n\n<figure class=\"wp-block-image\"><img loading=\"lazy\" decoding=\"async\" width=\"1009\" height=\"483\" src=\"https:\/\/office.suud.ch\/wp-content\/uploads\/2019\/06\/PreGrundlagen.png\" alt=\"\" class=\"wp-image-106\" srcset=\"https:\/\/office.suud.ch\/wp-content\/uploads\/2019\/06\/PreGrundlagen.png 1009w, https:\/\/office.suud.ch\/wp-content\/uploads\/2019\/06\/PreGrundlagen-300x144.png 300w, https:\/\/office.suud.ch\/wp-content\/uploads\/2019\/06\/PreGrundlagen-768x368.png 768w\" sizes=\"(max-width: 1009px) 100vw, 1009px\" \/><figcaption>Abb.1: Typische Editiermodusansicht (Microsoft PowerPoint online)<\/figcaption><\/figure>\n\n\n\n<p>Die Abb.1 zeigt wie der Editiermodus in den meisten Pr\u00e4sentationsprogrammen aufgebaut ist. Unterhalb einer Men\u00fc-Zeile befindet sich in einem Hauptfenster die aktuelle, bearbeitbare Folie. In einer Seitenleiste ist eine \u00dcbersicht aller Folien zu sehen. Unter dem Hauptfenster befindet sich ein Textfeld f\u00fcr Notizen zu den einzelnen Folien. <\/p>\n\n\n\n<h3 class=\"wp-block-heading\">Hilfe<\/h3>\n\n\n\n<p>Praktisch jedes Pr\u00e4sentationsprogramms verf\u00fcgt \u00fcber eine eingebaute Hilfe. Diese ist in der Regel im Programmfenster in der oberen Men\u00fc-Leiste untergebracht und mit &#171;Hilfe&#187; oder &#171;?&#187; angeschrieben. Ebenso sind die meisten Pr\u00e4sentationsprogramme gut im Internet dokumentiert. Eine entsprechende Internetsuche, welche auch den Namen des Pr\u00e4sentationsprogramms enth\u00e4lt, f\u00fchrt h\u00e4ufig zur gew\u00fcnschten Antwort.<\/p>\n\n\n\n<div class=\"su-accordion su-u-trim\">\n<div class=\"su-spoiler su-spoiler-style-fancy su-spoiler-icon-plus su-spoiler-closed\" data-scroll-offset=\"0\" data-anchor-in-url=\"no\"><div class=\"su-spoiler-title\" tabindex=\"0\" role=\"button\"><span class=\"su-spoiler-icon\"><\/span>Zusatz: Pr\u00e4sentationsprogramme<\/div><div class=\"su-spoiler-content su-u-clearfix su-u-trim\">\nEine kleine \u00dcbersicht der g\u00e4ngigsten Pr\u00e4sentationsprogramme.<br>\n<h3>Folienbasierte Pr\u00e4sentationsprogramme<\/h3>\nOffline\n<ul><li><a target=\"_blank\" href=\"http:\/\/office.microsoft.com\/de-ch\/powerpoint\/\" rel=\"noopener noreferrer\">Microsoft PowerPoint<\/a> (Windows, macOS, kostenpflichtig)<\/li>\n<li><a target=\"_blank\" href=\"http:\/\/www.libreoffice.org\/discover\/impress\/\" rel=\"noopener noreferrer\">LibreOffice Impress<\/a> (Windows, macOS, Linux, gratis)<\/li><\/ul>\nOnline\n<ul><li><a target=\"_blank\" href=\"http:\/\/drive.google.com\/\" rel=\"noopener noreferrer\">Google Drive<\/a> (browserbasiert, plattformunabh\u00e4ngig, ben\u00f6tigt [gratis] Google-Konto)<\/li>\n<li><a target=\"_blank\" href=\"http:\/\/office.com\/\" rel=\"noopener noreferrer\">Windows Office Online<\/a> (browserbasiert, plattformunabh\u00e4ngig, ben\u00f6tigt [gratis] Microsoft-Konto)<\/li><\/ul>\n<h3>Zooming Presentation<\/h3>\n<a target=\"_blank\" href=\"http:\/\/prezi.com\/\" rel=\"noopener noreferrer\">Prezi<\/a> (browserbasiert oder auf Windows, macOS installierbar, gratis) verwendet satt mehrerer Folien ein einziges unendlich grosses Blatt. Dabei wird auf dem Blatt von Ort zu Ort optisch geschwenkt oder\/und gezoomt.\n<ul><li>Prezi eignet sich unser Meinung nach besonders f\u00fcr selbsterkl\u00e4rende, interaktive und multimediale Mindmaps.<\/li>\n<li>Gem\u00e4ss unserer Erfahrung lenken die eingebauten Schwenk- und Zoombewegungen in der Praxis h\u00e4ufig st\u00e4rker von der vortragenden Person und dem Inhalt ab, als dass diese die Verst\u00e4ndlichkeit des Inhalts zu unterst\u00fctzen verm\u00f6gen. Daher gehen wir in diesem Kurs nicht weiter auf die Besonderheiten von Prezi ein.<\/li><\/ul>\n<\/div><\/div>\n<\/div>\n\n\n\n<h2 class=\"wp-block-heading\">\u00dcbungen<\/h2>\n\n\n\n<div class=\"su-accordion su-u-trim\">\n<div class=\"su-spoiler su-spoiler-style-fancy su-spoiler-icon-plus su-spoiler-closed\" data-scroll-offset=\"0\" data-anchor-in-url=\"no\"><div class=\"su-spoiler-title\" tabindex=\"0\" role=\"button\"><span class=\"su-spoiler-icon\"><\/span>Maustasten \/ Touchpad<\/div><div class=\"su-spoiler-content su-u-clearfix su-u-trim\">\n<iframe src=\"https:\/\/learningapps.org\/watch?v=po6bwqjx216\" style=\"border:0px;width:100%;height:500px\" webkitallowfullscreen=\"true\" mozallowfullscreen=\"true\"><\/iframe>\n<\/div><\/div>\n<div class=\"su-spoiler su-spoiler-style-fancy su-spoiler-icon-plus su-spoiler-closed\" data-scroll-offset=\"0\" data-anchor-in-url=\"no\"><div class=\"su-spoiler-title\" tabindex=\"0\" role=\"button\"><span class=\"su-spoiler-icon\"><\/span>Hilfe<\/div><div class=\"su-spoiler-content su-u-clearfix su-u-trim\">\n<ol><li>Lass dir die Namen verschiedener Befehle im Pr\u00e4sentationsprogramm anzeigen, indem du den Mauszeiger &#8211; ohne zu klicken &#8211; auf ein Men\u00fc-Symbol f\u00e4hrst und etwas wartest (in den meisten Pr\u00e4sentationsprogrammen wird der Name des Befehls eingeblendet)<\/li>\n<li>Schlage den Gebrauch eines dieser Befehle in der eingebauten Hilfe nach.<\/li>\n<li>Recherchiere den Gebrauch dieses Befehls zus\u00e4tzlich im Internet.<br> <em>Tipp: Schreibe den Namen des Pr\u00e4sentationsprogramms mit in die Suchfrage.<\/em><\/li>\n<li>Vergleiche die beiden Erkl\u00e4rungen der eingebauten Hilfe und des Internet miteindander. Welche ist Hilfreicher? Wie m\u00f6chtest du in Zukunft bei solchen Fragen vorgehen?<\/li><\/ol>\n<\/div><\/div>\n<div class=\"su-spoiler su-spoiler-style-fancy su-spoiler-icon-plus su-spoiler-closed\" data-scroll-offset=\"0\" data-anchor-in-url=\"no\"><div class=\"su-spoiler-title\" tabindex=\"0\" role=\"button\"><span class=\"su-spoiler-icon\"><\/span>Vortragsnotizen<\/div><div class=\"su-spoiler-content su-u-clearfix su-u-trim\">\nSchlicht gestaltete Folien sind meistens nicht-selbsterkl\u00e4rend. Damit du oder andere Personen sp\u00e4ter wissen, was zu der Folie gesagt werden sollte oder worum es in der Folie geht, kannst du Notizen in die Notizfelder unter den einzelnen Folien schreiben. \n<ol><li>\u00d6ffne eine vorhandene Pr\u00e4sentation mit Inhalt.<\/li>\n<li>W\u00e4hle eine Folie. Steht bereits eine verst\u00e4ndliche Beschreibung im Notizfeld unter der Folie? Falls nicht, erg\u00e4nze die Notiz.<\/li><\/ol>\n<\/div><\/div>\n<\/div>\n\n\n\n<div style=\"height:20px\" aria-hidden=\"true\" class=\"wp-block-spacer\"><\/div>\n\n\n<p><a class=\"back_button\" href=\"https:\/\/office.suud.ch\/index.php\/preintro\/\">\u25c4&nbsp;&nbsp;Zur\u00fcck&nbsp;<\/a><\/p>","protected":false},"excerpt":{"rendered":"<p>Grundlagen Pr\u00e4sentationen eigenen sich dazu einen Vortrag zu unterst\u00fctzen oder einen Inhalt im Form eines multimedialen Pr\u00e4sentationsdokuments darzustellen. Ein Pr\u00e4sentationsprogramm erlaubt es solche Pr\u00e4sentationen mit wenigen Klicks zusammenzustellen. Ansicht eines typischen Pr\u00e4sentationsprogramms Die Abb.1 zeigt wie der Editiermodus in den meisten Pr\u00e4sentationsprogrammen aufgebaut ist. Unterhalb einer Men\u00fc-Zeile befindet sich in einem Hauptfenster die aktuelle, bearbeitbare [&hellip;]<\/p>\n","protected":false},"author":1,"featured_media":0,"parent":0,"menu_order":0,"comment_status":"open","ping_status":"closed","template":"","meta":{"footnotes":""},"_links":{"self":[{"href":"https:\/\/office.suud.ch\/index.php\/wp-json\/wp\/v2\/pages\/103"}],"collection":[{"href":"https:\/\/office.suud.ch\/index.php\/wp-json\/wp\/v2\/pages"}],"about":[{"href":"https:\/\/office.suud.ch\/index.php\/wp-json\/wp\/v2\/types\/page"}],"author":[{"embeddable":true,"href":"https:\/\/office.suud.ch\/index.php\/wp-json\/wp\/v2\/users\/1"}],"replies":[{"embeddable":true,"href":"https:\/\/office.suud.ch\/index.php\/wp-json\/wp\/v2\/comments?post=103"}],"version-history":[{"count":46,"href":"https:\/\/office.suud.ch\/index.php\/wp-json\/wp\/v2\/pages\/103\/revisions"}],"predecessor-version":[{"id":1218,"href":"https:\/\/office.suud.ch\/index.php\/wp-json\/wp\/v2\/pages\/103\/revisions\/1218"}],"wp:attachment":[{"href":"https:\/\/office.suud.ch\/index.php\/wp-json\/wp\/v2\/media?parent=103"}],"curies":[{"name":"wp","href":"https:\/\/api.w.org\/{rel}","templated":true}]}}