{"id":1090,"date":"2019-10-17T11:56:35","date_gmt":"2019-10-17T11:56:35","guid":{"rendered":"https:\/\/office.suud.ch\/?page_id=1090"},"modified":"2020-07-19T14:58:17","modified_gmt":"2020-07-19T14:58:17","slug":"tabbedingteformatierung","status":"publish","type":"page","link":"https:\/\/office.suud.ch\/index.php\/tabbedingteformatierung\/","title":{"rendered":"TabBedingteFormatierung"},"content":{"rendered":"\n<h1 class=\"wp-block-heading\">Bedingte Formatierung<\/h1>\n\n\n\n<p>Um Daten \u00fcbersichtlicher darzustellen, k\u00f6nnen diese in den Tabellen drin mit Hilfe von Farben, Balken oder Symbolen hervorgehoben werden (siehe Abb.1). Dies kann m\u00fchsam von Hand f\u00fcr jede Zelle einzeln gemacht werden oder viel praktischer mit Regeln, welche f\u00fcr einen ganzen Zellbereich festlegen, welcher Wert wie hervorgehoben werden soll. Solche Regeln zum Hervorheben von Zellen basierend auf ihren Werten werden als &#171;Bedingte Formatierung&#187; bezeichnet.<\/p>\n\n\n\n<div class=\"wp-block-image\"><figure class=\"aligncenter\"><img loading=\"lazy\" decoding=\"async\" width=\"508\" height=\"134\" src=\"https:\/\/office.suud.ch\/wp-content\/uploads\/2019\/10\/Farbskalen.png\" alt=\"\" class=\"wp-image-1091\" srcset=\"https:\/\/office.suud.ch\/wp-content\/uploads\/2019\/10\/Farbskalen.png 508w, https:\/\/office.suud.ch\/wp-content\/uploads\/2019\/10\/Farbskalen-300x79.png 300w\" sizes=\"(max-width: 508px) 100vw, 508px\" \/><figcaption>Abb.1: Bedingte Formatierung<\/figcaption><\/figure><\/div>\n\n\n\n<h2 class=\"wp-block-heading\">\u00dcbungen<\/h2>\n\n\n\n<div class=\"su-accordion su-u-trim\">\n<div class=\"su-spoiler su-spoiler-style-fancy su-spoiler-icon-plus su-spoiler-closed\" data-scroll-offset=\"0\" data-anchor-in-url=\"no\"><div class=\"su-spoiler-title\" tabindex=\"0\" role=\"button\"><span class=\"su-spoiler-icon\"><\/span>Bedingte Formatierung<\/div><div class=\"su-spoiler-content su-u-clearfix su-u-trim\">\n<ol>\n<li>\u00dcbernehme die nachfolgende Tabelle in dein Tabellenkalkulationsprogramm (per Copy-Paste, ganze Tabelle auf der Webseite markieren, in die Zwischenablage kopieren, eine Zelle im Tabellenkalkulationsprogramm ausw\u00e4hlen und einf\u00fcgen).<\/li>\n<li>Formatiere mit Hilfe der bedingten Formatierung die Zahlen in der Spalte &#171;Mittelwert&#187; so, dass alle Noten kleiner als 4 rot und alle Noten gr\u00f6sser gleich 4 gr\u00fcn hinterlegt werden. Recherchiere dazu im Internet wie du das mit deinem Tabellenkalkulationsprogramm bewerkstelligen kannst oder probiere einfach aus.<\/li>\n<li>Formatiere alle anderen Noten so, dass die 4.0 weiss hinterlegt wird, alle Noten gr\u00f6sser 4.0 hellgr\u00fcn (sofern das unterst\u00fctzt wird) und alle Noten kleiner als 4.0 hellrot oder orange (sofern das unterst\u00fctzt wird).<\/li>\n<li>Auch wenn es hier nicht so viel Sinn macht, entferne die bedingte Formatierung in der Spalte Mittelwert wieder und f\u00fcge per bedingter Formatierung Datenbalken hinzu (sofern das unterst\u00fctzt wird).<\/li>\n<li>F\u00fcge allen Noteneintr\u00e4gen 6.0 \u00fcber die bedingte Formatierung ein Symbol hinzu (sofern das unterst\u00fctzt wird).<\/li>\n<\/ol>\n\n<br>\n<h3>Vorlage mit Punkt-Dezimaltrennzeichen<\/h3><br>\n<table>\n<thead>\n<tr>\n<th>Name<\/th>\n<th>Note 1<\/th>\n<th>Note 2<\/th>\n<th>Note 3<\/th>\n<th>Note 4<\/th>\n<th>Note 5<\/th>\n<th>Mittelwert<\/th>\n<\/tr>\n<\/thead>\n<tbody>\n<tr>\n<td>Andrist Claudia<\/td>\n<td>3.5<\/td>\n<td>4.5<\/td>\n<td>3.0<\/td>\n<td>4.0<\/td>\n<td>4.0<\/td>\n<td>3.8<\/td>\n<\/tr>\n<tr>\n<td>Baer Sylvia<\/td>\n<td>4.0<\/td>\n<td>4.0<\/td>\n<td>4.0<\/td>\n<td>4.0<\/td>\n<td>4.5<\/td>\n<td>4.1<\/td>\n<\/tr>\n<tr>\n<td>Berger K\u00e4thy<\/td>\n<td>5.0<\/td>\n<td>4.0<\/td>\n<td>5.0<\/td>\n<td>4.5<\/td>\n<td>4.5<\/td>\n<td>4.6<\/td>\n<\/tr>\n<tr>\n<td>Beyeler Christine<\/td>\n<td>4.5<\/td>\n<td>5.0<\/td>\n<td>5.0<\/td>\n<td><\/td>\n<td>5.0<\/td>\n<td>4.9<\/td>\n<\/tr>\n<tr>\n<td>Bleuer Barbara<\/td>\n<td>5.5<\/td>\n<td>5.0<\/td>\n<td>5.5<\/td>\n<td>5.5<\/td>\n<td>5.0<\/td>\n<td>5.3<\/td>\n<\/tr>\n<tr>\n<td>Fuchs Dorothea<\/td>\n<td>5.0<\/td>\n<td>5.5<\/td>\n<td>6.0<\/td>\n<td>5.5<\/td>\n<td>5.5<\/td>\n<td>5.5<\/td>\n<\/tr>\n<tr>\n<td>Gardi Christina<\/td>\n<td>5.0<\/td>\n<td>5.5<\/td>\n<td>6.0<\/td>\n<td>3.5<\/td>\n<td>4.5<\/td>\n<td>4.9<\/td>\n<\/tr>\n<tr>\n<td>Gilgen Claudia<\/td>\n<td>4.5<\/td>\n<td>5.0<\/td>\n<td>5.0<\/td>\n<td>4.5<\/td>\n<td>3.5<\/td>\n<td>4.5<\/td>\n<\/tr>\n<tr>\n<td>R\u00f6thlisberger Myrian<\/td>\n<td>4.5<\/td>\n<td>4.0<\/td>\n<td>2.5<\/td>\n<td>4.0<\/td>\n<td>4.0<\/td>\n<td>3.8<\/td>\n<\/tr>\n<tr>\n<td>Bamert Christoph<\/td>\n<td>4.0<\/td>\n<td>3.5<\/td>\n<td>4.5<\/td>\n<td>3.0<\/td>\n<td>4.5<\/td>\n<td>3.9<\/td>\n<\/tr>\n<tr>\n<td>B\u00fchler Max<\/td>\n<td>4.0<\/td>\n<td>4.5<\/td>\n<td>4.5<\/td>\n<td>5.0<\/td>\n<td>5.0<\/td>\n<td>4.6<\/td>\n<\/tr>\n<tr>\n<td>Mauerhofer Peter<\/td>\n<td>3.5<\/td>\n<td>4.0<\/td>\n<td>4.5<\/td>\n<td>5.5<\/td>\n<td>4.5<\/td>\n<td>4.4<\/td>\n<\/tr>\n<tr>\n<td>Pfund Andreas<\/td>\n<td>5.0<\/td>\n<td>5.5<\/td>\n<td>5.0<\/td>\n<td>4.5<\/td>\n<td>5.0<\/td>\n<td>5.0<\/td>\n<\/tr>\n<tr>\n<td>Rohrer Rolf<\/td>\n<td>5.0<\/td>\n<td>5.5<\/td>\n<td>4.5<\/td>\n<td>5.0<\/td>\n<td>4.5<\/td>\n<td>4.9<\/td>\n<\/tr>\n<tr>\n<td>Zimmermann Karin<\/td>\n<td>2.5<\/td>\n<td>4.0<\/td>\n<td>2.5<\/td>\n<td>3.0<\/td>\n<td>4.0<\/td>\n<td>3.2<\/td>\n<\/tr>\n<\/tbody>\n<\/table>\n\n<br>\n<h3>Vorlage mit Komma-Dezimaltrennzeichen<\/h3><br>\n<table>\n<thead>\n<tr>\n<th>Name<\/th>\n<th>Note 1<\/th>\n<th>Note 2<\/th>\n<th>Note 3<\/th>\n<th>Note 4<\/th>\n<th>Note 5<\/th>\n<th>Mittelwert<\/th>\n<\/tr>\n<\/thead>\n<tbody>\n<tr>\n<td>Andrist Claudia<\/td>\n<td>3,5<\/td>\n<td>4,5<\/td>\n<td>3,0<\/td>\n<td>4,0<\/td>\n<td>4,0<\/td>\n<td>3,8<\/td>\n<\/tr>\n<tr>\n<td>Baer Sylvia<\/td>\n<td>4,0<\/td>\n<td>4,0<\/td>\n<td>4,0<\/td>\n<td>4,0<\/td>\n<td>4,5<\/td>\n<td>4,1<\/td>\n<\/tr>\n<tr>\n<td>Berger K\u00e4thy<\/td>\n<td>5,0<\/td>\n<td>4,0<\/td>\n<td>5,0<\/td>\n<td>4,5<\/td>\n<td>4,5<\/td>\n<td>4,6<\/td>\n<\/tr>\n<tr>\n<td>Beyeler Christine<\/td>\n<td>4,5<\/td>\n<td>5,0<\/td>\n<td>5,0<\/td>\n<td><\/td>\n<td>5,0<\/td>\n<td>4,9<\/td>\n<\/tr>\n<tr>\n<td>Bleuer Barbara<\/td>\n<td>5,5<\/td>\n<td>5,0<\/td>\n<td>5,5<\/td>\n<td>5,5<\/td>\n<td>5,0<\/td>\n<td>5,3<\/td>\n<\/tr>\n<tr>\n<td>Fuchs Dorothea<\/td>\n<td>5,0<\/td>\n<td>5,5<\/td>\n<td>6,0<\/td>\n<td>5,5<\/td>\n<td>5,5<\/td>\n<td>5,5<\/td>\n<\/tr>\n<tr>\n<td>Gardi Christina<\/td>\n<td>5,0<\/td>\n<td>5,5<\/td>\n<td>6,0<\/td>\n<td>3,5<\/td>\n<td>4,5<\/td>\n<td>4,9<\/td>\n<\/tr>\n<tr>\n<td>Gilgen Claudia<\/td>\n<td>4,5<\/td>\n<td>5,0<\/td>\n<td>5,0<\/td>\n<td>4,5<\/td>\n<td>3,5<\/td>\n<td>4,5<\/td>\n<\/tr>\n<tr>\n<td>R\u00f6thlisberger Myrian<\/td>\n<td>4,5<\/td>\n<td>4,0<\/td>\n<td>2,5<\/td>\n<td>4,0<\/td>\n<td>4,0<\/td>\n<td>3,8<\/td>\n<\/tr>\n<tr>\n<td>Bamert Christoph<\/td>\n<td>4,0<\/td>\n<td>3,5<\/td>\n<td>4,5<\/td>\n<td>3,0<\/td>\n<td>4,5<\/td>\n<td>3,9<\/td>\n<\/tr>\n<tr>\n<td>B\u00fchler Max<\/td>\n<td>4,0<\/td>\n<td>4,5<\/td>\n<td>4,5<\/td>\n<td>5,0<\/td>\n<td>5,0<\/td>\n<td>4,6<\/td>\n<\/tr>\n<tr>\n<td>Mauerhofer Peter<\/td>\n<td>3,5<\/td>\n<td>4,0<\/td>\n<td>4,5<\/td>\n<td>5,5<\/td>\n<td>4,5<\/td>\n<td>4,4<\/td>\n<\/tr>\n<tr>\n<td>Pfund Andreas<\/td>\n<td>5,0<\/td>\n<td>5,5<\/td>\n<td>5,0<\/td>\n<td>4,5<\/td>\n<td>5,0<\/td>\n<td>5,0<\/td>\n<\/tr>\n<tr>\n<td>Rohrer Rolf<\/td>\n<td>5,0<\/td>\n<td>5,5<\/td>\n<td>4,5<\/td>\n<td>5,0<\/td>\n<td>4,5<\/td>\n<td>4,9<\/td>\n<\/tr>\n<tr>\n<td>Zimmermann Karin<\/td>\n<td>2,5<\/td>\n<td>4,0<\/td>\n<td>2,5<\/td>\n<td>3,0<\/td>\n<td>4,0<\/td>\n<td>3,2<\/td>\n<\/tr>\n<\/tbody>\n<\/table>\n<\/div><\/div>\n<\/div>\n\n\n\n<h2 class=\"wp-block-heading\">Umsetzungstipps<\/h2>\n\n\n\n<div class=\"su-accordion su-u-trim\">\n<div class=\"su-spoiler su-spoiler-style-fancy su-spoiler-icon-plus su-spoiler-closed\" data-scroll-offset=\"0\" data-anchor-in-url=\"no\"><div class=\"su-spoiler-title\" tabindex=\"0\" role=\"button\"><span class=\"su-spoiler-icon\"><\/span>Microsoft Excel<\/div><div class=\"su-spoiler-content su-u-clearfix su-u-trim\">\n<p>Wird in Microsoft Excel auf Windows ein Zellbereich markiert, der sich f\u00fcr ein Diagramm eignet, so erscheint automatisch unten rechts am markierten Bereich ein Symbol &#8211; die Schnellanalyse. Ein Klick auf die Schnellanalyse erlaubt es mit wenigen Klicks eine passende bedingte Formatierung in der Sektion &#171;Formatiertung&#187; auszuw\u00e4hlen. In Microsoft Excel auf mac OS gibt es leider keine Schnellanalysenfunktion.<\/p>\n<p>In Microsoft Excel k\u00f6nnen mehrere Regeln nacheinander zugewiesen werden. Wird einem Zellbereich zum zweiten Mal eine Regel zugewiesen, dann wird zuerst die zuerst zugewiesene Regel ausgef\u00fchrt und danach die zweite. In der Ansicht &#171;Regeln verwalten&#187; wird die Reihenfolge der Regeln angezeigt. Die zuerst zugewiesene Regel steht unten und dar\u00fcber die danach zugewiesene Regel. D.h. zuerst wird die unterste Regel ausgef\u00fchrt, dann die dar\u00fcber liegende etc.<\/p>\n<\/div><\/div>\n<div class=\"su-spoiler su-spoiler-style-fancy su-spoiler-icon-plus su-spoiler-closed\" data-scroll-offset=\"0\" data-anchor-in-url=\"no\"><div class=\"su-spoiler-title\" tabindex=\"0\" role=\"button\"><span class=\"su-spoiler-icon\"><\/span>Microsoft Excel online<\/div><div class=\"su-spoiler-content su-u-clearfix su-u-trim\">\n<p>In Microsoft Excel online gibt es keine &#171;Verwaltung&#187; f\u00fcr das Einf\u00fcgen mehrerer Regeln. Trotzdem k\u00f6nnen mehrere Regeln zugewiesen werden. Wird einem Zellbereich zum zweiten Mal eine Regel zugewiesen, dann wird zuerst die zuerst zugewiesene Regel ausgef\u00fchrt und danach die zweite.<\/p>\n<\/div><\/div>\n<div class=\"su-spoiler su-spoiler-style-fancy su-spoiler-icon-plus su-spoiler-closed\" data-scroll-offset=\"0\" data-anchor-in-url=\"no\"><div class=\"su-spoiler-title\" tabindex=\"0\" role=\"button\"><span class=\"su-spoiler-icon\"><\/span>Google Tabellen<\/div><div class=\"su-spoiler-content su-u-clearfix su-u-trim\">\n<p>Zugewiesene Regeln werden in einer Seitenleiste angezeigt. Es wird immer zuerst die unterste Regel ausgef\u00fchrt, dann die dar\u00fcber liegende etc.<\/p>\n<\/div><\/div>\n<div class=\"su-spoiler su-spoiler-style-fancy su-spoiler-icon-plus su-spoiler-closed\" data-scroll-offset=\"0\" data-anchor-in-url=\"no\"><div class=\"su-spoiler-title\" tabindex=\"0\" role=\"button\"><span class=\"su-spoiler-icon\"><\/span>LibreOffice Calc<\/div><div class=\"su-spoiler-content su-u-clearfix su-u-trim\">\n<p>Zugewiesene Regeln werden in einem Fenster angezeigt. Es wird immer zuerst die unterste Regel ausgef\u00fchrt, dann die dar\u00fcber liegende etc.<\/p>\n<\/div><\/div>\n<\/div>\n\n\n<p><a class=\"back_button\" href=\"https:\/\/office.suud.ch\/index.php\/tabintro\/\">\u25c4&nbsp;&nbsp;Zur\u00fcck&nbsp;<\/a><\/p>","protected":false},"excerpt":{"rendered":"<p>Bedingte Formatierung Um Daten \u00fcbersichtlicher darzustellen, k\u00f6nnen diese in den Tabellen drin mit Hilfe von Farben, Balken oder Symbolen hervorgehoben werden (siehe Abb.1). Dies kann m\u00fchsam von Hand f\u00fcr jede Zelle einzeln gemacht werden oder viel praktischer mit Regeln, welche f\u00fcr einen ganzen Zellbereich festlegen, welcher Wert wie hervorgehoben werden soll. Solche Regeln zum Hervorheben [&hellip;]<\/p>\n","protected":false},"author":1,"featured_media":0,"parent":0,"menu_order":0,"comment_status":"open","ping_status":"closed","template":"","meta":{"footnotes":""},"_links":{"self":[{"href":"https:\/\/office.suud.ch\/index.php\/wp-json\/wp\/v2\/pages\/1090"}],"collection":[{"href":"https:\/\/office.suud.ch\/index.php\/wp-json\/wp\/v2\/pages"}],"about":[{"href":"https:\/\/office.suud.ch\/index.php\/wp-json\/wp\/v2\/types\/page"}],"author":[{"embeddable":true,"href":"https:\/\/office.suud.ch\/index.php\/wp-json\/wp\/v2\/users\/1"}],"replies":[{"embeddable":true,"href":"https:\/\/office.suud.ch\/index.php\/wp-json\/wp\/v2\/comments?post=1090"}],"version-history":[{"count":8,"href":"https:\/\/office.suud.ch\/index.php\/wp-json\/wp\/v2\/pages\/1090\/revisions"}],"predecessor-version":[{"id":1274,"href":"https:\/\/office.suud.ch\/index.php\/wp-json\/wp\/v2\/pages\/1090\/revisions\/1274"}],"wp:attachment":[{"href":"https:\/\/office.suud.ch\/index.php\/wp-json\/wp\/v2\/media?parent=1090"}],"curies":[{"name":"wp","href":"https:\/\/api.w.org\/{rel}","templated":true}]}}