{"id":1106,"date":"2019-10-17T16:06:08","date_gmt":"2019-10-17T16:06:08","guid":{"rendered":"https:\/\/office.suud.ch\/?page_id=1106"},"modified":"2020-07-19T15:01:04","modified_gmt":"2020-07-19T15:01:04","slug":"tabdrucken","status":"publish","type":"page","link":"https:\/\/office.suud.ch\/index.php\/tabdrucken\/","title":{"rendered":"TabDrucken"},"content":{"rendered":"\n<h1 class=\"wp-block-heading\">Tabellen drucken<\/h1>\n\n\n\n<p>Der prim\u00e4re Zweck einer Tabellenkalkulation liegt nicht darin  \u201ePrintprodukte\u201c zu erzeugen. Das sieht man schon daran, dass die  Tabellenbl\u00e4tter einer Tabellenkalkulation nicht auf A4 oder andere  Papierformate eingeschr\u00e4nkt sind, sondern tausende von Spalten und  Zeilen enthalten k\u00f6nnen. Eine kleine Tabelle mit wenigen Zeilen und Spalten kann vern\u00fcnftig ausgedruckt werden. F\u00fcr umfangreichere Tabellen eignet sich eine elektronische Weitergabe besser. <\/p>\n\n\n\n<p>Wenn dennoch eine gr\u00f6ssere Tabelle gedruckt werden soll, so muss daf\u00fcr gesorgt werden, dass diese einigermassen brauchbar auf Druckseiten umgebrochen wird. Daf\u00fcr stellen die meisten Tabellenkalkulationsprogramme eine Seitenansicht zur Verf\u00fcgung, welche aufzeigt, wie Zeilen und Spalten auf die einzelnen Bl\u00e4tter umgebrochen werden.<\/p>\n\n\n\n<p><em>Tipp<\/em>: Um einen Eindruck zu bekommen, wie eine gedruckte Tabelle am Ende tats\u00e4chlich aussieht, kann vor dem Ausdruck eine PDF-Datei erstellt werden.<\/p>\n\n\n\n<h2 class=\"wp-block-heading\">\u00dcbungen<\/h2>\n\n\n\n<div class=\"su-accordion su-u-trim\">\n<div class=\"su-spoiler su-spoiler-style-fancy su-spoiler-icon-plus su-spoiler-closed\" data-scroll-offset=\"0\" data-anchor-in-url=\"no\"><div class=\"su-spoiler-title\" tabindex=\"0\" role=\"button\"><span class=\"su-spoiler-icon\"><\/span>Tabelle \u2192 PDF<\/div><div class=\"su-spoiler-content su-u-clearfix su-u-trim\">\n<ol>\n<li>\u00dcbernehme die nachfolgende Tabelle in dein Tabellenkalkulationsprogramm (per Copy-Paste, ganze Tabelle auf der Webseite markieren, in die Zwischenablage kopieren, eine Zelle im Tabellenkalkulationsprogramm ausw\u00e4hlen und einf\u00fcgen).<br><br><i>Hinweis<\/i>: Es kann sein, dass nach dem Kopieren nicht alle Zeiten in einem korrekten Zeitformat angezeigt werden, dann einfach die Spalte markieren und den Datentyp Zeit zuweisen.<\/li>\n<li>Wandle die Tabelle in eine vern\u00fcnftige PDF-Datei um. Passe dazu allenfalls die Spaltenbreiten, Zeilenh\u00f6hen und das Seitenformat entsprechend an.<\/li>\n<\/ol>\n<h3>Vorlage<\/h3>\n<table>\n<thead>\n<tr>\n<th>Startnummer<\/th>\n<th>Vorname<\/th>\n<th>Nachname<\/th>\n<th>Jahrgang<\/th>\n<th>Zeit<\/th>\n<\/tr>\n<\/thead>\n<tbody>\n<tr>\n<td>1<\/td>\n<td>Felix<\/td>\n<td>Muster1<\/td>\n<td>2002<\/td>\n<td>06:08:33<\/td>\n<\/tr>\n<tr>\n<td>2<\/td>\n<td>Felix<\/td>\n<td>Muster2<\/td>\n<td>2002<\/td>\n<td>06:44:24<\/td>\n<\/tr>\n<tr>\n<td>3<\/td>\n<td>Felix<\/td>\n<td>Muster3<\/td>\n<td>2002<\/td>\n<td>06:22:86<\/td>\n<\/tr>\n<tr>\n<td>4<\/td>\n<td>Felix<\/td>\n<td>Muster4<\/td>\n<td>2002<\/td>\n<td>06:01:00<\/td>\n<\/tr>\n<tr>\n<td>5<\/td>\n<td>Felix<\/td>\n<td>Muster5<\/td>\n<td>2002<\/td>\n<td>07:11:17<\/td>\n<\/tr>\n<tr>\n<td>6<\/td>\n<td>Felix<\/td>\n<td>Muster6<\/td>\n<td>2002<\/td>\n<td>06:58:95<\/td>\n<\/tr>\n<tr>\n<td>7<\/td>\n<td>Felix<\/td>\n<td>Muster7<\/td>\n<td>2002<\/td>\n<td>06:12:78<\/td>\n<\/tr>\n<tr>\n<td>8<\/td>\n<td>Felix<\/td>\n<td>Muster8<\/td>\n<td>2002<\/td>\n<td>06:15:18<\/td>\n<\/tr>\n<tr>\n<td>9<\/td>\n<td>Felix<\/td>\n<td>Muster9<\/td>\n<td>2002<\/td>\n<td>06:13:79<\/td>\n<\/tr>\n<tr>\n<td>10<\/td>\n<td>Felix<\/td>\n<td>Muster10<\/td>\n<td>2002<\/td>\n<td>05:58:72<\/td>\n<\/tr>\n<tr>\n<td>11<\/td>\n<td>Felix<\/td>\n<td>Muster11<\/td>\n<td>2002<\/td>\n<td>07:18:03<\/td>\n<\/tr>\n<tr>\n<td>12<\/td>\n<td>Felix<\/td>\n<td>Muster12<\/td>\n<td>2002<\/td>\n<td>06:08:33<\/td>\n<\/tr>\n<tr>\n<td>13<\/td>\n<td>Felix<\/td>\n<td>Muster13<\/td>\n<td>2002<\/td>\n<td>06:44:24<\/td>\n<\/tr>\n<tr>\n<td>14<\/td>\n<td>Felix<\/td>\n<td>Muster14<\/td>\n<td>2002<\/td>\n<td>06:22:86<\/td>\n<\/tr>\n<tr>\n<td>15<\/td>\n<td>Felix<\/td>\n<td>Muster15<\/td>\n<td>2002<\/td>\n<td>06:01:00<\/td>\n<\/tr>\n<tr>\n<td>16<\/td>\n<td>Felix<\/td>\n<td>Muster16<\/td>\n<td>2002<\/td>\n<td>07:11:17<\/td>\n<\/tr>\n<tr>\n<td>17<\/td>\n<td>Felix<\/td>\n<td>Muster17<\/td>\n<td>2002<\/td>\n<td>06:58:95<\/td>\n<\/tr>\n<tr>\n<td>18<\/td>\n<td>Felix<\/td>\n<td>Muster18<\/td>\n<td>2002<\/td>\n<td>06:12:78<\/td>\n<\/tr>\n<tr>\n<td>19<\/td>\n<td>Felix<\/td>\n<td>Muster19<\/td>\n<td>2002<\/td>\n<td>06:15:18<\/td>\n<\/tr>\n<tr>\n<td>20<\/td>\n<td>Felix<\/td>\n<td>Muster20<\/td>\n<td>2002<\/td>\n<td>06:13:79<\/td>\n<\/tr>\n<tr>\n<td>21<\/td>\n<td>Felix<\/td>\n<td>Muster21<\/td>\n<td>2002<\/td>\n<td>05:58:72<\/td>\n<\/tr>\n<tr>\n<td>22<\/td>\n<td>Felix<\/td>\n<td>Muster22<\/td>\n<td>2002<\/td>\n<td>07:18:03<\/td>\n<\/tr>\n<tr>\n<td>23<\/td>\n<td>Felix<\/td>\n<td>Muster23<\/td>\n<td>2002<\/td>\n<td>06:08:33<\/td>\n<\/tr>\n<tr>\n<td>24<\/td>\n<td>Felix<\/td>\n<td>Muster24<\/td>\n<td>2002<\/td>\n<td>06:44:24<\/td>\n<\/tr>\n<tr>\n<td>25<\/td>\n<td>Felix<\/td>\n<td>Muster25<\/td>\n<td>2002<\/td>\n<td>06:22:86<\/td>\n<\/tr>\n<tr>\n<td>26<\/td>\n<td>Felix<\/td>\n<td>Muster26<\/td>\n<td>2002<\/td>\n<td>06:01:00<\/td>\n<\/tr>\n<tr>\n<td>27<\/td>\n<td>Felix<\/td>\n<td>Muster27<\/td>\n<td>2002<\/td>\n<td>07:11:17<\/td>\n<\/tr>\n<tr>\n<td>28<\/td>\n<td>Felix<\/td>\n<td>Muster28<\/td>\n<td>2002<\/td>\n<td>06:58:95<\/td>\n<\/tr>\n<tr>\n<td>29<\/td>\n<td>Felix<\/td>\n<td>Muster29<\/td>\n<td>2002<\/td>\n<td>06:12:78<\/td>\n<\/tr>\n<tr>\n<td>30<\/td>\n<td>Felix<\/td>\n<td>Muster30<\/td>\n<td>2002<\/td>\n<td>06:15:18<\/td>\n<\/tr>\n<tr>\n<td>31<\/td>\n<td>Felix<\/td>\n<td>Muster31<\/td>\n<td>2002<\/td>\n<td>06:13:79<\/td>\n<\/tr>\n<tr>\n<td>32<\/td>\n<td>Felix<\/td>\n<td>Muster32<\/td>\n<td>2002<\/td>\n<td>05:58:72<\/td>\n<\/tr>\n<tr>\n<td>33<\/td>\n<td>Felix<\/td>\n<td>Muster33<\/td>\n<td>2002<\/td>\n<td>07:18:03<\/td>\n<\/tr>\n<tr>\n<td>34<\/td>\n<td>Felix<\/td>\n<td>Muster34<\/td>\n<td>2002<\/td>\n<td>06:08:33<\/td>\n<\/tr>\n<tr>\n<td>35<\/td>\n<td>Felix<\/td>\n<td>Muster35<\/td>\n<td>2002<\/td>\n<td>06:44:24<\/td>\n<\/tr>\n<tr>\n<td>36<\/td>\n<td>Felix<\/td>\n<td>Muster36<\/td>\n<td>2002<\/td>\n<td>06:22:86<\/td>\n<\/tr>\n<tr>\n<td>37<\/td>\n<td>Felix<\/td>\n<td>Muster37<\/td>\n<td>2002<\/td>\n<td>06:01:00<\/td>\n<\/tr>\n<tr>\n<td>38<\/td>\n<td>Felix<\/td>\n<td>Muster38<\/td>\n<td>2002<\/td>\n<td>07:11:17<\/td>\n<\/tr>\n<tr>\n<td>39<\/td>\n<td>Felix<\/td>\n<td>Muster39<\/td>\n<td>2002<\/td>\n<td>06:58:95<\/td>\n<\/tr>\n<tr>\n<td>40<\/td>\n<td>Felix<\/td>\n<td>Muster40<\/td>\n<td>2002<\/td>\n<td>06:12:78<\/td>\n<\/tr>\n<tr>\n<td>41<\/td>\n<td>Felix<\/td>\n<td>Muster41<\/td>\n<td>2002<\/td>\n<td>06:15:18<\/td>\n<\/tr>\n<tr>\n<td>42<\/td>\n<td>Felix<\/td>\n<td>Muster42<\/td>\n<td>2002<\/td>\n<td>06:13:79<\/td>\n<\/tr>\n<tr>\n<td>43<\/td>\n<td>Felix<\/td>\n<td>Muster43<\/td>\n<td>2002<\/td>\n<td>05:58:72<\/td>\n<\/tr>\n<tr>\n<td>44<\/td>\n<td>Felix<\/td>\n<td>Muster44<\/td>\n<td>2002<\/td>\n<td>07:18:03<\/td>\n<\/tr>\n<tr>\n<td>45<\/td>\n<td>Felix<\/td>\n<td>Muster45<\/td>\n<td>2002<\/td>\n<td>06:08:33<\/td>\n<\/tr>\n<tr>\n<td>46<\/td>\n<td>Felix<\/td>\n<td>Muster46<\/td>\n<td>2002<\/td>\n<td>06:44:24<\/td>\n<\/tr>\n<tr>\n<td>47<\/td>\n<td>Felix<\/td>\n<td>Muster47<\/td>\n<td>2002<\/td>\n<td>06:22:86<\/td>\n<\/tr>\n<tr>\n<td>48<\/td>\n<td>Felix<\/td>\n<td>Muster48<\/td>\n<td>2002<\/td>\n<td>06:01:00<\/td>\n<\/tr>\n<tr>\n<td>49<\/td>\n<td>Felix<\/td>\n<td>Muster49<\/td>\n<td>2002<\/td>\n<td>07:11:17<\/td>\n<\/tr>\n<tr>\n<td>50<\/td>\n<td>Felix<\/td>\n<td>Muster50<\/td>\n<td>2002<\/td>\n<td>06:58:95<\/td>\n<\/tr>\n<tr>\n<td>51<\/td>\n<td>Felix<\/td>\n<td>Muster51<\/td>\n<td>2002<\/td>\n<td>06:12:78<\/td>\n<\/tr>\n<tr>\n<td>52<\/td>\n<td>Felix<\/td>\n<td>Muster52<\/td>\n<td>2002<\/td>\n<td>06:15:18<\/td>\n<\/tr>\n<tr>\n<td>53<\/td>\n<td>Felix<\/td>\n<td>Muster53<\/td>\n<td>2002<\/td>\n<td>06:13:79<\/td>\n<\/tr>\n<tr>\n<td>54<\/td>\n<td>Felix<\/td>\n<td>Muster54<\/td>\n<td>2002<\/td>\n<td>05:58:72<\/td>\n<\/tr>\n<tr>\n<td>55<\/td>\n<td>Felix<\/td>\n<td>Muster55<\/td>\n<td>2002<\/td>\n<td>07:18:03<\/td>\n<\/tr>\n<tr>\n<td>56<\/td>\n<td>Felix<\/td>\n<td>Muster56<\/td>\n<td>2002<\/td>\n<td>06:08:33<\/td>\n<\/tr>\n<tr>\n<td>57<\/td>\n<td>Felix<\/td>\n<td>Muster57<\/td>\n<td>2002<\/td>\n<td>06:44:24<\/td>\n<\/tr>\n<tr>\n<td>58<\/td>\n<td>Felix<\/td>\n<td>Muster58<\/td>\n<td>2002<\/td>\n<td>06:22:86<\/td>\n<\/tr>\n<tr>\n<td>59<\/td>\n<td>Felix<\/td>\n<td>Muster59<\/td>\n<td>2002<\/td>\n<td>06:01:00<\/td>\n<\/tr>\n<tr>\n<td>60<\/td>\n<td>Felix<\/td>\n<td>Muster60<\/td>\n<td>2002<\/td>\n<td>07:11:17<\/td>\n<\/tr>\n<tr>\n<td>61<\/td>\n<td>Felix<\/td>\n<td>Muster61<\/td>\n<td>2002<\/td>\n<td>06:58:95<\/td>\n<\/tr>\n<tr>\n<td>62<\/td>\n<td>Felix<\/td>\n<td>Muster62<\/td>\n<td>2002<\/td>\n<td>06:12:78<\/td>\n<\/tr>\n<tr>\n<td>63<\/td>\n<td>Felix<\/td>\n<td>Muster63<\/td>\n<td>2002<\/td>\n<td>06:15:18<\/td>\n<\/tr>\n<tr>\n<td>64<\/td>\n<td>Felix<\/td>\n<td>Muster64<\/td>\n<td>2002<\/td>\n<td>06:13:79<\/td>\n<\/tr>\n<tr>\n<td>65<\/td>\n<td>Felix<\/td>\n<td>Muster65<\/td>\n<td>2002<\/td>\n<td>05:58:72<\/td>\n<\/tr>\n<tr>\n<td>66<\/td>\n<td>Felix<\/td>\n<td>Muster66<\/td>\n<td>2002<\/td>\n<td>07:18:03<\/td>\n<\/tr>\n<tr>\n<td>67<\/td>\n<td>Felix<\/td>\n<td>Muster67<\/td>\n<td>2002<\/td>\n<td>06:08:33<\/td>\n<\/tr>\n<tr>\n<td>68<\/td>\n<td>Felix<\/td>\n<td>Muster68<\/td>\n<td>2002<\/td>\n<td>06:44:24<\/td>\n<\/tr>\n<tr>\n<td>69<\/td>\n<td>Felix<\/td>\n<td>Muster69<\/td>\n<td>2002<\/td>\n<td>06:22:86<\/td>\n<\/tr>\n<tr>\n<td>70<\/td>\n<td>Felix<\/td>\n<td>Muster70<\/td>\n<td>2002<\/td>\n<td>06:01:00<\/td>\n<\/tr>\n<tr>\n<td>71<\/td>\n<td>Felix<\/td>\n<td>Muster71<\/td>\n<td>2002<\/td>\n<td>07:11:17<\/td>\n<\/tr>\n<tr>\n<td>72<\/td>\n<td>Felix<\/td>\n<td>Muster72<\/td>\n<td>2002<\/td>\n<td>06:58:95<\/td>\n<\/tr>\n<tr>\n<td>73<\/td>\n<td>Felix<\/td>\n<td>Muster73<\/td>\n<td>2002<\/td>\n<td>06:12:78<\/td>\n<\/tr>\n<tr>\n<td>74<\/td>\n<td>Felix<\/td>\n<td>Muster74<\/td>\n<td>2002<\/td>\n<td>06:15:18<\/td>\n<\/tr>\n<tr>\n<td>75<\/td>\n<td>Felix<\/td>\n<td>Muster75<\/td>\n<td>2002<\/td>\n<td>06:13:79<\/td>\n<\/tr>\n<tr>\n<td>76<\/td>\n<td>Felix<\/td>\n<td>Muster76<\/td>\n<td>2002<\/td>\n<td>05:58:72<\/td>\n<\/tr>\n<tr>\n<td>77<\/td>\n<td>Felix<\/td>\n<td>Muster77<\/td>\n<td>2002<\/td>\n<td>07:18:03<\/td>\n<\/tr>\n<\/tbody>\n<\/table>\n<\/div><\/div>\n<\/div>\n\n\n\n<h2 class=\"wp-block-heading\">Umsetzungstipps<\/h2>\n\n\n\n<div class=\"su-accordion su-u-trim\">\n<div class=\"su-spoiler su-spoiler-style-fancy su-spoiler-icon-plus su-spoiler-closed\" data-scroll-offset=\"0\" data-anchor-in-url=\"no\"><div class=\"su-spoiler-title\" tabindex=\"0\" role=\"button\"><span class=\"su-spoiler-icon\"><\/span>Microsoft Excel<\/div><div class=\"su-spoiler-content su-u-clearfix su-u-trim\">\n<p>In Microsoft Excel gibt es Ansichten f\u00fcr das Seitenlayout und eine Umbruchsvorschau.<\/p>\n<\/div><\/div>\n<div class=\"su-spoiler su-spoiler-style-fancy su-spoiler-icon-plus su-spoiler-closed\" data-scroll-offset=\"0\" data-anchor-in-url=\"no\"><div class=\"su-spoiler-title\" tabindex=\"0\" role=\"button\"><span class=\"su-spoiler-icon\"><\/span>Microsoft Excel online<\/div><div class=\"su-spoiler-content su-u-clearfix su-u-trim\">\n<p>In Microsoft Excel online wird \u00fcber den Befehl &#171;Drucken&#187; ein f\u00fcr den Durck geeignetes PDF-File erzeugt.<\/p>\n<\/div><\/div>\n<div class=\"su-spoiler su-spoiler-style-fancy su-spoiler-icon-plus su-spoiler-closed\" data-scroll-offset=\"0\" data-anchor-in-url=\"no\"><div class=\"su-spoiler-title\" tabindex=\"0\" role=\"button\"><span class=\"su-spoiler-icon\"><\/span>Google Tabellen<\/div><div class=\"su-spoiler-content su-u-clearfix su-u-trim\">\n<p>In Google Tabellen wird \u00fcber den Befehl &#171;Drucken&#187; ein f\u00fcr den Druck geeignetes PDF-File erzeugt.<\/p>\n<\/div><\/div>\n<div class=\"su-spoiler su-spoiler-style-fancy su-spoiler-icon-plus su-spoiler-closed\" data-scroll-offset=\"0\" data-anchor-in-url=\"no\"><div class=\"su-spoiler-title\" tabindex=\"0\" role=\"button\"><span class=\"su-spoiler-icon\"><\/span>LibreOffice Calc<\/div><div class=\"su-spoiler-content su-u-clearfix su-u-trim\">\n<p>In LibreOffice Calc ist es im Men\u00fc &#171;Ansicht&#187; m\u00f6glich sich die Seitenumbr\u00fcche in der Tabelle anzeigen zu lassen.<\/p>\n<\/div><\/div>\n<\/div>\n\n\n<p><a class=\"back_button\" href=\"https:\/\/office.suud.ch\/index.php\/tabintro\/\">\u25c4&nbsp;&nbsp;Zur\u00fcck&nbsp;<\/a><\/p>","protected":false},"excerpt":{"rendered":"<p>Tabellen drucken Der prim\u00e4re Zweck einer Tabellenkalkulation liegt nicht darin \u201ePrintprodukte\u201c zu erzeugen. Das sieht man schon daran, dass die Tabellenbl\u00e4tter einer Tabellenkalkulation nicht auf A4 oder andere Papierformate eingeschr\u00e4nkt sind, sondern tausende von Spalten und Zeilen enthalten k\u00f6nnen. Eine kleine Tabelle mit wenigen Zeilen und Spalten kann vern\u00fcnftig ausgedruckt werden. F\u00fcr umfangreichere Tabellen eignet [&hellip;]<\/p>\n","protected":false},"author":1,"featured_media":0,"parent":0,"menu_order":0,"comment_status":"open","ping_status":"closed","template":"","meta":{"footnotes":""},"_links":{"self":[{"href":"https:\/\/office.suud.ch\/index.php\/wp-json\/wp\/v2\/pages\/1106"}],"collection":[{"href":"https:\/\/office.suud.ch\/index.php\/wp-json\/wp\/v2\/pages"}],"about":[{"href":"https:\/\/office.suud.ch\/index.php\/wp-json\/wp\/v2\/types\/page"}],"author":[{"embeddable":true,"href":"https:\/\/office.suud.ch\/index.php\/wp-json\/wp\/v2\/users\/1"}],"replies":[{"embeddable":true,"href":"https:\/\/office.suud.ch\/index.php\/wp-json\/wp\/v2\/comments?post=1106"}],"version-history":[{"count":10,"href":"https:\/\/office.suud.ch\/index.php\/wp-json\/wp\/v2\/pages\/1106\/revisions"}],"predecessor-version":[{"id":1275,"href":"https:\/\/office.suud.ch\/index.php\/wp-json\/wp\/v2\/pages\/1106\/revisions\/1275"}],"wp:attachment":[{"href":"https:\/\/office.suud.ch\/index.php\/wp-json\/wp\/v2\/media?parent=1106"}],"curies":[{"name":"wp","href":"https:\/\/api.w.org\/{rel}","templated":true}]}}