{"id":18,"date":"2019-06-14T11:58:09","date_gmt":"2019-06-14T11:58:09","guid":{"rendered":"https:\/\/office.suud.ch\/?page_id=18"},"modified":"2023-10-03T07:20:54","modified_gmt":"2023-10-03T07:20:54","slug":"texintro","status":"publish","type":"page","link":"https:\/\/office.suud.ch\/index.php\/texintro\/","title":{"rendered":"TexIntro"},"content":{"rendered":"\n<h1 class=\"wp-block-heading\">Textverarbeitung<\/h1>\n\n\n\n<div style=\"height:10px\" aria-hidden=\"true\" class=\"wp-block-spacer\"><\/div>\n\n\n\n<div style=\"height:5px\" aria-hidden=\"true\" class=\"wp-block-spacer\"><\/div>\n\n\n<div class=\"su-accordion su-u-trim texbox\"><div class=\"su-spoiler su-spoiler-style-fancy su-spoiler-icon-plus su-spoiler-closed\" data-scroll-offset=\"0\" data-anchor-in-url=\"no\"><div class=\"su-spoiler-title\" tabindex=\"0\" role=\"button\"><span class=\"su-spoiler-icon\"><\/span>\ud83d\udca1 Gebrauch der Webseite<\/div><div class=\"su-spoiler-content su-u-clearfix su-u-trim\">\n<p>Auf dieser Webseite bringst du dir die Textverarbeitung selber bei. Wir unterst\u00fctzen dich dabei und sagen worauf du achten musst und warum.<\/p>\n<p>Du kannst diese Webseite auf einem zweiten Ger\u00e4t (Smartphone, Tablet) \u00f6ffnen oder dir die Webseite in einer Bildschirmh\u00e4lfte anzeigen lassen und in der anderen arbeiten.<\/p>\n<\/div><\/div><\/div>\n\n\n\n<h3 class=\"wp-block-heading\">Grundlegende Konzepte<\/h3>\n\n\n\n<ul>\n<li><a href=\"https:\/\/office.suud.ch\/index.php\/texgrundlagen\/\">Grundlagen<\/a><\/li>\n\n\n\n<li><a href=\"https:\/\/office.suud.ch\/index.php\/texzusammenarbeit\/\">Online Zusammenarbeiten<\/a><\/li>\n\n\n\n<li><a href=\"https:\/\/office.suud.ch\/index.php\/texabschnitte\/\">Abs\u00e4tze, Abschnitte, Umbr\u00fcche<\/a><\/li>\n\n\n\n<li><a href=\"https:\/\/office.suud.ch\/index.php\/textabulatoren\/\">Einz\u00fcge, Tabulatoren<\/a><\/li>\n\n\n\n<li><a href=\"https:\/\/office.suud.ch\/index.php\/texueberschriften\/\">\u00dcberschriften (Einstieg Formatvorlagen)<\/a><\/li>\n\n\n\n<li><a href=\"https:\/\/office.suud.ch\/index.php\/texlisten\/\">Listen<\/a><\/li>\n\n\n\n<li><a href=\"https:\/\/office.suud.ch\/index.php\/texbildtabellen1\/\">Bilder, Tabellen und Formeln einf\u00fcgen<\/a><\/li>\n\n\n\n<li><a href=\"https:\/\/office.suud.ch\/index.php\/texsuchenersetzen\/\">Suchen und Ersetzen<\/a><\/li>\n\n\n\n<li><a href=\"https:\/\/office.suud.ch\/index.php\/texkopffusszeilen1\/\">Einfache Kopf- und Fusszeilen<\/a><\/li>\n\n\n\n<li><a href=\"https:\/\/office.suud.ch\/index.php\/texfussnoten\/\">Fussnoten<\/a><\/li>\n<\/ul>\n\n\n\n<h3 class=\"wp-block-heading\">Weiterf\u00fchrende Konzepte<\/h3>\n\n\n\n<ul>\n<li><a href=\"https:\/\/office.suud.ch\/index.php\/texformatvorlagen\/\">Formatvorlagen<\/a><\/li>\n\n\n\n<li><a href=\"https:\/\/office.suud.ch\/index.php\/texfelder\/\">Felder (automatisierte Inhalte)<\/a><\/li>\n\n\n\n<li><a href=\"https:\/\/office.suud.ch\/index.php\/texbildtabellen2\/\">Bilder, Tabellen und Formeln beschriften<\/a><\/li>\n\n\n\n<li><a href=\"https:\/\/office.suud.ch\/index.php\/texverzeichnisse\/\">Verzeichnisse<\/a><\/li>\n\n\n\n<li><a href=\"https:\/\/office.suud.ch\/index.php\/texkopffusszeilen2\/\">Komplexe Kopf- und Fusszeilen<\/a> <\/li>\n<\/ul>\n\n\n\n<h3 class=\"wp-block-heading\">Zus\u00e4tzliche Tipps<\/h3>\n\n\n\n<ul>\n<li><a href=\"https:\/\/office.suud.ch\/index.php\/texgestaltung\/\">Ergonomische Textdokumente: Gestaltungsgrunds\u00e4tze<\/a><\/li>\n\n\n\n<li><a href=\"https:\/\/office.suud.ch\/index.php\/texmehrereobjekte\/\">Effizientes Arbeiten: Mehrere Objekte<\/a><\/li>\n\n\n\n<li><a href=\"https:\/\/office.suud.ch\/index.php\/texfuelltext\/\">F\u00fclltext erzeugen<\/a><\/li>\n\n\n\n<li><a href=\"https:\/\/office.suud.ch\/index.php\/texkorrektur\/\">Korrektur, Kommentare, Nachverfolgung<\/a><\/li>\n<\/ul>\n\n\n\n<hr class=\"wp-block-separator has-css-opacity\"\/>\n\n\n\n<p class=\"has-small-font-size\">Logo-Bild-Quelle: &#171;<a href=\"https:\/\/pixabay.com\/de\/vectors\/schreibmaschine-antik-alte-maschine-159878\/\">schreibmaschine<\/a>&#187; by <a href=\"https:\/\/pixabay.com\/de\/users\/openclipart-vectors-30363\/\"> OpenClipart-Vectors <\/a> on <a href=\" https:\/\/pixabay.com\/\"> pixabay <\/a> under <a href=\" https:\/\/pixabay.com\/service\/license\/\"> pixabay licence <\/a><\/p>\n","protected":false},"excerpt":{"rendered":"<p>Textverarbeitung Grundlegende Konzepte Weiterf\u00fchrende Konzepte Zus\u00e4tzliche Tipps Logo-Bild-Quelle: &#171;schreibmaschine&#187; by OpenClipart-Vectors on pixabay under pixabay licence<\/p>\n","protected":false},"author":1,"featured_media":0,"parent":0,"menu_order":0,"comment_status":"open","ping_status":"closed","template":"","meta":{"footnotes":""},"_links":{"self":[{"href":"https:\/\/office.suud.ch\/index.php\/wp-json\/wp\/v2\/pages\/18"}],"collection":[{"href":"https:\/\/office.suud.ch\/index.php\/wp-json\/wp\/v2\/pages"}],"about":[{"href":"https:\/\/office.suud.ch\/index.php\/wp-json\/wp\/v2\/types\/page"}],"author":[{"embeddable":true,"href":"https:\/\/office.suud.ch\/index.php\/wp-json\/wp\/v2\/users\/1"}],"replies":[{"embeddable":true,"href":"https:\/\/office.suud.ch\/index.php\/wp-json\/wp\/v2\/comments?post=18"}],"version-history":[{"count":32,"href":"https:\/\/office.suud.ch\/index.php\/wp-json\/wp\/v2\/pages\/18\/revisions"}],"predecessor-version":[{"id":1327,"href":"https:\/\/office.suud.ch\/index.php\/wp-json\/wp\/v2\/pages\/18\/revisions\/1327"}],"wp:attachment":[{"href":"https:\/\/office.suud.ch\/index.php\/wp-json\/wp\/v2\/media?parent=18"}],"curies":[{"name":"wp","href":"https:\/\/api.w.org\/{rel}","templated":true}]}}