{"id":182,"date":"2019-06-21T22:52:17","date_gmt":"2019-06-21T22:52:17","guid":{"rendered":"https:\/\/office.suud.ch\/?page_id=182"},"modified":"2020-07-18T14:51:19","modified_gmt":"2020-07-18T14:51:19","slug":"prefolienmaster","status":"publish","type":"page","link":"https:\/\/office.suud.ch\/index.php\/prefolienmaster\/","title":{"rendered":"PreFolienmaster"},"content":{"rendered":"\n<h1 class=\"wp-block-heading\">Layout: Folienmaster<\/h1>\n\n\n\n<p>Oft wird es als \u00e4sthetisch empfunden, wenn alle Folien einer Pr\u00e4sentation vom Aussehen her zusammenpassen. Effizient ist es zudem, wenn das Aussehen mit wenigen Klicks an einer Stelle ge\u00e4ndert werden kann und die \u00c4nderungen automatisch auf alle Folien \u00fcbertragen werden. Beides ist \u00fcber den sogenannten &#171;Folienmaster&#187; m\u00f6glich.<\/p>\n\n\n\n<p>Ein Folienmaster besteht aus mehreren Folien auf welchen Beispieltexte eingef\u00fcgt sind. Jede Folienmaster-Folie stellt ein Layout dar, welches als Basis f\u00fcr eine &#171;echte&#187; Folie genommen werden kann. Es gibt z.B. Layouts f\u00fcr Titelfolien, Folien mit Titel und Bild, leere Folien etc. In Abb.1 ist ein Folienmaster mit zwei Layouts dargestellt. In einigen Pr\u00e4sentationsprogrammen gibt es zus\u00e4tzlich eine \u00fcbergeordnetes Layout, den sogenannten &#171;Master&#187;. Darin werden Dinge festgelegt, die von jedem Layout \u00fcbernommen werden, z.B. die Schriftart (siehe Abb.1).<\/p>\n\n\n\n<figure class=\"wp-block-image\"><img decoding=\"async\" src=\"https:\/\/office.suud.ch\/wp-content\/uploads\/2019\/07\/Folienmaster.png\" alt=\"\" class=\"wp-image-495\" width=\"50%\" style=\"display: block; margin-left: auto; margin-right: auto;\" srcset=\"https:\/\/office.suud.ch\/wp-content\/uploads\/2019\/07\/Folienmaster.png 613w, https:\/\/office.suud.ch\/wp-content\/uploads\/2019\/07\/Folienmaster-300x167.png 300w\" sizes=\"(max-width: 613px) 100vw, 613px\" \/><figcaption>Abb. 1: Folienmaster mit zwei Layouts und \u00fcbergeordnetem Master<\/figcaption><\/figure>\n\n\n\n<div class=\"su-accordion su-u-trim\"> <div class=\"su-spoiler su-spoiler-style-fancy su-spoiler-icon-plus su-spoiler-closed\" data-scroll-offset=\"0\" data-anchor-in-url=\"no\"><div class=\"su-spoiler-title\" tabindex=\"0\" role=\"button\"><span class=\"su-spoiler-icon\"><\/span>Zusatz: Folienmaster-File<\/div><div class=\"su-spoiler-content su-u-clearfix su-u-trim\">In vielen Pr\u00e4sentationsprogrammen lassen sich Folienmaster in einem Spezialformat abspeichern und auf andere Pr\u00e4sentationen \u00fcbertragen.<\/div><\/div> <\/div>\n\n\n\n<h2 class=\"wp-block-heading\">\u00dcbungen<\/h2>\n\n\n\n<div class=\"su-accordion su-u-trim\">\n<div class=\"su-spoiler su-spoiler-style-fancy su-spoiler-icon-plus su-spoiler-closed\" data-scroll-offset=\"0\" data-anchor-in-url=\"no\"><div class=\"su-spoiler-title\" tabindex=\"0\" role=\"button\"><span class=\"su-spoiler-icon\"><\/span>Folienmaster erstellen und nutzen<\/div><div class=\"su-spoiler-content su-u-clearfix su-u-trim\">\n<ol><li>Erzeuge eine neue, leere Pr\u00e4sentation.<\/li>\n<li>Wechsele in die Folienmaster-Ansicht.<\/li>\n<li>L\u00f6schen alle Layouts, welche du kaum je brauchen wirst (vermutlich gen\u00fcgen die drei Layouts: nur Titel und Text, nur Titel und ein ganz leeres).<\/li>\n<li>L\u00f6schen im &#171;Master&#187; (sofern vorhanden) und danach in den Layouts alle Elemente, welche du nicht unbedingt brauchst (z.B. die Platzhalter f\u00fcr Datum, Fusszeile, Foliennummer).<\/li>\n<li>Passe im &#171;Master&#187; (sofern vorhanden) und danach in den Layouts alle Schriften, Gr\u00f6ssen, Elemente, Farben etc. an. Wird z.B. einem Layout ein Logo zugef\u00fcgt, so ist dieses Logo auf allen Folien, welche dieses Layout benutzen sichtbar.<\/li>\n<li>Wechsele in die normale Ansicht. Erzeuge einige leere Folien mit verschiedenen Layouts und f\u00fclle die Folien mit passenden Inhalten (und versuche auch einige Layouts nachtr\u00e4glich in der Folienmaster-Ansicht zu \u00e4ndern).<\/li><\/oi>\n<\/div><\/div>\n<\/div>\n\n\n\n<h2 class=\"wp-block-heading\">Umsetzungstipps<\/h2>\n\n\n\n<div class=\"su-accordion su-u-trim\">\n<div class=\"su-spoiler su-spoiler-style-fancy su-spoiler-icon-plus su-spoiler-closed\" data-scroll-offset=\"0\" data-anchor-in-url=\"no\"><div class=\"su-spoiler-title\" tabindex=\"0\" role=\"button\"><span class=\"su-spoiler-icon\"><\/span>Microsoft PowerPoint online<\/div><div class=\"su-spoiler-content su-u-clearfix su-u-trim\">\nHier gibt es keine Folienmaster-Ansicht. \u00dcber verschiedene Men\u00fcs k\u00f6nnen vorgefertigte Designs und Layouts ausgew\u00e4hlt werden. \n<\/div><\/div>\n<div class=\"su-spoiler su-spoiler-style-fancy su-spoiler-icon-plus su-spoiler-closed\" data-scroll-offset=\"0\" data-anchor-in-url=\"no\"><div class=\"su-spoiler-title\" tabindex=\"0\" role=\"button\"><span class=\"su-spoiler-icon\"><\/span>Google Presentationen<\/div><div class=\"su-spoiler-content su-u-clearfix su-u-trim\">\nDer Folienmaster wird hier &#171;Masterfolien&#187; genannt.\n<\/div><\/div>\n<\/div>\n\n\n\n<div style=\"height:20px\" aria-hidden=\"true\" class=\"wp-block-spacer\"><\/div>\n\n\n<p><a class=\"back_button\" href=\"https:\/\/office.suud.ch\/index.php\/preintro\/\">\u25c4&nbsp;&nbsp;Zur\u00fcck&nbsp;<\/a><\/p>","protected":false},"excerpt":{"rendered":"<p>Layout: Folienmaster Oft wird es als \u00e4sthetisch empfunden, wenn alle Folien einer Pr\u00e4sentation vom Aussehen her zusammenpassen. Effizient ist es zudem, wenn das Aussehen mit wenigen Klicks an einer Stelle ge\u00e4ndert werden kann und die \u00c4nderungen automatisch auf alle Folien \u00fcbertragen werden. Beides ist \u00fcber den sogenannten &#171;Folienmaster&#187; m\u00f6glich. Ein Folienmaster besteht aus mehreren Folien [&hellip;]<\/p>\n","protected":false},"author":1,"featured_media":0,"parent":0,"menu_order":0,"comment_status":"open","ping_status":"closed","template":"","meta":{"footnotes":""},"_links":{"self":[{"href":"https:\/\/office.suud.ch\/index.php\/wp-json\/wp\/v2\/pages\/182"}],"collection":[{"href":"https:\/\/office.suud.ch\/index.php\/wp-json\/wp\/v2\/pages"}],"about":[{"href":"https:\/\/office.suud.ch\/index.php\/wp-json\/wp\/v2\/types\/page"}],"author":[{"embeddable":true,"href":"https:\/\/office.suud.ch\/index.php\/wp-json\/wp\/v2\/users\/1"}],"replies":[{"embeddable":true,"href":"https:\/\/office.suud.ch\/index.php\/wp-json\/wp\/v2\/comments?post=182"}],"version-history":[{"count":16,"href":"https:\/\/office.suud.ch\/index.php\/wp-json\/wp\/v2\/pages\/182\/revisions"}],"predecessor-version":[{"id":1211,"href":"https:\/\/office.suud.ch\/index.php\/wp-json\/wp\/v2\/pages\/182\/revisions\/1211"}],"wp:attachment":[{"href":"https:\/\/office.suud.ch\/index.php\/wp-json\/wp\/v2\/media?parent=182"}],"curies":[{"name":"wp","href":"https:\/\/api.w.org\/{rel}","templated":true}]}}