{"id":202,"date":"2019-06-24T21:14:53","date_gmt":"2019-06-24T21:14:53","guid":{"rendered":"https:\/\/office.suud.ch\/?page_id=202"},"modified":"2020-07-19T08:59:06","modified_gmt":"2020-07-19T08:59:06","slug":"pregestaltung","status":"publish","type":"page","link":"https:\/\/office.suud.ch\/index.php\/pregestaltung\/","title":{"rendered":"PreGestaltung"},"content":{"rendered":"\n<h1 class=\"wp-block-heading\">Ergonomische Pr\u00e4sentationen: Gestaltungsgrunds\u00e4tze <\/h1>\n\n\n\n<h3 class=\"wp-block-heading\">Unterschiedliche Anwendungszwecke<\/h3>\n\n\n\n<p> Ein Pr\u00e4sentationsprogramm kann unterschiedlich eingesetzt werden, z.B. zum Unterst\u00fctzen eines m\u00fcndlichen Vortrags oder zum Erstellen von selbsterkl\u00e4renden multimedialen Dokumenten, in welchen ein Thema &#171;nachgelesen&#187; werden kann. Je nach Einsatzzweck sollten Folien anders gestaltet werden. In diesem Kapitel wird nur auf die Gestaltung von Folien f\u00fcr m\u00fcndliche Vortr\u00e4ge eingegangen.<\/p>\n\n\n\n<h3 class=\"wp-block-heading\">Unterst\u00fctzung m\u00fcndlicher Pr\u00e4sentationen<\/h3>\n\n\n\n<p>Bei einem m\u00fcndlichen Vortrag k\u00f6nnen Folien das Gesagte verst\u00e4rken und erg\u00e4nzen &#8211; um das Verst\u00e4ndnis zu verbessern und intensiver Emotionen zu vermitteln. Solche Folien sollten unserer Meinung nach <strong>schlicht<\/strong> und <strong>nicht-selbsterkl\u00e4rend<\/strong> gestaltet werden. Selbsterkl\u00e4rende Folien machen die vortragende Person \u00fcberfl\u00fcssig. Ausnahmen stellen dabei unter anderem Textzitate oder Audio- und Videoeinblendungen dar. Der gesunde Menschenverstand sollte bei der Umsetzung der nachfolgenden Hinweise nicht ausgeschaltet werden. <\/p>\n\n\n\n<h3 class=\"wp-block-heading\">Die menschliche Wahrnehmung ber\u00fccksichtigen<\/h3>\n\n\n\n<p> Bei Vortr\u00e4gen sollten Auge und Ohr gleichzeitig angesprochen werden, jedoch ist dabei zu vermeiden, dass Auge und Ohr \u00fcberlastet werden oder identische oder gar widerspr\u00fcchliche Informationen empfangen. Atkinson und Meyer empfehlen daher in ihrer Untersuchung&nbsp;<a rel=\"noreferrer noopener\" target=\"_blank\" href=\"http:\/\/www.indezine.com\/stuff\/atkinsonmaye.pdf\">Five ways to reduce PowerPoint overload<\/a>&nbsp;auf textlastige Folien zu verzichten (d.h. Texte m\u00fcndlich zu erz\u00e4hlen) und Folien auf das Wesentliche zu reduzieren (d.h. einfach zu gestalten). Obwohl die Untersuchung in englischer Sprache verfasst ist, empfehlen wir einen Blick auf die Beispielfolien in ihrer Untersuchung zu werfen. Auf jeder Seite ist oben eine Folie eingef\u00fcgt, darunter ist der zugeh\u00f6rige m\u00fcndliche Text abgedruckt.<\/p>\n\n\n\n<p>Atkinson und Meyer haben ihre Folien so gestaltet, dass man m\u00f6glichst schnell verstehen kann, worum es auf einer Folie geht. Dazu schreiben sie anstatt eines Titels einen kurzer Satz oben auf die Folie, der das Wesentliche der Folie auf den Punkt bringt (Atkinson und Mayer bezeichnen diesen Satz als &#171;Headline&#187;). Ein anderer, sinnvoller Weg eine Folie zu gestalten, besteht darin mit einer Folie Erstaunen und Neugier auszul\u00f6sen. Dies kann erreicht werden, indem z.B. der Titel (d.h. die Headline) ganz weggelassen wird. Samuel Cremer zeigt dies in seinem deutschsprachigen Artikel&nbsp;<a rel=\"noreferrer noopener\" target=\"_blank\" href=\"https:\/\/www.heise.de\/ct\/ausgabe\/2013-18-Tipps-und-Tricks-fuer-ueberzeugende-Vortraege-2316547.html\">PowerPoint kann auch anders<\/a>&nbsp;anhand mehrerer Bespiele sehr sch\u00f6n auf.<\/p>\n\n\n\n<p>Ein sehr h\u00e4ufiges Element von Folien sind Aufz\u00e4hlungen in Listen-Form. Samuel Cremer empfiehlt im Abschnitt&nbsp;<a rel=\"noreferrer noopener\" target=\"_blank\" href=\"https:\/\/www.heise.de\/ct\/ausgabe\/2013-18-Tipps-und-Tricks-fuer-ueberzeugende-Vortraege-2316547.html#z_3\">&#171;Infografiken statt Aufz\u00e4hlungen&#187;<\/a>&nbsp;solche Listen grafisch oder mit grafischen Elementen umzusetzen, was auch im Einklang mit den Untersuchungen von Atkinson und Mayer ist.<\/p>\n\n\n\n<p>Wer dar\u00fcber hinausgehende, konkrete und detaillierte Hinweise zur Gestaltung von Vortragsfolien sucht, dem sei das sehr ausf\u00fchrliche Dokument <a href=\"http:\/\/www.stb-seguin.de\/plugins\/files\/682054\/Gestaltung_von_PowerPoint.pdf\" target=\"_blank\" rel=\"noreferrer noopener\" aria-label=\"Gestaltung von PowerPoint-Folien (\u00f6ffnet in neuem Tab)\">Gestaltung von PowerPoint-Folien<\/a>&nbsp;von Rudolf G\u00f6ldner empfohlen. <\/p>\n\n\n\n<div style=\"height:20px\" aria-hidden=\"true\" class=\"wp-block-spacer\"><\/div>\n\n\n<p><a class=\"back_button\" href=\"https:\/\/office.suud.ch\/index.php\/preintro\/\">\u25c4&nbsp;&nbsp;Zur\u00fcck&nbsp;<\/a><\/p>","protected":false},"excerpt":{"rendered":"<p>Ergonomische Pr\u00e4sentationen: Gestaltungsgrunds\u00e4tze Unterschiedliche Anwendungszwecke Ein Pr\u00e4sentationsprogramm kann unterschiedlich eingesetzt werden, z.B. zum Unterst\u00fctzen eines m\u00fcndlichen Vortrags oder zum Erstellen von selbsterkl\u00e4renden multimedialen Dokumenten, in welchen ein Thema &#171;nachgelesen&#187; werden kann. Je nach Einsatzzweck sollten Folien anders gestaltet werden. In diesem Kapitel wird nur auf die Gestaltung von Folien f\u00fcr m\u00fcndliche Vortr\u00e4ge eingegangen. Unterst\u00fctzung m\u00fcndlicher [&hellip;]<\/p>\n","protected":false},"author":1,"featured_media":0,"parent":0,"menu_order":0,"comment_status":"open","ping_status":"closed","template":"","meta":{"footnotes":""},"_links":{"self":[{"href":"https:\/\/office.suud.ch\/index.php\/wp-json\/wp\/v2\/pages\/202"}],"collection":[{"href":"https:\/\/office.suud.ch\/index.php\/wp-json\/wp\/v2\/pages"}],"about":[{"href":"https:\/\/office.suud.ch\/index.php\/wp-json\/wp\/v2\/types\/page"}],"author":[{"embeddable":true,"href":"https:\/\/office.suud.ch\/index.php\/wp-json\/wp\/v2\/users\/1"}],"replies":[{"embeddable":true,"href":"https:\/\/office.suud.ch\/index.php\/wp-json\/wp\/v2\/comments?post=202"}],"version-history":[{"count":9,"href":"https:\/\/office.suud.ch\/index.php\/wp-json\/wp\/v2\/pages\/202\/revisions"}],"predecessor-version":[{"id":1226,"href":"https:\/\/office.suud.ch\/index.php\/wp-json\/wp\/v2\/pages\/202\/revisions\/1226"}],"wp:attachment":[{"href":"https:\/\/office.suud.ch\/index.php\/wp-json\/wp\/v2\/media?parent=202"}],"curies":[{"name":"wp","href":"https:\/\/api.w.org\/{rel}","templated":true}]}}