{"id":407,"date":"2019-06-24T21:22:46","date_gmt":"2019-06-24T21:22:46","guid":{"rendered":"https:\/\/office.suud.ch\/?page_id=407"},"modified":"2019-08-16T14:23:49","modified_gmt":"2019-08-16T14:23:49","slug":"preformen","status":"publish","type":"page","link":"https:\/\/office.suud.ch\/index.php\/preformen\/","title":{"rendered":"PreFormen"},"content":{"rendered":"\n<h1 class=\"wp-block-heading\">Illustrative Objekte: Formen<\/h1>\n\n\n\n<h3 class=\"wp-block-heading\">Illustrative Objekte<\/h3>\n\n\n\n<p>Pfeile, geometrische Formen, Sprechblasen, Diagramme, Abl\u00e4ufe etc. eignen sich dazu, Inhalte klarer darzustellen. Die meisten Pr\u00e4sentationsprogramme stellen eine Vielzahl solcher illustrativen Objekte zur Verf\u00fcgung.<\/p>\n\n\n\n<h3 class=\"wp-block-heading\">Formen<\/h3>\n\n\n\n<p>Unter Formen werden Grafikelemente wie Linien, Pfeile, Rechtecke, Kreise, Sprechblasen, Smilies etc. verstanden. Bei jeder Form l\u00e4sst sich das Aussehen spezifisch anpassen (Gr\u00f6sse, Farbe, F\u00fcllung, Liniendicke, etc.). Damit lassen sich verschiedene Dinge auf den Folien optisch zusammenfassen, voneinander trennen, verbinden, in Bezug zueinander setzen, erg\u00e4nzen etc.<\/p>\n\n\n\n<div class=\"wp-block-image\"><figure class=\"aligncenter is-resized\"><img loading=\"lazy\" decoding=\"async\" src=\"https:\/\/office.suud.ch\/wp-content\/uploads\/2019\/06\/Formen.png\" alt=\"\" class=\"wp-image-414\" width=\"196\" height=\"182\"\/><\/figure><\/div>\n\n\n\n<h2 class=\"wp-block-heading\">\u00dcbungen<\/h2>\n\n\n\n<div class=\"su-accordion su-u-trim\">\n<div class=\"su-spoiler su-spoiler-style-fancy su-spoiler-icon-plus su-spoiler-closed\" data-scroll-offset=\"0\" data-anchor-in-url=\"no\"><div class=\"su-spoiler-title\" tabindex=\"0\" role=\"button\"><span class=\"su-spoiler-icon\"><\/span>Formen<\/div><div class=\"su-spoiler-content su-u-clearfix su-u-trim\">\n<ol><li>Bilde mit Hilfe von Formen entweder die untenstehende Abbildung nach oder erstelle ein eigenes Bild, bei welchen du nicht nur Formen einf\u00fcgst sondern auch ver\u00e4nderst. (Das untenstehende Bild wurde mit einer Smiley-Form erstellt, per Maus war es m\u00f6glich aus dem lachenden Smiley einen weinenden zu formen).<\/li><\/ol>\n<div class=\"wp-block-image\"><figure class=\"aligncenter is-resized\"><img loading=\"lazy\" decoding=\"async\" src=\"https:\/\/office.suud.ch\/wp-content\/uploads\/2019\/06\/UebungFormen.png\" alt=\"\" class=\"wp-image-415\" width=\"369\" height=\"111\" srcset=\"https:\/\/office.suud.ch\/wp-content\/uploads\/2019\/06\/UebungFormen.png 492w, https:\/\/office.suud.ch\/wp-content\/uploads\/2019\/06\/UebungFormen-300x90.png 300w\" sizes=\"(max-width: 369px) 100vw, 369px\" \/><\/figure><\/div>\n<\/div><\/div>\n<\/div>\n\n\n\n<div style=\"height:20px\" aria-hidden=\"true\" class=\"wp-block-spacer\"><\/div>\n\n\n<p><a class=\"back_button\" href=\"https:\/\/office.suud.ch\/index.php\/preintro\/\">\u25c4&nbsp;&nbsp;Zur\u00fcck&nbsp;<\/a><\/p>","protected":false},"excerpt":{"rendered":"<p>Illustrative Objekte: Formen Illustrative Objekte Pfeile, geometrische Formen, Sprechblasen, Diagramme, Abl\u00e4ufe etc. eignen sich dazu, Inhalte klarer darzustellen. Die meisten Pr\u00e4sentationsprogramme stellen eine Vielzahl solcher illustrativen Objekte zur Verf\u00fcgung. Formen Unter Formen werden Grafikelemente wie Linien, Pfeile, Rechtecke, Kreise, Sprechblasen, Smilies etc. verstanden. Bei jeder Form l\u00e4sst sich das Aussehen spezifisch anpassen (Gr\u00f6sse, Farbe, F\u00fcllung, [&hellip;]<\/p>\n","protected":false},"author":1,"featured_media":0,"parent":0,"menu_order":0,"comment_status":"open","ping_status":"closed","template":"","meta":{"footnotes":""},"_links":{"self":[{"href":"https:\/\/office.suud.ch\/index.php\/wp-json\/wp\/v2\/pages\/407"}],"collection":[{"href":"https:\/\/office.suud.ch\/index.php\/wp-json\/wp\/v2\/pages"}],"about":[{"href":"https:\/\/office.suud.ch\/index.php\/wp-json\/wp\/v2\/types\/page"}],"author":[{"embeddable":true,"href":"https:\/\/office.suud.ch\/index.php\/wp-json\/wp\/v2\/users\/1"}],"replies":[{"embeddable":true,"href":"https:\/\/office.suud.ch\/index.php\/wp-json\/wp\/v2\/comments?post=407"}],"version-history":[{"count":11,"href":"https:\/\/office.suud.ch\/index.php\/wp-json\/wp\/v2\/pages\/407\/revisions"}],"predecessor-version":[{"id":638,"href":"https:\/\/office.suud.ch\/index.php\/wp-json\/wp\/v2\/pages\/407\/revisions\/638"}],"wp:attachment":[{"href":"https:\/\/office.suud.ch\/index.php\/wp-json\/wp\/v2\/media?parent=407"}],"curies":[{"name":"wp","href":"https:\/\/api.w.org\/{rel}","templated":true}]}}