{"id":463,"date":"2019-06-26T12:22:47","date_gmt":"2019-06-26T12:22:47","guid":{"rendered":"https:\/\/office.suud.ch\/?page_id=463"},"modified":"2020-07-19T09:03:21","modified_gmt":"2020-07-19T09:03:21","slug":"premehrereobjekte","status":"publish","type":"page","link":"https:\/\/office.suud.ch\/index.php\/premehrereobjekte\/","title":{"rendered":"PreMehrereObjekte"},"content":{"rendered":"\n<h1 class=\"wp-block-heading\">Effizientes Arbeiten: Mehrere Objekte<\/h1>\n\n\n\n<h3 class=\"wp-block-heading\">Mehrere Objekte gleichzeitig bearbeiten<\/h3>\n\n\n\n<p>Praktisch alle Pr\u00e4sentationsprogramme erlauben es, mehrere Objekte (d.h. mehrere Grafiken, Formen etc.) gleichzeitig zu markieren. Dies erlaubt gewisse Eigenschaften (z.B. Gr\u00f6sse, F\u00fcllfarbe etc.) f\u00fcr alle markierten Objekte gleichzeitig festzulegen. So lassen sich z.B. 10 gleichzeitig markierte Grafiken verkleinern wenn eine dieser Grafiken mit der Maus oder \u00fcber ein entsprechendes Men\u00fc verkleinert wird.<\/p>\n\n\n\n<h3 class=\"wp-block-heading\">Mehrere Objekte ausrichten<\/h3>\n\n\n\n<p>Praktisch alle Pr\u00e4sentationsprogramme geben mit Linien und Strichen Hinweise f\u00fcr eine &#171;sch\u00f6ne&#187; Verteilung von mehreren Bildern oder Objekten auf einer Folie. Viele Pr\u00e4sentationsprogramme stellen Befehle zur Verf\u00fcgung, mit welchen es m\u00f6glich ist mehrere Objekte zu zentrieren oder gleichm\u00e4ssig zu verteilen. Ebenso kennen die meisten Pr\u00e4sentationsprogramme ein Lineal das aussen an den Folien eingeblendet werden kann.<\/p>\n\n\n\n<h2 class=\"wp-block-heading\">\u00dcbungen<\/h2>\n\n\n\n<div class=\"su-accordion su-u-trim\">\n<div class=\"su-spoiler su-spoiler-style-fancy su-spoiler-icon-plus su-spoiler-closed\" data-scroll-offset=\"0\" data-anchor-in-url=\"no\"><div class=\"su-spoiler-title\" tabindex=\"0\" role=\"button\"><span class=\"su-spoiler-icon\"><\/span>Mehrere Objekte gleichzeitig bearbeiten<\/div><div class=\"su-spoiler-content su-u-clearfix su-u-trim\">\n<ol><li>F\u00fcge drei bis f\u00fcnf Bilder, Formen etc. in eine leere Folie ein.<\/li>\n<li>Markiere alle Objekte gleichzeitig. Finde dabei auch gerade heraus wie du alle, fast alle und mehrere gleichzeitig ausw\u00e4hlst.<\/li>\n<li>Ver\u00e4ndere eine Eigenschaft bei allen Objekten gleichzeitig, z.B. \u00e4ndere die Gr\u00f6sse aller Objekte gleichzeitig in dem du die Gr\u00f6sse eines der gleichzeitig markierten Objekte mit der Maus \u00e4nderst.<\/li>\n<li>Versuche weitere Eigenschaften anzupassen. Z.B. gebe allen Objekten gleichzeitig die gleiche Rahmenfarbe. Was funktioniert was nicht?<\/li><\/ol>\n<\/div><\/div>\n<div class=\"su-spoiler su-spoiler-style-fancy su-spoiler-icon-plus su-spoiler-closed\" data-scroll-offset=\"0\" data-anchor-in-url=\"no\"><div class=\"su-spoiler-title\" tabindex=\"0\" role=\"button\"><span class=\"su-spoiler-icon\"><\/span>Mehrere Objekte ausrichten<\/div><div class=\"su-spoiler-content su-u-clearfix su-u-trim\">\n<ol><li>F\u00fcge drei bis f\u00fcnf Bilder, Formen etc. in eine leere Folie ein.<\/li>\n<li>Versuche die Objekte einigermassen &#171;sch\u00f6n&#187; von Hand anzuordnen. Gibt dir dein Pr\u00e4sentationsprogramm Hinweise was dabei passen w\u00fcrde?<\/li>\n<li>Finde heraus wie man ein Lineal um die Folie herum einblenden kann und richte ein paar Objekte gem\u00e4ss dem Lineal aus.<\/li>\n<li>Markiere mehrere Objekte. Gibt es in deinem Pr\u00e4sentationsprogramm Befehle welche die Bilder zentrieren oder horizontal oder vertikal verteilen? Spiele etwas mit diesen M\u00f6glichkeiten herum.<\/li><\/ol>\n<\/div><\/div>\n<\/div>\n\n\n\n<h2 class=\"wp-block-heading\">Umsetzungstipps<\/h2>\n\n\n\n<div class=\"su-accordion su-u-trim\">\n<div class=\"su-spoiler su-spoiler-style-fancy su-spoiler-icon-plus su-spoiler-closed\" data-scroll-offset=\"0\" data-anchor-in-url=\"no\"><div class=\"su-spoiler-title\" tabindex=\"0\" role=\"button\"><span class=\"su-spoiler-icon\"><\/span>Microsoft PowerPoint online<\/div><div class=\"su-spoiler-content su-u-clearfix su-u-trim\">\nEs gibt kein Lineal.\n<\/div><\/div>\n<\/div>\n\n\n\n<div style=\"height:20px\" aria-hidden=\"true\" class=\"wp-block-spacer\"><\/div>\n\n\n<p><a class=\"back_button\" href=\"https:\/\/office.suud.ch\/index.php\/preintro\/\">\u25c4&nbsp;&nbsp;Zur\u00fcck&nbsp;<\/a><\/p>","protected":false},"excerpt":{"rendered":"<p>Effizientes Arbeiten: Mehrere Objekte Mehrere Objekte gleichzeitig bearbeiten Praktisch alle Pr\u00e4sentationsprogramme erlauben es, mehrere Objekte (d.h. mehrere Grafiken, Formen etc.) gleichzeitig zu markieren. Dies erlaubt gewisse Eigenschaften (z.B. Gr\u00f6sse, F\u00fcllfarbe etc.) f\u00fcr alle markierten Objekte gleichzeitig festzulegen. So lassen sich z.B. 10 gleichzeitig markierte Grafiken verkleinern wenn eine dieser Grafiken mit der Maus oder \u00fcber [&hellip;]<\/p>\n","protected":false},"author":1,"featured_media":0,"parent":0,"menu_order":0,"comment_status":"open","ping_status":"closed","template":"","meta":{"footnotes":""},"_links":{"self":[{"href":"https:\/\/office.suud.ch\/index.php\/wp-json\/wp\/v2\/pages\/463"}],"collection":[{"href":"https:\/\/office.suud.ch\/index.php\/wp-json\/wp\/v2\/pages"}],"about":[{"href":"https:\/\/office.suud.ch\/index.php\/wp-json\/wp\/v2\/types\/page"}],"author":[{"embeddable":true,"href":"https:\/\/office.suud.ch\/index.php\/wp-json\/wp\/v2\/users\/1"}],"replies":[{"embeddable":true,"href":"https:\/\/office.suud.ch\/index.php\/wp-json\/wp\/v2\/comments?post=463"}],"version-history":[{"count":13,"href":"https:\/\/office.suud.ch\/index.php\/wp-json\/wp\/v2\/pages\/463\/revisions"}],"predecessor-version":[{"id":1227,"href":"https:\/\/office.suud.ch\/index.php\/wp-json\/wp\/v2\/pages\/463\/revisions\/1227"}],"wp:attachment":[{"href":"https:\/\/office.suud.ch\/index.php\/wp-json\/wp\/v2\/media?parent=463"}],"curies":[{"name":"wp","href":"https:\/\/api.w.org\/{rel}","templated":true}]}}