{"id":5,"date":"2019-06-10T15:11:17","date_gmt":"2019-06-10T15:11:17","guid":{"rendered":"https:\/\/office.suud.ch\/?page_id=5"},"modified":"2023-10-03T07:18:59","modified_gmt":"2023-10-03T07:18:59","slug":"test","status":"publish","type":"page","link":"https:\/\/office.suud.ch\/","title":{"rendered":"Office"},"content":{"rendered":"\n<div class=\"wp-block-columns is-layout-flex wp-container-core-columns-layout-1 wp-block-columns-is-layout-flex\">\n<div class=\"wp-block-column is-layout-flow wp-block-column-is-layout-flow\">\n<h3 class=\"wp-block-heading has-text-align-center\"><a href=\"https:\/\/office.suud.ch\/index.php\/preintro\/\">Pr\u00e4sentieren<\/a><\/h3>\n\n\n\n<figure class=\"wp-block-image size-full startpage-image\"><a href=\"https:\/\/office.suud.ch\/index.php\/preintro\/\"><img decoding=\"async\" src=\"https:\/\/office.suud.ch\/wp-content\/uploads\/2019\/06\/LogoPresentation.svg\" alt=\"\" class=\"wp-image-260\"\/><\/a><\/figure>\n<\/div>\n\n\n\n<div class=\"wp-block-column is-layout-flow wp-block-column-is-layout-flow\">\n<h3 class=\"wp-block-heading has-text-align-center\"><a href=\"https:\/\/office.suud.ch\/index.php\/texintro\/\">Textverarbeitung<\/a><\/h3>\n\n\n\n<figure class=\"wp-block-image size-full startpage-image\"><a href=\"https:\/\/office.suud.ch\/index.php\/texintro\/\"><img decoding=\"async\" src=\"https:\/\/office.suud.ch\/wp-content\/uploads\/2019\/06\/LogoWordprocessing.svg\" alt=\"\" class=\"wp-image-258\"\/><\/a><\/figure>\n<\/div>\n\n\n\n<div class=\"wp-block-column is-layout-flow wp-block-column-is-layout-flow\">\n<h3 class=\"wp-block-heading has-text-align-center\"><a href=\"https:\/\/office.suud.ch\/index.php\/tabintro\/\">Tabellenkalkulation<\/a><\/h3>\n\n\n\n<figure class=\"wp-block-image size-full startpage-image\"><a href=\"https:\/\/office.suud.ch\/index.php\/tabintro\/\"><img decoding=\"async\" src=\"https:\/\/office.suud.ch\/wp-content\/uploads\/2019\/06\/LogoTabcalc.svg\" alt=\"\" class=\"wp-image-258\"\/><\/a><\/figure>\n<\/div>\n<\/div>\n\n\n<div class=\"su-box su-box-style-default homebox\" id=\"\" style=\"border-color:#cccccc;border-radius:10px\"><div class=\"su-box-title\" style=\"background-color:#FFF;color:#000;border-top-left-radius:8px;border-top-right-radius:8px\">\ud83d\udca1 Gebrauch der Webseite<\/div><div class=\"su-box-content su-u-clearfix su-u-trim\" style=\"border-bottom-left-radius:8px;border-bottom-right-radius:8px\">\n<p>Auf dieser Webseite bringst du dir die Pr\u00e4sentation, Textverarbeitung und Tabellenkalkulation selber bei. Wir unterst\u00fctzen dich dabei und sagen, worauf du achten musst und warum.<\/p>\n<p>Du kannst diese Webseite auf einem zweiten Ger\u00e4t (Smartphone, Tablet) \u00f6ffnen oder dir die Webseite in einer Bildschirmh\u00e4lfte anzeigen lassen und in der anderen arbeiten.<\/p>\n<\/div><\/div>\n\n\n\n<div style=\"height:50px\" aria-hidden=\"true\" class=\"wp-block-spacer\"><\/div>\n\n\n\n<hr class=\"wp-block-separator has-alpha-channel-opacity\"\/>\n\n\n\n<p>Bild-Quellen:<\/p>\n\n\n\n<ul>\n<li>\u00ab<a href=\"https:\/\/www.1001freedownloads.com\/free-clipart\/presentation-icon-female\">presentation<\/a>\u00bb by&nbsp;<a href=\"http:\/\/www.ousia.tk\/\">Ousia<\/a>&nbsp;on&nbsp;<a href=\"https:\/\/www.1001freedownloads.com\/\">1001FreeDownloads<\/a>&nbsp;under&nbsp;<a href=\"https:\/\/creativecommons.org\/publicdomain\/zero\/1.0\/\">CC0 1.0<\/a><\/li>\n\n\n\n<li>\u00ab<a href=\"https:\/\/pixabay.com\/de\/vectors\/schreibmaschine-antik-alte-maschine-159878\/\">schreibmaschine<\/a>\u00bb by&nbsp;<a href=\"https:\/\/pixabay.com\/de\/users\/openclipart-vectors-30363\/\">OpenClipart-Vectors&nbsp;<\/a>on&nbsp;<a href=\"https:\/\/pixabay.com\/\">pixabay&nbsp;<\/a>under&nbsp;<a href=\"https:\/\/pixabay.com\/service\/license\/\">pixabay licence<\/a><\/li>\n\n\n\n<li>\u00ab<a href=\"https:\/\/pixabay.com\/de\/vectors\/tabellenkalkulation-excel-tisch-98491\/\">tabellenkalkulation<\/a>\u00bb by&nbsp;<a href=\"https:\/\/pixabay.com\/de\/users\/openicons-28911\/\">OpenIcons&nbsp;<\/a>on&nbsp;<a href=\"https:\/\/pixabay.com\/\">pixabay&nbsp;<\/a>under&nbsp;<a href=\"https:\/\/pixabay.com\/service\/license\/\">pixabay licence<\/a><\/li>\n<\/ul>\n","protected":false},"excerpt":{"rendered":"<p>Pr\u00e4sentieren Textverarbeitung Tabellenkalkulation Bild-Quellen:<\/p>\n","protected":false},"author":1,"featured_media":0,"parent":0,"menu_order":0,"comment_status":"open","ping_status":"closed","template":"","meta":{"footnotes":""},"_links":{"self":[{"href":"https:\/\/office.suud.ch\/index.php\/wp-json\/wp\/v2\/pages\/5"}],"collection":[{"href":"https:\/\/office.suud.ch\/index.php\/wp-json\/wp\/v2\/pages"}],"about":[{"href":"https:\/\/office.suud.ch\/index.php\/wp-json\/wp\/v2\/types\/page"}],"author":[{"embeddable":true,"href":"https:\/\/office.suud.ch\/index.php\/wp-json\/wp\/v2\/users\/1"}],"replies":[{"embeddable":true,"href":"https:\/\/office.suud.ch\/index.php\/wp-json\/wp\/v2\/comments?post=5"}],"version-history":[{"count":67,"href":"https:\/\/office.suud.ch\/index.php\/wp-json\/wp\/v2\/pages\/5\/revisions"}],"predecessor-version":[{"id":1365,"href":"https:\/\/office.suud.ch\/index.php\/wp-json\/wp\/v2\/pages\/5\/revisions\/1365"}],"wp:attachment":[{"href":"https:\/\/office.suud.ch\/index.php\/wp-json\/wp\/v2\/media?parent=5"}],"curies":[{"name":"wp","href":"https:\/\/api.w.org\/{rel}","templated":true}]}}