{"id":527,"date":"2019-07-03T21:27:46","date_gmt":"2019-07-03T21:27:46","guid":{"rendered":"https:\/\/office.suud.ch\/?page_id=527"},"modified":"2020-07-18T15:12:17","modified_gmt":"2020-07-18T15:12:17","slug":"prehyperlinkaktionen","status":"publish","type":"page","link":"https:\/\/office.suud.ch\/index.php\/prehyperlinkaktionen\/","title":{"rendered":"PreHyperlinkAktionen"},"content":{"rendered":"\n<h1 class=\"wp-block-heading\">Hyperlinks und Aktionen<\/h1>\n\n\n\n<p>Normalerweise wird bei einem Vortrag Folie f\u00fcr Folie gezeigt. Aktionen und Hyperlinks erlauben diese Reihenfolge zu durchbrechen. In der Regel werden Aktionen und Hyperlinks f\u00fcr die Gestaltung interaktiver Quizze oder spielerische Eins\u00e4tze verwendet. F\u00fcr Vortr\u00e4ge eignen sie sich weniger. <\/p>\n\n\n\n<h3 class=\"wp-block-heading\">Hyperlinks (Links)<\/h3>\n\n\n\n<p>Ein Hyperlink (ein &#171;Link&#187;) erlaubt es auf eine beliebige Folien zu springen oder eine beliebige Webseite zu \u00f6ffnen ( z.B. um aktuelle Informationen anzuzeigen wie Wetterberichte, B\u00f6rsenkurse, LiveCams etc.). Die Webseite wird in einem eigenen Browserfenster ge\u00f6ffnet.<\/p>\n\n\n\n<h3 class=\"wp-block-heading\">Aktionen<\/h3>\n\n\n\n<p>Aktionen erlauben, Hyperlinks nicht nur via Mausklick sondern auch schon bei &#171;Mouseover&#187; auszul\u00f6sen, d.h. bei einer &#171;Ber\u00fchrung&#187; eines Objekts mit dem Mauszeiger.<\/p>\n\n\n\n<h2 class=\"wp-block-heading\">\u00dcbungen<\/h2>\n\n\n\n<div class=\"su-accordion su-u-trim\">\n<div class=\"su-spoiler su-spoiler-style-fancy su-spoiler-icon-plus su-spoiler-closed\" data-scroll-offset=\"0\" data-anchor-in-url=\"no\"><div class=\"su-spoiler-title\" tabindex=\"0\" role=\"button\"><span class=\"su-spoiler-icon\"><\/span>Link auf Webseite<\/div><div class=\"su-spoiler-content su-u-clearfix su-u-trim\">\n<ol><li>F\u00fcge auf einer neuen Folie ein Bild einer dir bekannten Landschaft oder Ortschaft ein.<\/li>\n<li>F\u00fcge dem Bild einen Hyperlink hinzu, so dass bei einem Klick auf das Bild die zugeh\u00f6rige, aktuelle Wetterprognose in einem Browser ge\u00f6ffnet wird.<\/li><\/ol>\n<\/div><\/div>\n<div class=\"su-spoiler su-spoiler-style-fancy su-spoiler-icon-plus su-spoiler-closed\" data-scroll-offset=\"0\" data-anchor-in-url=\"no\"><div class=\"su-spoiler-title\" tabindex=\"0\" role=\"button\"><span class=\"su-spoiler-icon\"><\/span>Interaktives Quiz<\/div><div class=\"su-spoiler-content su-u-clearfix su-u-trim\">\n<b>Ziel:<\/b> Du erstellst ein interaktives Quiz mit den drei Folien: Quizfrage, Richtig-Folie und Falsch-Folie.<\/li>\n<ul><li>Formuliere eine Quizfrage mit mindestens zwei Antwortoptionen (siehe untenstehende Abbildung).<\/li>\n<li>Ein Klick auf einen grossen Buchstaben soll entweder auf die Folie &#171;Richtig&#187; oder die Folie &#171;Falsch&#187; per Hyperlink weiterleiten.<\/li>\n<li>Die &#171;Richtig&#187; und &#171;Falsch&#187; Folien enthalten Hyperlinks zur\u00fcck zur Quizfrage.<\/li><\/ul>\n<figure class=\"wp-block-image\"><img loading=\"lazy\" decoding=\"async\" width=\"867\" height=\"436\" src=\"https:\/\/office.suud.ch\/wp-content\/uploads\/2019\/07\/\u00dcbungInteraktivesQuiz.png\" alt=\"\" class=\"wp-image-531\" srcset=\"https:\/\/office.suud.ch\/wp-content\/uploads\/2019\/07\/\u00dcbungInteraktivesQuiz.png 867w, https:\/\/office.suud.ch\/wp-content\/uploads\/2019\/07\/\u00dcbungInteraktivesQuiz-300x151.png 300w, https:\/\/office.suud.ch\/wp-content\/uploads\/2019\/07\/\u00dcbungInteraktivesQuiz-768x386.png 768w\" sizes=\"(max-width: 867px) 100vw, 867px\" \/><\/figure>\n<\/div><\/div>\n<div class=\"su-spoiler su-spoiler-style-fancy su-spoiler-icon-plus su-spoiler-closed\" data-scroll-offset=\"0\" data-anchor-in-url=\"no\"><div class=\"su-spoiler-title\" tabindex=\"0\" role=\"button\"><span class=\"su-spoiler-icon\"><\/span>Geschicklichkeitsspiel<\/div><div class=\"su-spoiler-content su-u-clearfix su-u-trim\">\n<b>Ziel:<\/b> Du erstellst eine neue Pr\u00e4sentation mit vier Folien: Titelfolie (beliebig gestaltbar), Spielfolie (das eigentliche Spiel), &#171;Game Over&#187; Folie (wird angezeigt, wenn die Aufgabe nicht gel\u00f6st wurde) und &#171;Jubelfolie&#187; (wird angezeigt, wenn die Aufgabe gel\u00f6st wurde).<\/li>\n<ul><li>Spielfolie: Ein Beispiel eines einfachen Geschicklichkeitsspiels ist untenstehend dargestellt. Der erste Pfeil bildet den Start (ein Mouseover bewirkt z.B. einen Trommelwirbel), der zweite Pfeil stellt das Ziel dar (ein Mouseover bewirkt z.B. einen Applaus und leitet auf die &#171;Jubelfolie&#187; weiter). Ber\u00fchrt man ein blaues Rechteck (Mouseover) so ert\u00f6nt z.B. ein Knall und es wird auf die &#171;Game Over&#187; Folie weitergeleitet.<\/li>\n<li>Titel-, Game Over und Gratulationsfolien enthalten einen &#171;Spiel starten&#187; Button der bei Mausklick zur Spielfolie leitet und sind ansonsten frei zu gestalten.<\/li>\n<li>Das Spiel l\u00e4sst sich beliebig ausbauen (mehrere Level etc.).<\/li><\/ul>\n<figure class=\"wp-block-image\"><img loading=\"lazy\" decoding=\"async\" width=\"924\" height=\"600\" src=\"https:\/\/office.suud.ch\/wp-content\/uploads\/2019\/07\/\u00dcbungGeschicklichkeit.png\" alt=\"\" class=\"wp-image-532\" srcset=\"https:\/\/office.suud.ch\/wp-content\/uploads\/2019\/07\/\u00dcbungGeschicklichkeit.png 924w, https:\/\/office.suud.ch\/wp-content\/uploads\/2019\/07\/\u00dcbungGeschicklichkeit-300x195.png 300w, https:\/\/office.suud.ch\/wp-content\/uploads\/2019\/07\/\u00dcbungGeschicklichkeit-768x499.png 768w\" sizes=\"(max-width: 924px) 100vw, 924px\" \/><\/figure>\n<\/div><\/div>\n<\/div>\n\n\n\n<h2 class=\"wp-block-heading\">Umsetzungstipps<\/h2>\n\n\n\n<div class=\"su-accordion su-u-trim\">\n<div class=\"su-spoiler su-spoiler-style-fancy su-spoiler-icon-plus su-spoiler-closed\" data-scroll-offset=\"0\" data-anchor-in-url=\"no\"><div class=\"su-spoiler-title\" tabindex=\"0\" role=\"button\"><span class=\"su-spoiler-icon\"><\/span>Microsoft PowerPoint online<\/div><div class=\"su-spoiler-content su-u-clearfix su-u-trim\">\nEs k\u00f6nnen nur Text-Links auf Webseiten eingef\u00fcgt werden. Nicht unterst\u00fctzt werden Bild-Hyperlinks, Linkverweise auf Folien und Aktionen.\n<\/div><\/div>\n<div class=\"su-spoiler su-spoiler-style-fancy su-spoiler-icon-plus su-spoiler-closed\" data-scroll-offset=\"0\" data-anchor-in-url=\"no\"><div class=\"su-spoiler-title\" tabindex=\"0\" role=\"button\"><span class=\"su-spoiler-icon\"><\/span>Google Presentationen<\/div><div class=\"su-spoiler-content su-u-clearfix su-u-trim\">\nAktionen werden nicht unterst\u00fctzt.\n<\/div><\/div>\n<div class=\"su-spoiler su-spoiler-style-fancy su-spoiler-icon-plus su-spoiler-closed\" data-scroll-offset=\"0\" data-anchor-in-url=\"no\"><div class=\"su-spoiler-title\" tabindex=\"0\" role=\"button\"><span class=\"su-spoiler-icon\"><\/span>LibreOffice \/ OpenOffice Impress<\/div><div class=\"su-spoiler-content su-u-clearfix su-u-trim\">\nBei den Aktionen (Interaktion) wird nur Mausklick aber kein &#171;Mouseover&#187; unterst\u00fctzt.\n<\/div><\/div>\n<\/div>\n\n\n\n<div style=\"height:20px\" aria-hidden=\"true\" class=\"wp-block-spacer\"><\/div>\n\n\n<p><a class=\"back_button\" href=\"https:\/\/office.suud.ch\/index.php\/preintro\/\">\u25c4&nbsp;&nbsp;Zur\u00fcck&nbsp;<\/a><\/p>","protected":false},"excerpt":{"rendered":"<p>Hyperlinks und Aktionen Normalerweise wird bei einem Vortrag Folie f\u00fcr Folie gezeigt. Aktionen und Hyperlinks erlauben diese Reihenfolge zu durchbrechen. In der Regel werden Aktionen und Hyperlinks f\u00fcr die Gestaltung interaktiver Quizze oder spielerische Eins\u00e4tze verwendet. F\u00fcr Vortr\u00e4ge eignen sie sich weniger. Hyperlinks (Links) Ein Hyperlink (ein &#171;Link&#187;) erlaubt es auf eine beliebige Folien zu [&hellip;]<\/p>\n","protected":false},"author":1,"featured_media":0,"parent":0,"menu_order":0,"comment_status":"open","ping_status":"closed","template":"","meta":{"footnotes":""},"_links":{"self":[{"href":"https:\/\/office.suud.ch\/index.php\/wp-json\/wp\/v2\/pages\/527"}],"collection":[{"href":"https:\/\/office.suud.ch\/index.php\/wp-json\/wp\/v2\/pages"}],"about":[{"href":"https:\/\/office.suud.ch\/index.php\/wp-json\/wp\/v2\/types\/page"}],"author":[{"embeddable":true,"href":"https:\/\/office.suud.ch\/index.php\/wp-json\/wp\/v2\/users\/1"}],"replies":[{"embeddable":true,"href":"https:\/\/office.suud.ch\/index.php\/wp-json\/wp\/v2\/comments?post=527"}],"version-history":[{"count":9,"href":"https:\/\/office.suud.ch\/index.php\/wp-json\/wp\/v2\/pages\/527\/revisions"}],"predecessor-version":[{"id":1217,"href":"https:\/\/office.suud.ch\/index.php\/wp-json\/wp\/v2\/pages\/527\/revisions\/1217"}],"wp:attachment":[{"href":"https:\/\/office.suud.ch\/index.php\/wp-json\/wp\/v2\/media?parent=527"}],"curies":[{"name":"wp","href":"https:\/\/api.w.org\/{rel}","templated":true}]}}