{"id":536,"date":"2019-07-03T22:05:35","date_gmt":"2019-07-03T22:05:35","guid":{"rendered":"https:\/\/office.suud.ch\/?page_id=536"},"modified":"2020-07-19T08:46:46","modified_gmt":"2020-07-19T08:46:46","slug":"preslidecast","status":"publish","type":"page","link":"https:\/\/office.suud.ch\/index.php\/preslidecast\/","title":{"rendered":"PreSlidecast"},"content":{"rendered":"\n<h1 class=\"wp-block-heading\">Aufzeichnungen und Slidecasts<\/h1>\n\n\n\n<p>Manchmal ist es praktisch eine Pr\u00e4sentation wie ein Film zusammen mit dem m\u00fcndlichen Kommentar automatisch ablaufen lassen zu k\u00f6nnen. So l\u00e4sst sich ein Vortrag jederzeit und \u00fcberall ansehen.<\/p>\n\n\n\n<p>F\u00fcr automatisch abspielbare Pr\u00e4sentationen hat sich der Begriff &#171;Slidecast&#187; (Slideshow + Podcast = Slidecast) durchgesetzt. Slidescasts k\u00f6nnen in der Regel auch als Videos exportiert werden. <\/p>\n\n\n\n<p>Ein Slidecast wird erstellt, indem entweder die Aufzeichnen-Funktion im Pr\u00e4sentationsprogramm (sofern vorhanden) oder ein Screenrecording-Programm, das den ganzen Bildschirm abfilmt, gestartet wird. Danach werden die Folien zu den gew\u00fcnschten Zeitpunkten von Hand gewechselt und bei Bedarf dazu per Mikrofon die eigenen Stimme aufgenommen.<\/p>\n\n\n\n<h2 class=\"wp-block-heading\">\u00dcbungen<\/h2>\n\n\n\n<div class=\"su-accordion su-u-trim\">\n<div class=\"su-spoiler su-spoiler-style-fancy su-spoiler-icon-plus su-spoiler-closed\" data-scroll-offset=\"0\" data-anchor-in-url=\"no\"><div class=\"su-spoiler-title\" tabindex=\"0\" role=\"button\"><span class=\"su-spoiler-icon\"><\/span>Slidecast<\/div><div class=\"su-spoiler-content su-u-clearfix su-u-trim\">\n<ol><li>\u00d6ffne eine vorhandene Pr\u00e4sentation oder erstelle eine neue mit mehreren Seiten und beliebigen Inhalten.<\/li>\n<li>Wenn das Pr\u00e4sentationsprogramm die interne Aufzeichnung einer Pr\u00e4sentation unters\u00fctzt so starte die Aufzeichnung und aktivere bei Bedarf das Mikrophon. Wenn das Pr\u00e4sentionsprogramm dies nicht unterst\u00fctzt so starte ein Screenrecording-Programm.<\/li>\n<li>Exportiere die aufgenommene Pr\u00e4sentation als Video.<\/li><\/ol>\n<\/div><\/div>\n<\/div>\n\n\n\n<h2 class=\"wp-block-heading\">Umsetzungstipps<\/h2>\n\n\n\n<div class=\"su-accordion su-u-trim\">\n<div class=\"su-spoiler su-spoiler-style-fancy su-spoiler-icon-plus su-spoiler-closed\" data-scroll-offset=\"0\" data-anchor-in-url=\"no\"><div class=\"su-spoiler-title\" tabindex=\"0\" role=\"button\"><span class=\"su-spoiler-icon\"><\/span>Microsoft PowerPoint auf mac OS<\/div><div class=\"su-spoiler-content su-u-clearfix su-u-trim\">\n<p>Auf mac OS wird aktuell der Ton zwar in PowerPoint mit aufgenommen, jedoch wird dieser nicht in das Video mit abgespeichert (ist ein bekannter Fehler, der vielleicht irgendwann einmal behoben wird).<\/p>\n<p>L\u00f6sung: Die Pr\u00e4sentation mit dem aufgezeichneten Ton z.B. als Aufnahme.pptx abspeichern und in Keynote \u00f6ffnen (Keynote ist gratis im App Store erh\u00e4ltlich). In Keynote l\u00e4sst sich die Pr\u00e4sentation als Video exportieren. (Alternativ kann die Pr\u00e4sentation von Anfang an in Keynote erstellt werden).<\/p>\n<\/div><\/div>\n<div class=\"su-spoiler su-spoiler-style-fancy su-spoiler-icon-plus su-spoiler-closed\" data-scroll-offset=\"0\" data-anchor-in-url=\"no\"><div class=\"su-spoiler-title\" tabindex=\"0\" role=\"button\"><span class=\"su-spoiler-icon\"><\/span>Microsoft PowerPoint online<\/div><div class=\"su-spoiler-content su-u-clearfix su-u-trim\">\nEin internes Aufzeichnen wird nicht unterst\u00fctz, hierf\u00fcr muss ein Screenrecording-Programm genutzt werden.\n<\/div><\/div>\n<div class=\"su-spoiler su-spoiler-style-fancy su-spoiler-icon-plus su-spoiler-closed\" data-scroll-offset=\"0\" data-anchor-in-url=\"no\"><div class=\"su-spoiler-title\" tabindex=\"0\" role=\"button\"><span class=\"su-spoiler-icon\"><\/span>Google Presentationen<\/div><div class=\"su-spoiler-content su-u-clearfix su-u-trim\">\nEin internes Aufzeichnen wird nicht unterst\u00fctz, hierf\u00fcr muss ein Screenrecording-Programm genutzt werden.\n<\/div><\/div>\n<div class=\"su-spoiler su-spoiler-style-fancy su-spoiler-icon-plus su-spoiler-closed\" data-scroll-offset=\"0\" data-anchor-in-url=\"no\"><div class=\"su-spoiler-title\" tabindex=\"0\" role=\"button\"><span class=\"su-spoiler-icon\"><\/span>LibreOffice \/ OpenOffice Impress<\/div><div class=\"su-spoiler-content su-u-clearfix su-u-trim\">\nEin internes Aufzeichnen wird nicht unterst\u00fctz, hierf\u00fcr muss ein Screenrecording-Programm genutzt werden.\n<\/div><\/div>\n<\/div>\n\n\n\n<div style=\"height:20px\" aria-hidden=\"true\" class=\"wp-block-spacer\"><\/div>\n\n\n<p><a class=\"back_button\" href=\"https:\/\/office.suud.ch\/index.php\/preintro\/\">\u25c4&nbsp;&nbsp;Zur\u00fcck&nbsp;<\/a><\/p>","protected":false},"excerpt":{"rendered":"<p>Aufzeichnungen und Slidecasts Manchmal ist es praktisch eine Pr\u00e4sentation wie ein Film zusammen mit dem m\u00fcndlichen Kommentar automatisch ablaufen lassen zu k\u00f6nnen. So l\u00e4sst sich ein Vortrag jederzeit und \u00fcberall ansehen. F\u00fcr automatisch abspielbare Pr\u00e4sentationen hat sich der Begriff &#171;Slidecast&#187; (Slideshow + Podcast = Slidecast) durchgesetzt. Slidescasts k\u00f6nnen in der Regel auch als Videos exportiert [&hellip;]<\/p>\n","protected":false},"author":1,"featured_media":0,"parent":0,"menu_order":0,"comment_status":"open","ping_status":"closed","template":"","meta":{"footnotes":""},"_links":{"self":[{"href":"https:\/\/office.suud.ch\/index.php\/wp-json\/wp\/v2\/pages\/536"}],"collection":[{"href":"https:\/\/office.suud.ch\/index.php\/wp-json\/wp\/v2\/pages"}],"about":[{"href":"https:\/\/office.suud.ch\/index.php\/wp-json\/wp\/v2\/types\/page"}],"author":[{"embeddable":true,"href":"https:\/\/office.suud.ch\/index.php\/wp-json\/wp\/v2\/users\/1"}],"replies":[{"embeddable":true,"href":"https:\/\/office.suud.ch\/index.php\/wp-json\/wp\/v2\/comments?post=536"}],"version-history":[{"count":8,"href":"https:\/\/office.suud.ch\/index.php\/wp-json\/wp\/v2\/pages\/536\/revisions"}],"predecessor-version":[{"id":1222,"href":"https:\/\/office.suud.ch\/index.php\/wp-json\/wp\/v2\/pages\/536\/revisions\/1222"}],"wp:attachment":[{"href":"https:\/\/office.suud.ch\/index.php\/wp-json\/wp\/v2\/media?parent=536"}],"curies":[{"name":"wp","href":"https:\/\/api.w.org\/{rel}","templated":true}]}}