{"id":538,"date":"2019-07-03T22:06:11","date_gmt":"2019-07-03T22:06:11","guid":{"rendered":"https:\/\/office.suud.ch\/?page_id=538"},"modified":"2020-07-19T08:49:33","modified_gmt":"2020-07-19T08:49:33","slug":"predruck","status":"publish","type":"page","link":"https:\/\/office.suud.ch\/index.php\/predruck\/","title":{"rendered":"PreDruck"},"content":{"rendered":"\n<h1 class=\"wp-block-heading\">Druck<\/h1>\n\n\n\n<p>Pr\u00e4sentationsprogramme sind f\u00fcr die Gestaltung von Beamer-Folien zur Vortragsunterst\u00fctzung geeignet. Textverarbeitungsprogramme sind f\u00fcr die Erstellung von Printmedien optimiert. Daher sollte vorher \u00fcberlegt werden, ob das Drucken der Folien sinnvoll ist.<\/p>\n\n\n\n<p>Sinnvoll kann ein Ausdruck von Folien f\u00fcr eine vortragende Person sein, z.B. wenn der Referentenmodus nicht vern\u00fcnftig einsetzbar oder wenn eine ausfallsichere Kopie der Vortragsnotizen gew\u00fcnscht wird.<\/p>\n\n\n\n<p>Sinvoll ist ein Ausdruck der Folien als Dokument f\u00fcr andere auch dann, wenn diese selbsterkl\u00e4rend sind (und dann hoffentlich nicht als Pr\u00e4sentationsfolien gebraucht werden) oder wenn die Pr\u00e4sentationsfolien in den zugeh\u00f6rigen Notizfeldern mit selbsterkl\u00e4renden Text erg\u00e4nzt wurden und die Notizfelder zusammen mit den Folien gedruckt werden.<\/p>\n\n\n\n<p>Folien k\u00f6nnen einzeln oder in Gruppen mit und ohne Kommentare zu den Folien ausgedruck werden.   <\/p>\n\n\n\n<h2 class=\"wp-block-heading\">\u00dcbungen<\/h2>\n\n\n\n<div class=\"su-accordion su-u-trim\">\n<div class=\"su-spoiler su-spoiler-style-fancy su-spoiler-icon-plus su-spoiler-closed\" data-scroll-offset=\"0\" data-anchor-in-url=\"no\"><div class=\"su-spoiler-title\" tabindex=\"0\" role=\"button\"><span class=\"su-spoiler-icon\"><\/span>Drucken<\/div><div class=\"su-spoiler-content su-u-clearfix su-u-trim\">\n<ol><li>Nehme eine bestehende Pr\u00e4sentation oder erstelle eine neue mit mehreren Folien.<\/li>\n<li>Wenn nicht vorhanden so schreibe einige Kommentare in die Notiz- bzw. Kommentarfelder unter den Folien.<\/li>\n<li>Drucke (oder erstelle ein PDF) gem\u00e4ss der folgenden Richtlinien:\n<ul><li>Gedruckte Vortragsnotizen f\u00fcr den eigenen Vortrag: W\u00e4hle ein geeignetes Druckformat um die Folien mit oder ohne Kommentar zu drucken.<\/li>\n<li>Selbsterkl\u00e4rende Folien (ohne Verwendung in einem Vortrag): W\u00e4hle ein geeignetes Druckformat um die Folien zu drucken.<\/li>\n<li>Vortragsfolien mit selbsterkl\u00e4renden Notizen zu den Folien drucken: W\u00e4hle ein geeignetes Druckformat um die Folien mit den zugeh\u00f6rigen Notizen zu drucken.<\/li><\/ul><\/li><\/ol>\n<\/div><\/div>\n<\/div>\n\n\n\n<div style=\"height:20px\" aria-hidden=\"true\" class=\"wp-block-spacer\"><\/div>\n\n\n<p><a class=\"back_button\" href=\"https:\/\/office.suud.ch\/index.php\/preintro\/\">\u25c4&nbsp;&nbsp;Zur\u00fcck&nbsp;<\/a><\/p>","protected":false},"excerpt":{"rendered":"<p>Druck Pr\u00e4sentationsprogramme sind f\u00fcr die Gestaltung von Beamer-Folien zur Vortragsunterst\u00fctzung geeignet. Textverarbeitungsprogramme sind f\u00fcr die Erstellung von Printmedien optimiert. Daher sollte vorher \u00fcberlegt werden, ob das Drucken der Folien sinnvoll ist. Sinnvoll kann ein Ausdruck von Folien f\u00fcr eine vortragende Person sein, z.B. wenn der Referentenmodus nicht vern\u00fcnftig einsetzbar oder wenn eine ausfallsichere Kopie der [&hellip;]<\/p>\n","protected":false},"author":1,"featured_media":0,"parent":0,"menu_order":0,"comment_status":"open","ping_status":"closed","template":"","meta":{"footnotes":""},"_links":{"self":[{"href":"https:\/\/office.suud.ch\/index.php\/wp-json\/wp\/v2\/pages\/538"}],"collection":[{"href":"https:\/\/office.suud.ch\/index.php\/wp-json\/wp\/v2\/pages"}],"about":[{"href":"https:\/\/office.suud.ch\/index.php\/wp-json\/wp\/v2\/types\/page"}],"author":[{"embeddable":true,"href":"https:\/\/office.suud.ch\/index.php\/wp-json\/wp\/v2\/users\/1"}],"replies":[{"embeddable":true,"href":"https:\/\/office.suud.ch\/index.php\/wp-json\/wp\/v2\/comments?post=538"}],"version-history":[{"count":7,"href":"https:\/\/office.suud.ch\/index.php\/wp-json\/wp\/v2\/pages\/538\/revisions"}],"predecessor-version":[{"id":1224,"href":"https:\/\/office.suud.ch\/index.php\/wp-json\/wp\/v2\/pages\/538\/revisions\/1224"}],"wp:attachment":[{"href":"https:\/\/office.suud.ch\/index.php\/wp-json\/wp\/v2\/media?parent=538"}],"curies":[{"name":"wp","href":"https:\/\/api.w.org\/{rel}","templated":true}]}}