{"id":643,"date":"2019-08-16T14:46:31","date_gmt":"2019-08-16T14:46:31","guid":{"rendered":"https:\/\/office.suud.ch\/?page_id=643"},"modified":"2023-10-09T16:03:39","modified_gmt":"2023-10-09T16:03:39","slug":"texgrundlagen","status":"publish","type":"page","link":"https:\/\/office.suud.ch\/index.php\/texgrundlagen\/","title":{"rendered":"TexGrundlagen"},"content":{"rendered":"\n<h1 class=\"wp-block-heading\">Grundlagen<\/h1>\n\n\n\n<p>Textverarbeitungsprogramme eigenen sich dazu, digitale Textdokumente zu erstellen. Dabei unterst\u00fctzen sie die folgenden Funktionen.<\/p>\n\n\n\n<ul>\n<li>Gleichzeitiges Schreiben von mehreren Personen im selben Dokument.<\/li>\n\n\n\n<li>Effizientes Schreiben, Gestalten und \u00dcberarbeiten von Dokumenten \u00fcber Kopier- und Einf\u00fcge-Funktionen, Suchen und Ersetzen, Formatvorlagen und Felder (automatisierte Inhalte)<\/li>\n\n\n\n<li>(Automatische) Korrekturfunktionen<\/li>\n\n\n\n<li>Einbindung von Grafik, Tabellen und Formeln<\/li>\n\n\n\n<li>Zahlreiche vorgefertigte Elemente (Listen, Verzeichnisse, etc.)<\/li>\n<\/ul>\n\n\n\n<h3 class=\"wp-block-heading\">Ansicht eines typischen Textverarbeitungsprogramms<\/h3>\n\n\n\n<div style=\"height:20px\" aria-hidden=\"true\" class=\"wp-block-spacer\"><\/div>\n\n\n\n<figure class=\"wp-block-image\"><img decoding=\"async\" src=\"https:\/\/office.suud.ch\/wp-content\/uploads\/2019\/08\/TexGrundlagen.png\" alt=\"\" class=\"wp-image-106\"\/><figcaption class=\"wp-element-caption\">Abb.1: Aufbau eines typischen Textverarbeitungsprogramms (Microsoft Word online)<\/figcaption><\/figure>\n\n\n\n<p>Das Hauptmen\u00fc eines typischen Textverarbeitungsprogramms besteht aus verschiedenen Registern (siehe Abb.1). Jedes Register ist in Gruppen unterteilt, welche mehrere Befehle enthalten. Z.B. befindet sich im Register &#171;Start&#187; die Gruppe &#171;Zwischenablage&#187; und darin der Befehl &#171;Einf\u00fcgen&#187;.<\/p>\n\n\n\n<h3 class=\"wp-block-heading\">Hilfe<\/h3>\n\n\n\n<p>Praktisch jedes Textverarbeitungsprogramm verf\u00fcgt \u00fcber eine eingebaute Hilfe. Diese ist in der Regel im Programmfenster in der oberen Men\u00fc-Leiste untergebracht und mit &#171;Hilfe&#187; oder &#171;?&#187; angeschrieben. Ebenso sind die meisten Textverarbeitungsprogramme gut im Internet dokumentiert. Eine entsprechende Internetsuche, welche auch den Namen des Textverarbeitungsprogramms enth\u00e4lt, f\u00fchrt h\u00e4ufig zur gew\u00fcnschten Antwort.<\/p>\n\n\n<div class=\"su-accordion su-u-trim texbox\"><div class=\"su-spoiler su-spoiler-style-fancy su-spoiler-icon-plus su-spoiler-closed\" data-scroll-offset=\"0\" data-anchor-in-url=\"no\"><div class=\"su-spoiler-title\" tabindex=\"0\" role=\"button\"><span class=\"su-spoiler-icon\"><\/span>\ud83d\udca1 Zusatz: Textverarbeitungsprogramme<\/div><div class=\"su-spoiler-content su-u-clearfix su-u-trim\">\nEine kleine \u00dcbersicht der g\u00e4ngigsten Textverarbeitungsprogramme.<\/p>\n<h3>WYSIWYG-Editoren<\/h3>\n<p>WYSIWYG-Editoren (What You See Is What You Get \u2013 zu Deutsch \u201eWas du siehst, ist, was du bekommst\u201c) zeigen prim\u00e4r das Dokument ungef\u00e4hr so, wie es gedruckt oder publiziert wird. Sie erlauben es, direkt in dieser Ansicht Inhalte (Text, Bilder, Tabellen, etc.) zu ver\u00e4ndern. Die Autorin \/ der Autor muss sich daher gleichermassen mit Inhalt und Layout auseinandersetzen.<\/p>\n<p><b>Offline-Texteditoren<\/b> werden auf dem Computer installiert und erlauben auch ohne Internetzugriff einfache Texte unkompliziert ohne grosse Formatierungen zu erstellen.<\/p>\n<ul>\n<li><a target=\"_blank\" href=\"http:\/\/de.wikipedia.org\/wiki\/Microsoft_Editor\" rel=\"noopener noreferrer\">Editor<\/a> (Windows, inbegriffen)<\/li>\n<li><a target=\"_blank\" href=\"http:\/\/de.wikipedia.org\/wiki\/TextEdit\" rel=\"noopener noreferrer\">TextEdit<\/a> (OS X, inbegriffen)<\/li>\n<li><a target=\"_blank\" href=\"http:\/\/de.wikipedia.org\/wiki\/Gedit\" rel=\"noopener noreferrer\">Gedit<\/a> (Linux, h\u00e4ufig inbegriffen, gratis)<\/li>\n<\/ul>\n<p><b>Online-Texteditoren<\/b> erlauben plattformunabh\u00e4ngig im Browser einfache Texte unkompliziert, ohne grosse Formatierungen mit anderen Personen zusammen \u00fcber das Internet zu erstellen.<\/p>\n<ul>\n<li><a target=\"_blank\" href=\"https:\/\/yourpart.eu\/\" rel=\"noopener noreferrer\">Etherpad Lite<\/a> (browserbasiert, gratis)<\/li>\n<li><a target=\"_blank\" href=\"https:\/\/edupad.ch\/\" rel=\"noopener noreferrer\">Edupad<\/a> (browserbasiert, gratis)<\/li>\n<li><a target=\"_blank\" href=\"http:\/\/etherpad.org\/\" rel=\"noopener noreferrer\">Etherpad<\/a> (download, mac OS, Windows, Linux, gratis)<\/li>\n<\/ul>\n<p><b>Offline-Textverarbeitungsprogramme<\/b> werden auf dem Computer installiert und erlauben auch ohne Internetzugriff umfangreiche Textdokumente zu erstellen und zu layouten.<\/p>\n<ul>\n<li><a target=\"_blank\" href=\"http:\/\/office.microsoft.com\/de-ch\/word\/\" rel=\"noopener noreferrer\">Microsoft Word<\/a> (Windows, OS X, kostenpflichtig)<\/li>\n<li><a target=\"_blank\" href=\"http:\/\/www.libreoffice.org\/discover\/writer\/\" rel=\"noopener noreferrer\">LibreOffice Writer<\/a> (Windows, OS X, Linux, gratis)<\/li>\n<\/ul>\n<p><b>Online-Textverarbeitungsprogramme<\/b> erlauben plattformunabh\u00e4ngig im Browser umfangreiche Textdokumente mit anderen \u00fcber das Internet zu erstellen und zu layouten.<\/p>\n<ul>\n<li><a target=\"_blank\" href=\"http:\/\/drive.google.com\/\" rel=\"noopener noreferrer\">Google Drive<\/a> (browserbasiert, plattformunabh\u00e4ngig, weniger Funktionen als Microsoft PowerPoint oder LibreOffice Impress, gratis, braucht [gratis] Google-Konto)<\/li>\n<li><a target=\"_blank\" href=\"http:\/\/office.com\/\" rel=\"noopener noreferrer\">Windows Office Online<\/a> (browserbasiert, plattformunabh\u00e4ngig, weniger Funktionen als Microsoft PowerPoint oder LibreOffice Impress, gratis, braucht [gratis] Microsoft Konto [dazu auf <a target=\"_blank\" href=\"http:\/\/outlook.com\/\" rel=\"noopener noreferrer\">outlook.com<\/a> gehen und unter Mein Konto ein neues Konto registrieren])<\/li>\n<\/ul>\n<p><b>Desktop-Publishing<\/b> Programme bieten in der Regel mehr M\u00f6glichkeiten bei der Gestaltung komplexer Layouts und Grafiken als herk\u00f6mmliche Textverarbeitungsprogramme. Sie werden vorwiegend im professionellen Bereich eingesetzt und sind teurer als herk\u00f6mmliche Textverarbeitungsprogramme.<\/p>\n<ul>\n<li><a arget=\"_blank\" href=\"http:\/\/www.adobe.com\/de\/products\/indesign.html\">Adobe InDesign<\/a> (Windows, OS X, kostenpflichtig)<\/li>\n<li><a target=\"_blank\" href=\"http:\/\/www.quark.com\/de\/Products\/QuarkXPress\/\" rel=\"noopener noreferrer\">QuarkXPress<\/a> (Windows, OS X, kostenpflichtig)<\/li>\n<li><a target=\"_blank\" href=\"http:\/\/www.apple.com\/de\/iwork\/pages\/\" rel=\"noopener noreferrer\">Pages<\/a> (OS X, kostenpflichtig)<\/li>\n<\/ul>\n<h3>WYSIWYM-Editoren<\/h3>\n<p>WYSIWYM-Editoren (What You See Is What You Mean \u2013 zu Deutsch \u201eWas du siehst, ist, was du beabsichtigst\u201c) nutzen eine Art &#171;Anweisungssprache&#187;, um Dokumente zu erstellen. Dazu wird ein Quelltext erstellt, welcher neben dem Dokumenttext Anweisungen enth\u00e4lt, wie der Dokumenttext darzustellen ist. Anschliessend wird der Quelltext in das eigentliche Dokument umgewandelt. Einerseits ist es so nicht m\u00f6glich direkt im Dokument \u00c4nderungen vorzunehmen, andererseits muss sich die Autorin \/ der Autor weniger um das Layout k\u00fcmmern \u2013 dieses wird automatisch nach ergonomischen Layoutrichtlinien umgesetzt.<\/p>\n<ul>\n<li><a target=\"_blank\" href=\"http:\/\/www.lyx.org\/WebDe.Home\" rel=\"noopener noreferrer\">Lyx, LaTeX<\/a> (Windows, OS X, Linux, gratis)<\/li>\n<\/ul>\n<\/div><\/div>\n<\/div>\n\n\n\n<h2 class=\"wp-block-heading\">\u00dcbungen<\/h2>\n\n\n<div class=\"su-accordion su-u-trim texbox\"><div class=\"su-spoiler su-spoiler-style-fancy su-spoiler-icon-plus su-spoiler-closed\" data-scroll-offset=\"0\" data-anchor-in-url=\"no\"><div class=\"su-spoiler-title\" tabindex=\"0\" role=\"button\"><span class=\"su-spoiler-icon\"><\/span>Maustasten \/ Touchpad<\/div><div class=\"su-spoiler-content su-u-clearfix su-u-trim\">\n<iframe src=\"https:\/\/learningapps.org\/watch?v=pr2rjxpdj16\" style=\"border:0px;width:100%;height:500px\" webkitallowfullscreen=\"true\" mozallowfullscreen=\"true\"><\/iframe><br \/>\n<\/div><\/div>\n<div class=\"su-spoiler su-spoiler-style-fancy su-spoiler-icon-plus su-spoiler-closed\" data-scroll-offset=\"0\" data-anchor-in-url=\"no\"><div class=\"su-spoiler-title\" tabindex=\"0\" role=\"button\"><span class=\"su-spoiler-icon\"><\/span>Hilfe<\/div><div class=\"su-spoiler-content su-u-clearfix su-u-trim\">\n<ol>\n<li>Lass dir die Namen verschiedener Befehle im Textverarbeitungsprogramm anzeigen, indem du den Mauszeiger \u2013 ohne zu klicken \u2013 auf ein Men\u00fc-Symbol f\u00e4hrst und etwas wartest (in den meisten Textverarbeitungsprogrammen wird der Name des Befehls eingeblendet).<\/li>\n<li>Schlage den Gebrauch eines dieser Befehle in der eingebauten Hilfe nach.<\/li>\n<li>Recherchiere den Gebrauch dieses Befehls zus\u00e4tzlich im Internet.<br \/> <em>Tipp: Schreibe den Namen des Textverarbeitungsprogramms mit in die Suchfrage.<\/em><\/li>\n<li>Vergleiche die beiden Erkl\u00e4rungen der eingebauten Hilfe und des Internets miteinander. Welche ist hilfreicher? Wie m\u00f6chtest du in Zukunft bei solchen Fragen vorgehen?<\/li>\n<\/ol>\n<\/div><\/div>\n<\/div>\n\n\n\n<div style=\"height:20px\" aria-hidden=\"true\" class=\"wp-block-spacer\"><\/div>\n\n\n<p><a class=\"back_button\" href=\"https:\/\/office.suud.ch\/index.php\/texintro\/\">\u25c4&nbsp;&nbsp;Zur\u00fcck&nbsp;<\/a><\/p>","protected":false},"excerpt":{"rendered":"<p>Grundlagen Textverarbeitungsprogramme eigenen sich dazu, digitale Textdokumente zu erstellen. Dabei unterst\u00fctzen sie die folgenden Funktionen. Ansicht eines typischen Textverarbeitungsprogramms Das Hauptmen\u00fc eines typischen Textverarbeitungsprogramms besteht aus verschiedenen Registern (siehe Abb.1). Jedes Register ist in Gruppen unterteilt, welche mehrere Befehle enthalten. Z.B. befindet sich im Register &#171;Start&#187; die Gruppe &#171;Zwischenablage&#187; und darin der Befehl &#171;Einf\u00fcgen&#187;. Hilfe [&hellip;]<\/p>\n","protected":false},"author":1,"featured_media":0,"parent":0,"menu_order":0,"comment_status":"open","ping_status":"closed","template":"","meta":{"footnotes":""},"_links":{"self":[{"href":"https:\/\/office.suud.ch\/index.php\/wp-json\/wp\/v2\/pages\/643"}],"collection":[{"href":"https:\/\/office.suud.ch\/index.php\/wp-json\/wp\/v2\/pages"}],"about":[{"href":"https:\/\/office.suud.ch\/index.php\/wp-json\/wp\/v2\/types\/page"}],"author":[{"embeddable":true,"href":"https:\/\/office.suud.ch\/index.php\/wp-json\/wp\/v2\/users\/1"}],"replies":[{"embeddable":true,"href":"https:\/\/office.suud.ch\/index.php\/wp-json\/wp\/v2\/comments?post=643"}],"version-history":[{"count":32,"href":"https:\/\/office.suud.ch\/index.php\/wp-json\/wp\/v2\/pages\/643\/revisions"}],"predecessor-version":[{"id":1410,"href":"https:\/\/office.suud.ch\/index.php\/wp-json\/wp\/v2\/pages\/643\/revisions\/1410"}],"wp:attachment":[{"href":"https:\/\/office.suud.ch\/index.php\/wp-json\/wp\/v2\/media?parent=643"}],"curies":[{"name":"wp","href":"https:\/\/api.w.org\/{rel}","templated":true}]}}