{"id":663,"date":"2019-08-24T14:49:41","date_gmt":"2019-08-24T14:49:41","guid":{"rendered":"https:\/\/office.suud.ch\/?page_id=663"},"modified":"2023-10-09T15:32:38","modified_gmt":"2023-10-09T15:32:38","slug":"texzusammenarbeit","status":"publish","type":"page","link":"https:\/\/office.suud.ch\/index.php\/texzusammenarbeit\/","title":{"rendered":"TexZusammenarbeit"},"content":{"rendered":"\n<h1 class=\"wp-block-heading\">Online Zusammenarbeiten<\/h1>\n\n\n\n<h3 class=\"wp-block-heading\">Gemeinsam Textdokumente erstellen<\/h3>\n\n\n\n<p>Online-Textverarbeitungsprogramme erm\u00f6glichen es, dass mehrere Personen von verschiedenen Orten aus gleichzeitig an ein und demselben Textdokument arbeiten k\u00f6nnen. Diese Form der Zusammenarbeit eignet sich f\u00fcr schulische Gruppenarbeiten und wird auch in der Berufspraxis h\u00e4ufig eingesetzt.<\/p>\n\n\n\n<p>Reine Offline-Textverarbeitungsprogramme bieten diesen Komfort nicht. \u00dcber einen Cloudspeicher k\u00f6nnen zwar Textdokumente geteilt, aber nicht gleichzeitig bearbeitet werden.<\/p>\n\n\n\n<p>Das gemeinsame Arbeiten braucht eine gewisse R\u00fccksichtnahme und Absprache. Wenn sich nicht alle Personen am gleichen Ort befinden, l\u00e4sst sich daf\u00fcr meist ein integrierter Chat nutzen. Alternativ kann es sinnvoll sein, sich zus\u00e4tzlich per Audio- oder Videochat auszutauschen.<\/p>\n\n\n\n<p>Ein Textdokument, an dem gemeinsam gearbeitet werden soll, muss von einer Person erstellt und online bereitgestellt werden. Diese Person l\u00e4dt alle anderen Personen zum Textdokument ein oder l\u00e4sst ihnen einen Link auf das Dokument zukommen. Dabei kann auch eingestellt werden, ob die Mitarbeitenden nur lesen, nur kommentieren oder das Textdokument auch ver\u00e4ndern k\u00f6nnen.<\/p>\n\n\n<div class=\"su-accordion su-u-trim texbox\"><div class=\"su-spoiler su-spoiler-style-fancy su-spoiler-icon-plus su-spoiler-closed\" data-scroll-offset=\"0\" data-anchor-in-url=\"no\"><div class=\"su-spoiler-title\" tabindex=\"0\" role=\"button\"><span class=\"su-spoiler-icon\"><\/span>Zusatz: Ein Einsatzbeispiel<\/div><div class=\"su-spoiler-content su-u-clearfix su-u-trim\">\n<p>In einer Gruppenarbeit kann ein gemeinsames Textdokument als Materialablage dienen.<\/p>\n<p>In einem ersten Schritt k\u00f6nnen alle in der Gruppe unabh\u00e4ngig voneinander recherchieren und Bilder etc. bereits im Textdokument ablegen.<\/p>\n<p>In einem zweiten Schritt kann gemeinsam eine Auswahl getroffen und das Textdokument fertiggestellt werden. F\u00fcr diesen Schritt ist es sinnvoll, wenn alle in der Gruppe gleichzeitig zusammenarbeiten \u2013 im selben Raum oder von verschiedenen Orten aus.<\/p>\n<\/div><\/div>\n<\/div>\n\n\n\n<h2 class=\"wp-block-heading\">\u00dcbungen<\/h2>\n\n\n<div class=\"su-accordion su-u-trim texbox\"><div class=\"su-spoiler su-spoiler-style-fancy su-spoiler-icon-plus su-spoiler-closed\" data-scroll-offset=\"0\" data-anchor-in-url=\"no\"><div class=\"su-spoiler-title\" tabindex=\"0\" role=\"button\"><span class=\"su-spoiler-icon\"><\/span>Online Zusammenarbeiten<\/div><div class=\"su-spoiler-content su-u-clearfix su-u-trim\">\n<em>Suche dir f\u00fcr diese \u00dcbung eine zweite Person (oder arbeite mit zwei verschiedenen Browser-Fenstern).<\/em><\/p>\n<ol>\n<li>Erzeuge ein neues Textdokument, welches du online freigeben kannst.<\/li>\n<li>Gib das Textdokument der anderen Person geeignet frei, sodass die andere Person editieren kann. (Bei der Zwei-Browser-Variante kann das Textdokument \u00fcber den Freigabelink im anderen Browser-Fenster ge\u00f6ffnet werden.)<\/li>\n<li>F\u00fcllt das Textdokument mit etwas Inhalt.<\/li>\n<li>Findet heraus, wie der integrierte Chat funktioniert.<\/li>\n<li>Bei Bedarf k\u00f6nnt ihr euch zus\u00e4tzlich \u00fcber Audio- oder Videochat unterhalten.<\/li>\n<\/ol>\n<\/div><\/div>\n<\/div>\n\n\n\n<h2 class=\"wp-block-heading\">Umsetzungstipps<\/h2>\n\n\n<div class=\"su-accordion su-u-trim texbox\"><div class=\"su-spoiler su-spoiler-style-fancy su-spoiler-icon-plus su-spoiler-closed\" data-scroll-offset=\"0\" data-anchor-in-url=\"no\"><div class=\"su-spoiler-title\" tabindex=\"0\" role=\"button\"><span class=\"su-spoiler-icon\"><\/span>Microsoft Word<\/div><div class=\"su-spoiler-content su-u-clearfix su-u-trim\">\nMit Word offline ist ein gleichzeitiges Bearbeiten von Textdokumenten auch vom Desktop aus m\u00f6glich. Daf\u00fcr muss das Textdokument zus\u00e4tzlich auf OneDrive (online) gespeichert werden. Weiter m\u00fcssen alle Personen, die bearbeiten sollen, den OneDrive-Link und entsprechende Zugriffsrechte bekommen.<br \/>\n<\/div><\/div>\n<div class=\"su-spoiler su-spoiler-style-fancy su-spoiler-icon-plus su-spoiler-closed\" data-scroll-offset=\"0\" data-anchor-in-url=\"no\"><div class=\"su-spoiler-title\" tabindex=\"0\" role=\"button\"><span class=\"su-spoiler-icon\"><\/span>Microsoft Word online<\/div><div class=\"su-spoiler-content su-u-clearfix su-u-trim\">\nEin gleichzeitiges Bearbeiten ist m\u00f6glich.<br \/>\n<\/div><\/div>\n<div class=\"su-spoiler su-spoiler-style-fancy su-spoiler-icon-plus su-spoiler-closed\" data-scroll-offset=\"0\" data-anchor-in-url=\"no\"><div class=\"su-spoiler-title\" tabindex=\"0\" role=\"button\"><span class=\"su-spoiler-icon\"><\/span>Google Docs<\/div><div class=\"su-spoiler-content su-u-clearfix su-u-trim\">\nEin gleichzeitiges Bearbeiten ist m\u00f6glich.<br \/>\n<\/div><\/div>\n<div class=\"su-spoiler su-spoiler-style-fancy su-spoiler-icon-plus su-spoiler-closed\" data-scroll-offset=\"0\" data-anchor-in-url=\"no\"><div class=\"su-spoiler-title\" tabindex=\"0\" role=\"button\"><span class=\"su-spoiler-icon\"><\/span>LibreOffice \/ OpenOffice Writer<\/div><div class=\"su-spoiler-content su-u-clearfix su-u-trim\">\nEin gleichzeitiges Bearbeiten ist nicht ohne weiteres m\u00f6glich. LibreOffice \/ OpenOffice Writer arbeitet offline.<br \/>\n<\/div><\/div>\n<\/div>\n\n\n\n<div style=\"height:20px\" aria-hidden=\"true\" class=\"wp-block-spacer\"><\/div>\n\n\n<p><a class=\"back_button\" href=\"https:\/\/office.suud.ch\/index.php\/texintro\/\">\u25c4&nbsp;&nbsp;Zur\u00fcck&nbsp;<\/a><\/p>","protected":false},"excerpt":{"rendered":"<p>Online Zusammenarbeiten Gemeinsam Textdokumente erstellen Online-Textverarbeitungsprogramme erm\u00f6glichen es, dass mehrere Personen von verschiedenen Orten aus gleichzeitig an ein und demselben Textdokument arbeiten k\u00f6nnen. Diese Form der Zusammenarbeit eignet sich f\u00fcr schulische Gruppenarbeiten und wird auch in der Berufspraxis h\u00e4ufig eingesetzt. Reine Offline-Textverarbeitungsprogramme bieten diesen Komfort nicht. \u00dcber einen Cloudspeicher k\u00f6nnen zwar Textdokumente geteilt, aber nicht [&hellip;]<\/p>\n","protected":false},"author":1,"featured_media":0,"parent":0,"menu_order":0,"comment_status":"open","ping_status":"closed","template":"","meta":{"footnotes":""},"_links":{"self":[{"href":"https:\/\/office.suud.ch\/index.php\/wp-json\/wp\/v2\/pages\/663"}],"collection":[{"href":"https:\/\/office.suud.ch\/index.php\/wp-json\/wp\/v2\/pages"}],"about":[{"href":"https:\/\/office.suud.ch\/index.php\/wp-json\/wp\/v2\/types\/page"}],"author":[{"embeddable":true,"href":"https:\/\/office.suud.ch\/index.php\/wp-json\/wp\/v2\/users\/1"}],"replies":[{"embeddable":true,"href":"https:\/\/office.suud.ch\/index.php\/wp-json\/wp\/v2\/comments?post=663"}],"version-history":[{"count":12,"href":"https:\/\/office.suud.ch\/index.php\/wp-json\/wp\/v2\/pages\/663\/revisions"}],"predecessor-version":[{"id":1397,"href":"https:\/\/office.suud.ch\/index.php\/wp-json\/wp\/v2\/pages\/663\/revisions\/1397"}],"wp:attachment":[{"href":"https:\/\/office.suud.ch\/index.php\/wp-json\/wp\/v2\/media?parent=663"}],"curies":[{"name":"wp","href":"https:\/\/api.w.org\/{rel}","templated":true}]}}