{"id":733,"date":"2019-08-28T20:58:20","date_gmt":"2019-08-28T20:58:20","guid":{"rendered":"https:\/\/office.suud.ch\/?page_id=733"},"modified":"2023-10-10T18:05:16","modified_gmt":"2023-10-10T18:05:16","slug":"texkopffusszeilen1","status":"publish","type":"page","link":"https:\/\/office.suud.ch\/index.php\/texkopffusszeilen1\/","title":{"rendered":"TexKopfFusszeilen1"},"content":{"rendered":"\n<h1 class=\"wp-block-heading\">Einfache Kopf- und Fusszeilen<\/h1>\n\n\n\n<p>Oft m\u00f6chte man auf jeder Seite eine Seitenzahl, den Namen des aktuellen Kapitels, den Namen der Autoren etc. lesen k\u00f6nnen. F\u00fcr diesem Zweck sind ganz oben und ganz unten auf einer Seite separate Bereiche vorgesehen, oben die &#171;Kopfzeile&#187; und unten die &#171;Fusszeile&#187;.<\/p>\n\n\n\n<p>Ohne weiteres Zutun f\u00fcgen die g\u00e4ngigen Textverarbeitungsprogramme den gleichen Kopf- und Fusszeileninhalt auf allen Seiten ein. Diese Verwendung wird in diesem Konzept-Kapitel beschrieben. Im Konzept-Kapitel <a href=\"href=\" target=\"_blank\" rel=\"noopener noreferrer\">Komplexe Kopf- und Fusszeilen<\/a> wird dar\u00fcber hinaus behandelt, wie man unterschiedliche Kopf- und Fusszeilen in ein und dasselbe Dokument einbaut.<\/p>\n\n\n\n<h2 class=\"wp-block-heading\">\u00dcbungen<\/h2>\n\n\n<div class=\"su-accordion su-u-trim texbox\"><div class=\"su-spoiler su-spoiler-style-fancy su-spoiler-icon-plus su-spoiler-closed\" data-scroll-offset=\"0\" data-anchor-in-url=\"no\"><div class=\"su-spoiler-title\" tabindex=\"0\" role=\"button\"><span class=\"su-spoiler-icon\"><\/span>Kopf- und Fusszielen bearbeiten<\/div><div class=\"su-spoiler-content su-u-clearfix su-u-trim\">\n<ol>\n<li>Finde heraus, wie du in deinem Textverarbeitungsprogramm in die Kopf- und Fusszeilen wechselt.<\/li>\n<li>F\u00fcge Seitenzahlen ein, und zwar so, dass die Seitenzahlen automatisch erzeugt werden (daf\u00fcr gibt es in den meisten Textverarbeitungsprogrammen einen entsprechenden Befehl bei den Kopf- und Fusszeilen oder unter &#171;Einf\u00fcgen&#187;).<\/li>\n<li>F\u00fcge zus\u00e4tzlich deinen Namen an geeigneter Stelle ein.<\/li>\n<\/ol>\n<\/div><\/div>\n<\/div>\n\n\n\n<div style=\"height:20px\" aria-hidden=\"true\" class=\"wp-block-spacer\"><\/div>\n\n\n<p><a class=\"back_button\" href=\"https:\/\/office.suud.ch\/index.php\/texintro\/\">\u25c4&nbsp;&nbsp;Zur\u00fcck&nbsp;<\/a><\/p>","protected":false},"excerpt":{"rendered":"<p>Einfache Kopf- und Fusszeilen Oft m\u00f6chte man auf jeder Seite eine Seitenzahl, den Namen des aktuellen Kapitels, den Namen der Autoren etc. lesen k\u00f6nnen. F\u00fcr diesem Zweck sind ganz oben und ganz unten auf einer Seite separate Bereiche vorgesehen, oben die &#171;Kopfzeile&#187; und unten die &#171;Fusszeile&#187;. Ohne weiteres Zutun f\u00fcgen die g\u00e4ngigen Textverarbeitungsprogramme den gleichen [&hellip;]<\/p>\n","protected":false},"author":1,"featured_media":0,"parent":0,"menu_order":0,"comment_status":"open","ping_status":"closed","template":"","meta":{"footnotes":""},"_links":{"self":[{"href":"https:\/\/office.suud.ch\/index.php\/wp-json\/wp\/v2\/pages\/733"}],"collection":[{"href":"https:\/\/office.suud.ch\/index.php\/wp-json\/wp\/v2\/pages"}],"about":[{"href":"https:\/\/office.suud.ch\/index.php\/wp-json\/wp\/v2\/types\/page"}],"author":[{"embeddable":true,"href":"https:\/\/office.suud.ch\/index.php\/wp-json\/wp\/v2\/users\/1"}],"replies":[{"embeddable":true,"href":"https:\/\/office.suud.ch\/index.php\/wp-json\/wp\/v2\/comments?post=733"}],"version-history":[{"count":4,"href":"https:\/\/office.suud.ch\/index.php\/wp-json\/wp\/v2\/pages\/733\/revisions"}],"predecessor-version":[{"id":1443,"href":"https:\/\/office.suud.ch\/index.php\/wp-json\/wp\/v2\/pages\/733\/revisions\/1443"}],"wp:attachment":[{"href":"https:\/\/office.suud.ch\/index.php\/wp-json\/wp\/v2\/media?parent=733"}],"curies":[{"name":"wp","href":"https:\/\/api.w.org\/{rel}","templated":true}]}}