{"id":743,"date":"2019-08-28T21:44:31","date_gmt":"2019-08-28T21:44:31","guid":{"rendered":"https:\/\/office.suud.ch\/?page_id=743"},"modified":"2023-10-13T20:47:41","modified_gmt":"2023-10-13T20:47:41","slug":"texueberschriften","status":"publish","type":"page","link":"https:\/\/office.suud.ch\/index.php\/texueberschriften\/","title":{"rendered":"Tex\u00dcberschriften"},"content":{"rendered":"\n<h1 class=\"wp-block-heading\">\u00dcberschriften (Einstieg Formatvorlagen)<\/h1>\n\n\n<p>\u00dcberschriften erlauben es, Texte zu strukturieren und zu gliedern. Z. B. werden Texte durch Kapitel\u00fcberschriften in einzelne Kapitel und Unterkapitel unterteilt.<\/p>\n\n\n<div class=\"wp-block-columns is-layout-flex wp-container-core-columns-layout-1 wp-block-columns-is-layout-flex\">\n<div class=\"wp-block-column is-layout-flow wp-block-column-is-layout-flow\"><\/div>\n\n\n\n<div class=\"wp-block-column is-layout-flow wp-block-column-is-layout-flow\">\n<h2 class=\"wp-block-heading\">Kapitel-\u00dcberschrift<\/h2>\n\n\n\n<h3 class=\"wp-block-heading\">Unterkapitel-\u00dcberschrift<\/h3>\n\n\n\n<p>Text<\/p>\n<\/div>\n\n\n\n<div class=\"wp-block-column is-layout-flow wp-block-column-is-layout-flow\"><\/div>\n<\/div>\n\n\n\n<p>Der einfachste und eleganteste Weg, um einen Text als \u00dcberschrift erscheinen zu lassen, besteht darin, den Text zu markieren und diesem die Formatvorlagen &#171;\u00dcberschrift&#187; zuzuordnen. Dadurch sehen alle \u00dcberschriften einheitlich aus und es werden weitere Funktionen unterst\u00fctzt, wie das Erstellen von Inhaltsverzeichnissen oder das einfache Anpassen des Aussehens von \u00dcberschriften.<\/p>\n\n\n\n<p>In diesem Konzept-Kapitel wird jedoch nur auf den grundlegenden Einsatz und die grundlegende Formatierung von \u00dcberschriften eingegangen. Ein umfassender Umgang mit Formatvorlagen wird im Konzept <a href=\"https:\/\/office.suud.ch\/index.php\/texformatvorlagen\/\">Formatvorlagen<\/a> beschrieben.<\/p>\n\n\n\n<h2 class=\"wp-block-heading\">\u00dcbungen<\/h2>\n\n\n<div class=\"su-accordion su-u-trim texbox\"><div class=\"su-spoiler su-spoiler-style-fancy su-spoiler-icon-plus su-spoiler-closed\" data-scroll-offset=\"0\" data-anchor-in-url=\"no\"><div class=\"su-spoiler-title\" tabindex=\"0\" role=\"button\"><span class=\"su-spoiler-icon\"><\/span>Vorteile von \u00dcberschrift (-Formatvorlagen)<\/div><div class=\"su-spoiler-content su-u-clearfix su-u-trim\">\n<iframe src=\"https:\/\/learningapps.org\/watch?v=psymbu0xc18\" style=\"border:0px;width:100%;height:500px\" webkitallowfullscreen=\"true\" mozallowfullscreen=\"true\"><\/iframe><br \/>\n<\/div><\/div>\n<div class=\"su-spoiler su-spoiler-style-fancy su-spoiler-icon-plus su-spoiler-closed\" data-scroll-offset=\"0\" data-anchor-in-url=\"no\"><div class=\"su-spoiler-title\" tabindex=\"0\" role=\"button\"><span class=\"su-spoiler-icon\"><\/span>\u00dcberschriften zuweisen und \u00e4ndern<\/div><div class=\"su-spoiler-content su-u-clearfix su-u-trim\">\n<ol>\n<li>Schreibe in ein Dokument:<br \/>Kapitel<br \/>Unterkapitel<br \/>Unterkapitel<br \/>Kapitel<br \/>Unterkapitel<br \/>Unterkapitel<br \/>und f\u00fcge dazwischen einzelne Text-Abs\u00e4tze ein (siehe Konzept <a target=\"_blank\" href=\"https:\/\/office.suud.ch\/index.php\/texfuelltext\/\" rel=\"noopener noreferrer\">F\u00fclltext erzeugen<\/a>).<\/li>\n<li>Ordne den Kapitel-\u00dcberschriften und den Unterkapitel-\u00dcberschriften entsprechende \u00dcberschrift-Formatvorlagen zu.<\/li>\n<li>Recherchiere im Internet, wie man eine Formatvorlage \u00e4ndern kann und passe das Layout der \u00dcberschriften an. Wenn du alles richtig gemacht hast, so \u00e4ndern sich alle \u00dcberschriften automatisch, wenn du eine \u00c4nderung der entsprechenden \u00dcberschrift-Formatvorlage vornimmst.<\/li>\n<\/ol>\n<\/div><\/div>\n<\/div>\n\n\n\n<h2 class=\"wp-block-heading\">Umsetzungstipps<\/h2>\n\n\n<div class=\"su-accordion su-u-trim texbox\"><div class=\"su-spoiler su-spoiler-style-fancy su-spoiler-icon-plus su-spoiler-closed\" data-scroll-offset=\"0\" data-anchor-in-url=\"no\"><div class=\"su-spoiler-title\" tabindex=\"0\" role=\"button\"><span class=\"su-spoiler-icon\"><\/span>Microsoft Word online<\/div><div class=\"su-spoiler-content su-u-clearfix su-u-trim\">\n<p>Formatvorlagen lassen sich zwar zuordnen, jedoch deren Layout nicht \u00e4ndern.<\/p>\n<\/div><\/div>\n<div class=\"su-spoiler su-spoiler-style-fancy su-spoiler-icon-plus su-spoiler-closed\" data-scroll-offset=\"0\" data-anchor-in-url=\"no\"><div class=\"su-spoiler-title\" tabindex=\"0\" role=\"button\"><span class=\"su-spoiler-icon\"><\/span>Google Docs<\/div><div class=\"su-spoiler-content su-u-clearfix su-u-trim\">\n<p>Eine Formatvorlage kann ge\u00e4ndert werden, indem man das Aussehen einer der \u00dcberschriften \u00e4ndert und danach im Formatvorlagen-Auswahl-Men\u00fc zu dieser Formatvorlage navigiert und \u00fcber den kleinen Pfeil \u25ba am rechten Rand diese \u00c4nderung auf alle anderen Textstellen mit dieser Formatvorlage \u00fcbertr\u00e4gt.<\/p>\n<\/div><\/div>\n<div class=\"su-spoiler su-spoiler-style-fancy su-spoiler-icon-plus su-spoiler-closed\" data-scroll-offset=\"0\" data-anchor-in-url=\"no\"><div class=\"su-spoiler-title\" tabindex=\"0\" role=\"button\"><span class=\"su-spoiler-icon\"><\/span>Microsoft Word<\/div><div class=\"su-spoiler-content su-u-clearfix su-u-trim\">\n<p>Im Register &#171;Entwurf&#187; l\u00e4sst sich in der Gruppe &#171;Dokumentformatierung&#187; das grundlegende Aussehen von \u00dcberschriften und normalen Text im ganzen Dokument einstellen. <strong>Achtung!<\/strong> diese Auswahl \u00fcberschreibt alle bis dahin gemachten Layout-\u00c4nderungen an den Schriften.<\/p>\n<\/div><\/div>\n<\/div>\n\n\n\n<div style=\"height:20px\" aria-hidden=\"true\" class=\"wp-block-spacer\"><\/div>\n\n\n<p><a class=\"back_button\" href=\"https:\/\/office.suud.ch\/index.php\/texintro\/\">\u25c4&nbsp;&nbsp;Zur\u00fcck&nbsp;<\/a><\/p>","protected":false},"excerpt":{"rendered":"<p>\u00dcberschriften (Einstieg Formatvorlagen) \u00dcberschriften erlauben es, Texte zu strukturieren und zu gliedern. Z. B. werden Texte durch Kapitel\u00fcberschriften in einzelne Kapitel und Unterkapitel unterteilt. Kapitel-\u00dcberschrift Unterkapitel-\u00dcberschrift Text Der einfachste und eleganteste Weg, um einen Text als \u00dcberschrift erscheinen zu lassen, besteht darin, den Text zu markieren und diesem die Formatvorlagen &#171;\u00dcberschrift&#187; zuzuordnen. Dadurch sehen alle [&hellip;]<\/p>\n","protected":false},"author":1,"featured_media":0,"parent":0,"menu_order":0,"comment_status":"open","ping_status":"closed","template":"","meta":{"footnotes":""},"_links":{"self":[{"href":"https:\/\/office.suud.ch\/index.php\/wp-json\/wp\/v2\/pages\/743"}],"collection":[{"href":"https:\/\/office.suud.ch\/index.php\/wp-json\/wp\/v2\/pages"}],"about":[{"href":"https:\/\/office.suud.ch\/index.php\/wp-json\/wp\/v2\/types\/page"}],"author":[{"embeddable":true,"href":"https:\/\/office.suud.ch\/index.php\/wp-json\/wp\/v2\/users\/1"}],"replies":[{"embeddable":true,"href":"https:\/\/office.suud.ch\/index.php\/wp-json\/wp\/v2\/comments?post=743"}],"version-history":[{"count":14,"href":"https:\/\/office.suud.ch\/index.php\/wp-json\/wp\/v2\/pages\/743\/revisions"}],"predecessor-version":[{"id":1518,"href":"https:\/\/office.suud.ch\/index.php\/wp-json\/wp\/v2\/pages\/743\/revisions\/1518"}],"wp:attachment":[{"href":"https:\/\/office.suud.ch\/index.php\/wp-json\/wp\/v2\/media?parent=743"}],"curies":[{"name":"wp","href":"https:\/\/api.w.org\/{rel}","templated":true}]}}