{"id":762,"date":"2019-08-29T07:33:55","date_gmt":"2019-08-29T07:33:55","guid":{"rendered":"https:\/\/office.suud.ch\/?page_id=762"},"modified":"2023-10-11T13:05:11","modified_gmt":"2023-10-11T13:05:11","slug":"texfussnoten","status":"publish","type":"page","link":"https:\/\/office.suud.ch\/index.php\/texfussnoten\/","title":{"rendered":"TexFussnoten"},"content":{"rendered":"\n<h1 class=\"wp-block-heading\">Fussnoten<\/h1>\n\n\n<p>Manchmal m\u00f6chte man einem Text Bemerkungen hinzuf\u00fcgen, welche nicht in den Text selber geh\u00f6ren, jedoch wertvoll sein k\u00f6nnen. Solche Bemerkungen lassen sich elegant unten auf der Seite in Fussnoten<sup>1<\/sup> auslagern \u2013 der Textfluss wird dadurch nicht gest\u00f6rt.<\/p>\n<hr \/>\n<p style=\"font-size: smaller;\"><sup>1<\/sup> Das Vorhandensein einer Fussnote wird im Text durch eine kleine, hochgestellte Nummer angezeigt, dem Fussnotenzeichen. Der zugeh\u00f6rige Fussnotentext wird unten auf der gleichen Seite in kleinerer Schriftgr\u00f6sse angezeigt (dies ist der Fussnotentext in diesem Beispiel, ausnahmsweise steht dieser hier jedoch nicht am Seitenende).<\/p>\n\n<div class=\"su-accordion su-u-trim texbox\"><div class=\"su-spoiler su-spoiler-style-fancy su-spoiler-icon-plus su-spoiler-closed\" data-scroll-offset=\"0\" data-anchor-in-url=\"no\"><div class=\"su-spoiler-title\" tabindex=\"0\" role=\"button\"><span class=\"su-spoiler-icon\"><\/span>Zusatz: Fussnote mehrfach erw\u00e4hnen<\/div><div class=\"su-spoiler-content su-u-clearfix su-u-trim\">\n<p>Soll auf ein und denselben Fussnotentext auf derselben Seite mehrfach verwiesen werden, so muss das zugeh\u00f6rige Fussnotenzeichen nicht einmal, sondern mehrfach eingef\u00fcgt werden. Das Problem dabei, die meisten Textverarbeitungsprogramme nummerieren die Fussnoten automatisch durch.<\/p>\n<p>Nat\u00fcrlich kann von Hand eine entsprechende Zahl eingef\u00fcgt und formatiert werden. Der Nachteil: \u00c4ndert die Fussnotennummer, so muss die Zahl nachtr\u00e4glich angepasst werden. Die elegante L\u00f6sung (welche von einigen Textverarbeitungsprogrammen unterst\u00fctzt wird): Es wird anstatt einer normalen Fussnotennummer ein Querverweis auf die Fussnote eingef\u00fcgt (siehe Konzept <a target=\"_blank\" href=\"https:\/\/office.suud.ch\/index.php\/texfelder\/\" rel=\"noopener noreferrer\">Felder (automatisierte Inhalte)<\/a>).<\/p>\n<\/ol>\n<\/div><\/div>\n<\/div>\n\n\n\n<h2 class=\"wp-block-heading\">\u00dcbungen<\/h2>\n\n\n<div class=\"su-accordion su-u-trim texbox\"><div class=\"su-spoiler su-spoiler-style-fancy su-spoiler-icon-plus su-spoiler-closed\" data-scroll-offset=\"0\" data-anchor-in-url=\"no\"><div class=\"su-spoiler-title\" tabindex=\"0\" role=\"button\"><span class=\"su-spoiler-icon\"><\/span>Fussnote einf\u00fcgen<\/div><div class=\"su-spoiler-content su-u-clearfix su-u-trim\">\n<ol>\n<li>Erzeuge in einem leeren Dokument mehrere Abs\u00e4tze (siehe Konzept <a target=\"_blank\" href=\"https:\/\/office.suud.ch\/index.php\/texfuelltext\/\" rel=\"noopener noreferrer\">F\u00fclltext erzeugen<\/a>).<\/li>\n<li>F\u00fcge an zwei verschiedenen Stellen je eine Fussnote ein. F\u00fcr die Fussnotentexte kannst du ebenfalls F\u00fclltext verwenden.<\/li>\n<\/ol>\n<\/div><\/div>\n<\/div>\n\n\n\n<div style=\"height:20px\" aria-hidden=\"true\" class=\"wp-block-spacer\"><\/div>\n\n\n<p><a class=\"back_button\" href=\"https:\/\/office.suud.ch\/index.php\/texintro\/\">\u25c4&nbsp;&nbsp;Zur\u00fcck&nbsp;<\/a><\/p>","protected":false},"excerpt":{"rendered":"<p>Fussnoten Manchmal m\u00f6chte man einem Text Bemerkungen hinzuf\u00fcgen, welche nicht in den Text selber geh\u00f6ren, jedoch wertvoll sein k\u00f6nnen. Solche Bemerkungen lassen sich elegant unten auf der Seite in Fussnoten1 auslagern \u2013 der Textfluss wird dadurch nicht gest\u00f6rt. 1 Das Vorhandensein einer Fussnote wird im Text durch eine kleine, hochgestellte Nummer angezeigt, dem Fussnotenzeichen. Der [&hellip;]<\/p>\n","protected":false},"author":1,"featured_media":0,"parent":0,"menu_order":0,"comment_status":"open","ping_status":"closed","template":"","meta":{"footnotes":""},"_links":{"self":[{"href":"https:\/\/office.suud.ch\/index.php\/wp-json\/wp\/v2\/pages\/762"}],"collection":[{"href":"https:\/\/office.suud.ch\/index.php\/wp-json\/wp\/v2\/pages"}],"about":[{"href":"https:\/\/office.suud.ch\/index.php\/wp-json\/wp\/v2\/types\/page"}],"author":[{"embeddable":true,"href":"https:\/\/office.suud.ch\/index.php\/wp-json\/wp\/v2\/users\/1"}],"replies":[{"embeddable":true,"href":"https:\/\/office.suud.ch\/index.php\/wp-json\/wp\/v2\/comments?post=762"}],"version-history":[{"count":9,"href":"https:\/\/office.suud.ch\/index.php\/wp-json\/wp\/v2\/pages\/762\/revisions"}],"predecessor-version":[{"id":1447,"href":"https:\/\/office.suud.ch\/index.php\/wp-json\/wp\/v2\/pages\/762\/revisions\/1447"}],"wp:attachment":[{"href":"https:\/\/office.suud.ch\/index.php\/wp-json\/wp\/v2\/media?parent=762"}],"curies":[{"name":"wp","href":"https:\/\/api.w.org\/{rel}","templated":true}]}}