{"id":769,"date":"2019-08-29T08:07:54","date_gmt":"2019-08-29T08:07:54","guid":{"rendered":"https:\/\/office.suud.ch\/?page_id=769"},"modified":"2023-10-10T17:42:08","modified_gmt":"2023-10-10T17:42:08","slug":"texbildtabellen1","status":"publish","type":"page","link":"https:\/\/office.suud.ch\/index.php\/texbildtabellen1\/","title":{"rendered":"TexBildTabellen1"},"content":{"rendered":"\n<h1 class=\"wp-block-heading\">Bilder, Tabellen und Formeln einf\u00fcgen<\/h1>\n\n\n\n<p>Ein Bild sagt oft mehr als tausend Worte. So ist es naheliegend, Dokumente mit Bildern und Grafiken zu bereichern. Ebenso k\u00f6nnen Tabellen und Formeln speziell f\u00fcr wissenschaftliche Texte einen Mehrwert bieten.<\/p>\n\n\n\n<p>In diesem Grundlagenkapitel wird darauf eingegangen, wie Bilder, Grafiken, Tabellen und Formeln in ein Dokument eingef\u00fcgt werden k\u00f6nnen. Im weiterf\u00fchrenden Konzept <a href=\"https:\/\/office.suud.ch\/index.php\/texbildtabellen2\/\">Bilder, Tabellen und Formeln beschriften<\/a> wird beschrieben, wie Bilder, Tabellen und Formeln automatisiert durchnummeriert und per Querverweis im Text referenziert werden k\u00f6nnen.<\/p>\n\n\n\n<h2 class=\"wp-block-heading\">\u00dcbungen<\/h2>\n\n\n<div class=\"su-accordion su-u-trim texbox\"><div class=\"su-spoiler su-spoiler-style-fancy su-spoiler-icon-plus su-spoiler-closed\" data-scroll-offset=\"0\" data-anchor-in-url=\"no\"><div class=\"su-spoiler-title\" tabindex=\"0\" role=\"button\"><span class=\"su-spoiler-icon\"><\/span>Bilder einf\u00fcgen<\/div><div class=\"su-spoiler-content su-u-clearfix su-u-trim\">\n<ol>\n<li>Erzeuge in einem leeren Dokument mehrere Abs\u00e4tze (siehe Konzept <a target=\"_blank\" href=\"https:\/\/office.suud.ch\/index.php\/texfuelltext\/\" rel=\"noopener noreferrer\">F\u00fclltext erzeugen<\/a>).<\/li>\n<li>Suche ein beliebiges Bild im Internet und f\u00fcge das Bild irgendwo im Dokument ein.<\/li>\n<li>Probiere aus, welche M\u00f6glichkeiten dir dein Textverarbeitungsprogramm zur Verf\u00fcgung stellt, um das Bild in eine Textzeile zu integrieren, vom Text umfliessen zu lassen, vor oder hinter den Text zu stellen etc.<\/li>\n<\/ol>\n<\/div><\/div>\n<div class=\"su-spoiler su-spoiler-style-fancy su-spoiler-icon-plus su-spoiler-closed\" data-scroll-offset=\"0\" data-anchor-in-url=\"no\"><div class=\"su-spoiler-title\" tabindex=\"0\" role=\"button\"><span class=\"su-spoiler-icon\"><\/span>Tabellen einf\u00fcgen<\/div><div class=\"su-spoiler-content su-u-clearfix su-u-trim\">\n<ol>\n<li>Erzeuge in einem leeren Dokument mehrere Abs\u00e4tze (siehe Konzept <a target=\"_blank\" href=\"https:\/\/office.suud.ch\/index.php\/texfuelltext\/\" rel=\"noopener noreferrer\">F\u00fclltext erzeugen<\/a>).<\/li>\n<li>F\u00fcge im Dokument eine beliebige Tabelle ein, welche du mit beliebigem Inhalt f\u00fcllst.<\/li>\n<li>Probiere aus, welche M\u00f6glichkeiten dir dein Textverarbeitungsprogramm zur Verf\u00fcgung stellt um die Tabelle zu formatieren (Farben, Linien, Gr\u00f6sse, Verschmelzen von mehreren Zellen zu einer etc.) und im Text zu positionieren (Ausrichtung links, rechts, mittig, vom Text umfliessen lassen etc.)<\/li>\n<\/ol>\n<\/div><\/div>\n<div class=\"su-spoiler su-spoiler-style-fancy su-spoiler-icon-plus su-spoiler-closed\" data-scroll-offset=\"0\" data-anchor-in-url=\"no\"><div class=\"su-spoiler-title\" tabindex=\"0\" role=\"button\"><span class=\"su-spoiler-icon\"><\/span>Formeln einf\u00fcgen<\/div><div class=\"su-spoiler-content su-u-clearfix su-u-trim\">\n<ol>\n<li>Falls dein Textverarbeitungsprogramm einen Formeleditor verf\u00fcgt, f\u00fcge in einem Dokument eine beliebige Formel ein. Z.B.\n<div class=\"wp-block-image\">\n<figure class=\"alignleft is-resized\"><img loading=\"lazy\" decoding=\"async\" src=\"https:\/\/office.suud.ch\/wp-content\/uploads\/2019\/08\/FormelEinfach.png\" alt=\"\" class=\"wp-image-770\" width=\"137\" height=\"49\"\/><\/figure>\n<\/div>\n<p>oder (f\u00fcr sehr Geduldige)<\/p>\n<div class=\"wp-block-image\">\n<figure class=\"alignleft is-resized\"><img loading=\"lazy\" decoding=\"async\" src=\"https:\/\/office.suud.ch\/wp-content\/uploads\/2019\/08\/FormelKompliziert.png\" alt=\"\" class=\"wp-image-771\" width=\"251\" height=\"103\" srcset=\"https:\/\/office.suud.ch\/wp-content\/uploads\/2019\/08\/FormelKompliziert.png 334w, https:\/\/office.suud.ch\/wp-content\/uploads\/2019\/08\/FormelKompliziert-300x123.png 300w\" sizes=\"(max-width: 251px) 100vw, 251px\" \/><\/figure>\n<\/div>\n<\/li>\n<\/ol>\n<\/div><\/div>\n<\/div>\n\n\n\n<h2 class=\"wp-block-heading\">Umsetzungstipps<\/h2>\n\n\n<div class=\"su-accordion su-u-trim texbox\"><div class=\"su-spoiler su-spoiler-style-fancy su-spoiler-icon-plus su-spoiler-closed\" data-scroll-offset=\"0\" data-anchor-in-url=\"no\"><div class=\"su-spoiler-title\" tabindex=\"0\" role=\"button\"><span class=\"su-spoiler-icon\"><\/span>Microsoft Word online<\/div><div class=\"su-spoiler-content su-u-clearfix su-u-trim\">\nStellt keinen Formeleditor zur Verf\u00fcgung.<br \/>\n<\/div><\/div>\n<\/div>\n\n\n\n<div style=\"height:20px\" aria-hidden=\"true\" class=\"wp-block-spacer\"><\/div>\n\n\n<p><a class=\"back_button\" href=\"https:\/\/office.suud.ch\/index.php\/texintro\/\">\u25c4&nbsp;&nbsp;Zur\u00fcck&nbsp;<\/a><\/p>","protected":false},"excerpt":{"rendered":"<p>Bilder, Tabellen und Formeln einf\u00fcgen Ein Bild sagt oft mehr als tausend Worte. So ist es naheliegend, Dokumente mit Bildern und Grafiken zu bereichern. Ebenso k\u00f6nnen Tabellen und Formeln speziell f\u00fcr wissenschaftliche Texte einen Mehrwert bieten. In diesem Grundlagenkapitel wird darauf eingegangen, wie Bilder, Grafiken, Tabellen und Formeln in ein Dokument eingef\u00fcgt werden k\u00f6nnen. Im [&hellip;]<\/p>\n","protected":false},"author":1,"featured_media":0,"parent":0,"menu_order":0,"comment_status":"open","ping_status":"closed","template":"","meta":{"footnotes":""},"_links":{"self":[{"href":"https:\/\/office.suud.ch\/index.php\/wp-json\/wp\/v2\/pages\/769"}],"collection":[{"href":"https:\/\/office.suud.ch\/index.php\/wp-json\/wp\/v2\/pages"}],"about":[{"href":"https:\/\/office.suud.ch\/index.php\/wp-json\/wp\/v2\/types\/page"}],"author":[{"embeddable":true,"href":"https:\/\/office.suud.ch\/index.php\/wp-json\/wp\/v2\/users\/1"}],"replies":[{"embeddable":true,"href":"https:\/\/office.suud.ch\/index.php\/wp-json\/wp\/v2\/comments?post=769"}],"version-history":[{"count":6,"href":"https:\/\/office.suud.ch\/index.php\/wp-json\/wp\/v2\/pages\/769\/revisions"}],"predecessor-version":[{"id":1439,"href":"https:\/\/office.suud.ch\/index.php\/wp-json\/wp\/v2\/pages\/769\/revisions\/1439"}],"wp:attachment":[{"href":"https:\/\/office.suud.ch\/index.php\/wp-json\/wp\/v2\/media?parent=769"}],"curies":[{"name":"wp","href":"https:\/\/api.w.org\/{rel}","templated":true}]}}