{"id":778,"date":"2019-08-29T08:46:20","date_gmt":"2019-08-29T08:46:20","guid":{"rendered":"https:\/\/office.suud.ch\/?page_id=778"},"modified":"2023-10-13T15:54:03","modified_gmt":"2023-10-13T15:54:03","slug":"texkorrektur","status":"publish","type":"page","link":"https:\/\/office.suud.ch\/index.php\/texkorrektur\/","title":{"rendered":"TexKorrektur"},"content":{"rendered":"\n<h1 class=\"wp-block-heading\">Korrektur, Kommentare, Nachverfolgung<\/h1>\n\n\n\n<p><p>Menschen machen Fehler und vier Augen sehen mehr als zwei. Diese Weisheiten haben auch Einzug in die Textverarbeitungsprogramme gehalten. So lassen sich in den meisten Textverarbeitungsprogrammen Rechtschreibung und Grammatik mittels Korrekturfunktionen verbessern (sofern die richtige Sprache daf\u00fcr eingestellt ist).<\/p>\n<p>Zudem k\u00f6nnen in einigen Textverarbeitungsprogrammen Dokumente derart \u00fcberarbeiten werden, dass alle \u00c4nderungen sichtbar bleiben und im Dokument Kommentare zu einzelnen Textpassagen angef\u00fcgt werden k\u00f6nnen.<\/p><\/p>\n\n\n\n<h2 class=\"wp-block-heading\">\u00dcbungen<\/h2>\n\n\n<div class=\"su-accordion su-u-trim texbox\"><div class=\"su-spoiler su-spoiler-style-fancy su-spoiler-icon-plus su-spoiler-closed\" data-scroll-offset=\"0\" data-anchor-in-url=\"no\"><div class=\"su-spoiler-title\" tabindex=\"0\" role=\"button\"><span class=\"su-spoiler-icon\"><\/span>Korrektur, Kommentare, Nachverfolgung ausprobieren<\/div><div class=\"su-spoiler-content su-u-clearfix su-u-trim\">\n<ol>\n<li>Erzeuge ein leeres Dokument und f\u00fcge einen Text mit mehreren Rechtschreib- und Grammatikfehlern ein (z.\u00a0B. <a target=\"_blank\" href=\"https:\/\/www.gimizu.de\/whoami\/trap-rap\/\" rel=\"noopener noreferrer\">Trapattonis ber\u00fchmte Wutrede<\/a> an einer Pressekonferenz zum schlechten Abschneiden seiner Fussballmannschaft).<\/li>\n<li>Korrigiere mithilfe der Korrekturfunktionen einige Rechtschreib- und Grammatikfehler.<\/li>\n<li>Falls dein Textverarbeitungsprogramm eine Nachverfolgung unterst\u00fctzt, probiere diese aus. Stelle alles so ein, dass du sehen kannst, was du gegen\u00fcber dem Original ver\u00e4ndert hast. Danach kannst du durch die \u00c4nderungen navigieren und jede einzelne davon annehmen oder verwerfen.<\/li>\n<li>Hinterlasse ein paar Kommentare zum Text im Dokument.<\/li>\n<\/ol>\n<\/div><\/div>\n<\/div>\n\n\n\n<h2 class=\"wp-block-heading\">Umsetzungstipps<\/h2>\n\n\n<div class=\"su-accordion su-u-trim texbox\"><div class=\"su-spoiler su-spoiler-style-fancy su-spoiler-icon-plus su-spoiler-closed\" data-scroll-offset=\"0\" data-anchor-in-url=\"no\"><div class=\"su-spoiler-title\" tabindex=\"0\" role=\"button\"><span class=\"su-spoiler-icon\"><\/span>Microsoft Word online<\/div><div class=\"su-spoiler-content su-u-clearfix su-u-trim\">\nEine Nachverfolgung von \u00c4nderungen ist &#171;nur&#187; \u00fcber den &#171;Versionsverlauf&#187; m\u00f6glich. (Es ist dadurch m\u00f6glich, zu fr\u00fcheren Versionen des Dokuments zur\u00fcckzukehren.)<br \/>\n<\/div><\/div>\n<div class=\"su-spoiler su-spoiler-style-fancy su-spoiler-icon-plus su-spoiler-closed\" data-scroll-offset=\"0\" data-anchor-in-url=\"no\"><div class=\"su-spoiler-title\" tabindex=\"0\" role=\"button\"><span class=\"su-spoiler-icon\"><\/span>Google Docs<\/div><div class=\"su-spoiler-content su-u-clearfix su-u-trim\">\nEine Grammatikkorrektur wird nicht unterst\u00fctzt. Eine Nachverfolgung von \u00c4nderungen ist entweder m\u00f6glich, wenn das Dokument so freigegeben wird, dass andere Personen nur kommentieren k\u00f6nnen. Alternativ k\u00f6nnen \u00c4nderungen in einem Dokument \u00fcber den &#171;Versionsverlauf&#187; (&#171;Alle \u00c4nderungen&#187;) r\u00fcckverfolgt werden.<br \/>\n<\/div><\/div>\n<\/div>\n\n\n\n<div style=\"height:20px\" aria-hidden=\"true\" class=\"wp-block-spacer\"><\/div>\n\n\n<p><a class=\"back_button\" href=\"https:\/\/office.suud.ch\/index.php\/texintro\/\">\u25c4&nbsp;&nbsp;Zur\u00fcck&nbsp;<\/a><\/p>","protected":false},"excerpt":{"rendered":"<p>Korrektur, Kommentare, Nachverfolgung Menschen machen Fehler und vier Augen sehen mehr als zwei. Diese Weisheiten haben auch Einzug in die Textverarbeitungsprogramme gehalten. So lassen sich in den meisten Textverarbeitungsprogrammen Rechtschreibung und Grammatik mittels Korrekturfunktionen verbessern (sofern die richtige Sprache daf\u00fcr eingestellt ist). Zudem k\u00f6nnen in einigen Textverarbeitungsprogrammen Dokumente derart \u00fcberarbeiten werden, dass alle \u00c4nderungen sichtbar [&hellip;]<\/p>\n","protected":false},"author":1,"featured_media":0,"parent":0,"menu_order":0,"comment_status":"open","ping_status":"closed","template":"","meta":{"footnotes":""},"_links":{"self":[{"href":"https:\/\/office.suud.ch\/index.php\/wp-json\/wp\/v2\/pages\/778"}],"collection":[{"href":"https:\/\/office.suud.ch\/index.php\/wp-json\/wp\/v2\/pages"}],"about":[{"href":"https:\/\/office.suud.ch\/index.php\/wp-json\/wp\/v2\/types\/page"}],"author":[{"embeddable":true,"href":"https:\/\/office.suud.ch\/index.php\/wp-json\/wp\/v2\/users\/1"}],"replies":[{"embeddable":true,"href":"https:\/\/office.suud.ch\/index.php\/wp-json\/wp\/v2\/comments?post=778"}],"version-history":[{"count":4,"href":"https:\/\/office.suud.ch\/index.php\/wp-json\/wp\/v2\/pages\/778\/revisions"}],"predecessor-version":[{"id":1485,"href":"https:\/\/office.suud.ch\/index.php\/wp-json\/wp\/v2\/pages\/778\/revisions\/1485"}],"wp:attachment":[{"href":"https:\/\/office.suud.ch\/index.php\/wp-json\/wp\/v2\/media?parent=778"}],"curies":[{"name":"wp","href":"https:\/\/api.w.org\/{rel}","templated":true}]}}