{"id":807,"date":"2019-08-30T22:09:41","date_gmt":"2019-08-30T22:09:41","guid":{"rendered":"https:\/\/office.suud.ch\/?page_id=807"},"modified":"2023-10-17T18:40:24","modified_gmt":"2023-10-17T18:40:24","slug":"texfelder","status":"publish","type":"page","link":"https:\/\/office.suud.ch\/index.php\/texfelder\/","title":{"rendered":"TexFelder"},"content":{"rendered":"\n<h1 class=\"wp-block-heading\">Felder (automatisierte Inhalte)<\/h1>\n\n\n\n<p>In l\u00e4ngeren Texten w\u00e4re es m\u00fchsam alle Seitenzahlen von Hand einzutippen oder Bilder und Tabellen von Hand durchzunummerieren. Besonders bei nachtr\u00e4glichen \u00c4nderungen m\u00fcssten alle von Hand eingetragenen Zahlen einzeln angepasst werden. Aus diesem Grunde bieten praktisch alle Textverarbeitungsprogramme die M\u00f6glichkeit, automatisch Seitenzahlen, Bild- und Tabellennummern usw. zu generieren. Bei \u00c4nderungen werden diese Inhalte automatisch nachgef\u00fchrt. Solche &#171;automatisierten&#187; Inhalte werden als Felder bezeichnet.<\/p>\n\n\n\n<h3 class=\"wp-block-heading\">Verweise, Querverweise<\/h3>\n\n\n\n<p>Folgendes Szenario: Du f\u00fcgst eine \u00dcberschrift mit dem Namen &#171;Kapitel 3&#187; in deinen Text ein. In einem anderen Kapitel erw\u00e4hnst du das &#171;Kapitel 3&#187; zus\u00e4tzlich im Text. Angenommen, du \u00e4nderst nachtr\u00e4glich die \u00dcberschrift &#171;Kapitel 3&#187; in &#171;Kapitel 4&#187; ab. Dann darfst du nicht vergessen, auch die Erw\u00e4hnung des Kapitels im Text entsprechend anzupassen! Eleganter geht das, wenn du im bei der Erw\u00e4hnung des &#171;Kapitel 3&#187; nicht den \u00dcberschriftnamen nicht als Text schreibst, sondern diesen durch ein spezialisiertes Feld, einem sogenannten (Quer-)Verweis, einf\u00fcgst. Der Verweis zeigt immer den aktuellen Namen der \u00dcberschrift an. Wenn du die \u00dcberschrift \u00e4nderst, so passt sich der Verweis, d.&nbsp;h. auch die Textstelle automatisch an. Verweise k\u00f6nnen auch auf andere Dinge gesetzt werden, z.&nbsp;B. Nummern von Abbildungen, Tabellen, Formeln etc.<\/p>\n\n\n\n<p>Dieses Kapitel behandelt das automatisierte Einf\u00fcgen von Kapitel-Informationen, Seitenzahlen und dem aktuellen Datum. Auf Felder, welche f\u00fcr den Umgang mit Bildern, Tabellen, Fussnoten, Literaturangaben, Verzeichnissen verwendet werden, wird in den Kapiteln <a rel=\"noopener noreferrer\" href=\"https:\/\/office.suud.ch\/index.php\/texbildertabellen2\/\" target=\"_blank\">Grafik, Tabellen und Formeln beschriften<\/a>, <a rel=\"noopener noreferrer\" href=\"https:\/\/office.suud.ch\/index.php\/texfussnoten\/\" target=\"_blank\">Fussnoten<\/a> und <a rel=\"noopener noreferrer\" href=\"https:\/\/office.suud.ch\/index.php\/texverzeichnisse\/\" target=\"_blank\">Verzeichnisse<\/a> eingegangen. <\/p>\n\n\n\n<h2 class=\"wp-block-heading\">\u00dcbungen<\/h2>\n\n\n<div class=\"su-accordion su-u-trim texbox\"><div class=\"su-spoiler su-spoiler-style-fancy su-spoiler-icon-plus su-spoiler-closed\" data-scroll-offset=\"0\" data-anchor-in-url=\"no\"><div class=\"su-spoiler-title\" tabindex=\"0\" role=\"button\"><span class=\"su-spoiler-icon\"><\/span>Felder einf\u00fcgen<\/div><div class=\"su-spoiler-content su-u-clearfix su-u-trim\">\n<ol>\n<li>\u00d6ffne ein leeres Dokument und f\u00fcge eine \u00dcberschrift (welche als \u00dcberschrift formatiert ist) ein.<\/li>\n<li>F\u00fcge als normalen Text die folgenden vier Zeilen ein.\n<p>Aktuelle Seitenzahl:<br \/>\nAnzahl W\u00f6rter im Dokument:<br \/> <br \/>\nAktuelles Datum:<br \/> <br \/>\nQuerverweis auf den \u00dcberschrifttext:<\/li>\n<li>F\u00fcge in jede Zeile das zugeh\u00f6rige Feld ein (soweit das von deinem Textverarbeitungsprogramm unterst\u00fctzt wird).<\/li>\n<li>F\u00fcge vor der ersten Seite eine neue Seite ein, mit ein paar Zeichen Text und \u00e4ndere den Text der \u00dcberschrift. Jetzt sollten sich die Felder anpassen. (Falls nicht, findest du in den Umsetzungstipps Hinweise, wie du die Felder aktualisierst.)<\/li>\n<\/ol>\n<\/div><\/div>\n<\/div>\n\n\n\n<h2 class=\"wp-block-heading\">Umsetzungstipps<\/h2>\n\n\n<div class=\"su-accordion su-u-trim texbox\"><div class=\"su-spoiler su-spoiler-style-fancy su-spoiler-icon-plus su-spoiler-closed\" data-scroll-offset=\"0\" data-anchor-in-url=\"no\"><div class=\"su-spoiler-title\" tabindex=\"0\" role=\"button\"><span class=\"su-spoiler-icon\"><\/span>Microsoft Word online<\/div><div class=\"su-spoiler-content su-u-clearfix su-u-trim\">\nUnterst\u00fctzt nur Seitenzahlen in Kopf- und Fusszeilen.<br \/>\n<\/div><\/div>\n<div class=\"su-spoiler su-spoiler-style-fancy su-spoiler-icon-plus su-spoiler-closed\" data-scroll-offset=\"0\" data-anchor-in-url=\"no\"><div class=\"su-spoiler-title\" tabindex=\"0\" role=\"button\"><span class=\"su-spoiler-icon\"><\/span>Google Docs<\/div><div class=\"su-spoiler-content su-u-clearfix su-u-trim\">\nUnterst\u00fctzt nur Seitenzahlen in Kopf- und Fusszeilen.<br \/>\n<\/div><\/div>\n<div class=\"su-spoiler su-spoiler-style-fancy su-spoiler-icon-plus su-spoiler-closed\" data-scroll-offset=\"0\" data-anchor-in-url=\"no\"><div class=\"su-spoiler-title\" tabindex=\"0\" role=\"button\"><span class=\"su-spoiler-icon\"><\/span>Microsoft Word<\/div><div class=\"su-spoiler-content su-u-clearfix su-u-trim\">\nFelder lassen sich mit der Taste F9 aktualisieren (z.\u00a0B. mit der Tastenkombination CTRL + A (Windows) oder cmdcommand + A (macOS) den ganzen Text markieren und mit der Taste F9 anschliessend alle Felder aktualisieren). Alternativ hilft es, das Dokument abzuspeichern und neu zu \u00f6ffnen.<br \/>\n<\/div><\/div>\n<div class=\"su-spoiler su-spoiler-style-fancy su-spoiler-icon-plus su-spoiler-closed\" data-scroll-offset=\"0\" data-anchor-in-url=\"no\"><div class=\"su-spoiler-title\" tabindex=\"0\" role=\"button\"><span class=\"su-spoiler-icon\"><\/span>LibreOffice Writer<\/div><div class=\"su-spoiler-content su-u-clearfix su-u-trim\">\nFelder und Verweise werden als Feldbefehle und Querverweise bezeichnet. Diese lassen sich mit der Taste F9 aktualisieren (z.\u00a0B. mit der Tastenkombination CTRL + A (Windows) oder command + A (macOS) den ganzen Text markieren und mit der Taste F9 anschliessend alle Felder aktualisieren).<br \/>\n<\/div><\/div>\n<\/div>\n\n\n\n<div style=\"height:20px\" aria-hidden=\"true\" class=\"wp-block-spacer\"><\/div>\n\n\n<p><a class=\"back_button\" href=\"https:\/\/office.suud.ch\/index.php\/texintro\/\">\u25c4&nbsp;&nbsp;Zur\u00fcck&nbsp;<\/a><\/p>","protected":false},"excerpt":{"rendered":"<p>Felder (automatisierte Inhalte) In l\u00e4ngeren Texten w\u00e4re es m\u00fchsam alle Seitenzahlen von Hand einzutippen oder Bilder und Tabellen von Hand durchzunummerieren. Besonders bei nachtr\u00e4glichen \u00c4nderungen m\u00fcssten alle von Hand eingetragenen Zahlen einzeln angepasst werden. Aus diesem Grunde bieten praktisch alle Textverarbeitungsprogramme die M\u00f6glichkeit, automatisch Seitenzahlen, Bild- und Tabellennummern usw. zu generieren. Bei \u00c4nderungen werden diese [&hellip;]<\/p>\n","protected":false},"author":1,"featured_media":0,"parent":0,"menu_order":0,"comment_status":"open","ping_status":"closed","template":"","meta":{"footnotes":""},"_links":{"self":[{"href":"https:\/\/office.suud.ch\/index.php\/wp-json\/wp\/v2\/pages\/807"}],"collection":[{"href":"https:\/\/office.suud.ch\/index.php\/wp-json\/wp\/v2\/pages"}],"about":[{"href":"https:\/\/office.suud.ch\/index.php\/wp-json\/wp\/v2\/types\/page"}],"author":[{"embeddable":true,"href":"https:\/\/office.suud.ch\/index.php\/wp-json\/wp\/v2\/users\/1"}],"replies":[{"embeddable":true,"href":"https:\/\/office.suud.ch\/index.php\/wp-json\/wp\/v2\/comments?post=807"}],"version-history":[{"count":10,"href":"https:\/\/office.suud.ch\/index.php\/wp-json\/wp\/v2\/pages\/807\/revisions"}],"predecessor-version":[{"id":1725,"href":"https:\/\/office.suud.ch\/index.php\/wp-json\/wp\/v2\/pages\/807\/revisions\/1725"}],"wp:attachment":[{"href":"https:\/\/office.suud.ch\/index.php\/wp-json\/wp\/v2\/media?parent=807"}],"curies":[{"name":"wp","href":"https:\/\/api.w.org\/{rel}","templated":true}]}}