{"id":810,"date":"2019-08-30T23:07:31","date_gmt":"2019-08-30T23:07:31","guid":{"rendered":"https:\/\/office.suud.ch\/?page_id=810"},"modified":"2023-10-17T20:33:11","modified_gmt":"2023-10-17T20:33:11","slug":"texbildtabellen2","status":"publish","type":"page","link":"https:\/\/office.suud.ch\/index.php\/texbildtabellen2\/","title":{"rendered":"TexBildTabellen2"},"content":{"rendered":"\n<h1 class=\"wp-block-heading\">Bilder, Tabellen und Formeln beschriften<\/h1>\n\n\n\n<p>Ein Bild sagt oftmals mehr als tausend Worte. So ist es naheliegend Dokumente mit Bildern, Tabellen und Formeln zu bereichern. Wird im Text auf ein Bild, eine Tabelle oder eine Formel zus\u00e4tzlich noch genauer eingegangen, so ist der Gewinn am gr\u00f6ssten. Daher werden alle Bilder, Tabellen und Formeln nummeriert, beschriftet und mit den zugeh\u00f6rigen Nummern im Text erw\u00e4hnt. Dies ist viel eleganter als zu schreiben, das Bild unten links oder die Tabelle auf der vorangehenden Seite.<\/p>\n\n\n\n<p>Manche Textverarbeitungsprogramme erlauben, Bilder, Tabellen und Formeln zu beschriften und automatisch durchnummerieren zu lassen. Werden diese Nummern mittels Querverweisen im Text eingef\u00fcgt, so bringt dies einige Vorteile (siehe auch Kapitel <a target=\"_blank\" href=\"https:\/\/office.suud.ch\/index.php\/texfelder\/\" rel=\"noopener noreferrer\">Felder (automatisierte Inhalte)<\/a>). Wird z.&nbsp;B. die Reihenfolge der Bilder, Tabellen oder Formeln ge\u00e4ndert, so werden die Nummerierungen der Bilder, Tabellen und Formeln sowie alle Querverweise im Text automatisch angepasst. Zudem k\u00f6nnen dank der automatischen Nummerierung per Mausklick Abbildungs-, Tabellen- und Formelverzeichnisse erstellt werden.<\/p>\n\n\n\n<h2 class=\"wp-block-heading\">\u00dcbungen<\/h2>\n\n\n<div class=\"su-accordion su-u-trim texbox\"><div class=\"su-spoiler su-spoiler-style-fancy su-spoiler-icon-plus su-spoiler-closed\" data-scroll-offset=\"0\" data-anchor-in-url=\"no\"><div class=\"su-spoiler-title\" tabindex=\"0\" role=\"button\"><span class=\"su-spoiler-icon\"><\/span>Bilder beschriften<\/div><div class=\"su-spoiler-content su-u-clearfix su-u-trim\">\n<ol>\n<li>Erzeuge in einem leeren Dokument mehrere Abs\u00e4tze (siehe Konzept <a target=\"_blank\" href=\"https:\/\/office.suud.ch\/index.php\/texfuelltext\/\" rel=\"noopener noreferrer\">F\u00fclltext erzeugen<\/a>).<\/li>\n<li>F\u00fcge irgendwo im Text ein Bild ein.<\/li>\n<li>F\u00fcge dem Bild eine Beschriftung mit automatischer Bildnummer hinzu, sofern dies dein Textverarbeitungsprogramm unterst\u00fctzt.<\/li>\n<li>F\u00fcge im Text einen Querverweis auf dein Bild hinzu, sofern dies dein Textverarbeitungsprogramm unterst\u00fctzt.<\/li>\n<\/ol>\n<\/div><\/div>\n<div class=\"su-accordion su-u-trim texbox\"><\/div><div class=\"su-spoiler su-spoiler-style-fancy su-spoiler-icon-plus su-spoiler-closed\" data-scroll-offset=\"0\" data-anchor-in-url=\"no\"><div class=\"su-spoiler-title\" tabindex=\"0\" role=\"button\"><span class=\"su-spoiler-icon\"><\/span>Tabellen beschriften<\/div><div class=\"su-spoiler-content su-u-clearfix su-u-trim\">\n<ol>\n<li>Erzeuge in einem leeren Dokument mehrere Abs\u00e4tze (siehe Konzept <a target=\"_blank\" href=\"https:\/\/office.suud.ch\/index.php\/texfuelltext\/\" rel=\"noopener noreferrer\">F\u00fclltext erzeugen<\/a>).<\/li>\n<li>F\u00fcge irgendwo im Text eine Tabelle ein.<\/li>\n<li>F\u00fcge der Tabelle eine Beschriftung mit automatischer Tabellennummer hinzu, sofern dies dein Textverarbeitungsprogramm unterst\u00fctzt.<\/li>\n<li>F\u00fcge im Text einen Querverweis auf deine Tabelle hinzu, sofern dies dein Textverarbeitungsprogramm unterst\u00fctzt.<\/li>\n<\/ol>\n<\/div><\/div>\n<div class=\"su-accordion su-u-trim texbox\"><\/div><div class=\"su-spoiler su-spoiler-style-fancy su-spoiler-icon-plus su-spoiler-closed\" data-scroll-offset=\"0\" data-anchor-in-url=\"no\"><div class=\"su-spoiler-title\" tabindex=\"0\" role=\"button\"><span class=\"su-spoiler-icon\"><\/span>Formeln beschriften<\/div><div class=\"su-spoiler-content su-u-clearfix su-u-trim\">\n<ol>\n<li>Erzeuge in einem leeren Dokument mehrere Abs\u00e4tze (siehe Konzept <a target=\"_blank\" href=\"https:\/\/office.suud.ch\/index.php\/texfuelltext\/\" rel=\"noopener noreferrer\">F\u00fclltext erzeugen<\/a>).<\/li>\n<li>F\u00fcge irgendwo im Text eine Formel ein.<\/li>\n<li>F\u00fcge der Formel eine Beschriftung mit automatischer Formelnummer hinzu, sofern dies dein Textverarbeitungsprogramm unterst\u00fctzt.<\/li>\n<li>Optional: Formeln werden h\u00e4ufig am rechten Rand mit einer Nummer durchnummeriert. Um das zu erreichen, erzeugst du zuerst eine rahmenlose Tabelle mit zwei Spalten und einer Zeile ein. Die Formel kommt in die linke Zelle. F\u00fcge der Formel die entsprechende Beschriftung hinzu. Schneide die Beschriftung aus und kopiere diese abschliessend in die rechte Spalte \u2013 fertig.<\/li>\n<li>F\u00fcge im Text einen Querverweis auf deine Formel hinzu, sofern dies dein Textverarbeitungsprogramm unterst\u00fctzt.<\/li>\n<\/ol>\n<\/div><\/div>\n<\/div>\n\n\n\n<h2 class=\"wp-block-heading\">Umsetzungstipps<\/h2>\n\n\n<div class=\"su-accordion su-u-trim texbox\"><div class=\"su-spoiler su-spoiler-style-fancy su-spoiler-icon-plus su-spoiler-closed\" data-scroll-offset=\"0\" data-anchor-in-url=\"no\"><div class=\"su-spoiler-title\" tabindex=\"0\" role=\"button\"><span class=\"su-spoiler-icon\"><\/span>Microsoft Word online<\/div><div class=\"su-spoiler-content su-u-clearfix su-u-trim\">\nUnterst\u00fctzt keine Beschriftung mit automatisierten Nummern von Objekten wie Bilder oder Tabellen. Beschriftungen m\u00fcssen als normaler Text auf einer Zeile ober- oder unterhalb eingef\u00fcgt und von Hand durchnummeriert werden. Alternativ kann das Objekt in eine Tabelle (ohne Rahmenlinie) eingef\u00fcgt werden und die Beschriftung als Text in eine Zelle ober- oder unterhalb oder daneben hinzugef\u00fcgt werden.<br \/>\n<\/div><\/div>\n<div class=\"su-spoiler su-spoiler-style-fancy su-spoiler-icon-plus su-spoiler-closed\" data-scroll-offset=\"0\" data-anchor-in-url=\"no\"><div class=\"su-spoiler-title\" tabindex=\"0\" role=\"button\"><span class=\"su-spoiler-icon\"><\/span>Google Docs<\/div><div class=\"su-spoiler-content su-u-clearfix su-u-trim\">\nUnterst\u00fctzt keine Beschriftung mit automatisierten Nummern von Objekten wie Bilder, Tabellen oder Formeln. Beschriftungen m\u00fcssen als normaler Text auf einer Zeile ober- oder unterhalb eingef\u00fcgt und von Hand durchnummeriert werden. Alternativ kann das Objekt in eine Tabelle (ohne Rahmenlinie) eingef\u00fcgt werden und die Beschriftung als Text in eine Zelle ober- oder unterhalb oder daneben hinzugef\u00fcgt werden.<br \/>\n<\/div><\/div>\n<div class=\"su-spoiler su-spoiler-style-fancy su-spoiler-icon-plus su-spoiler-closed\" data-scroll-offset=\"0\" data-anchor-in-url=\"no\"><div class=\"su-spoiler-title\" tabindex=\"0\" role=\"button\"><span class=\"su-spoiler-icon\"><\/span>Microsoft Word<\/div><div class=\"su-spoiler-content su-u-clearfix su-u-trim\">\n<p>Bilder lassen sich nicht vern\u00fcnftig beschriften, wenn diese mit der Layoutoption &#171;Mit Text in Zeile&#187; eingef\u00fcgt werden (das Bild wird dann quasi als Buchstabe verwendet).<\/p>\n<p>Wird ein beschriftetes Bild bewegt, so bleibt die Beschriftung zur\u00fcck. Abhilfe: Bild und Beschriftung gleichzeitig markieren und &#171;Gruppieren&#187;.<\/p>\n<p>Formeln lassen sich \u00fcber den Men\u00fcpunkt &#171;Referenzen&#187; und &#171;Beschriftung einf\u00fcgen&#187; beschriften.<\/p>\n<\/div><\/div>\n<\/div>\n\n\n\n<div style=\"height:20px\" aria-hidden=\"true\" class=\"wp-block-spacer\"><\/div>\n\n\n<p><a class=\"back_button\" href=\"https:\/\/office.suud.ch\/index.php\/texintro\/\">\u25c4&nbsp;&nbsp;Zur\u00fcck&nbsp;<\/a><\/p>","protected":false},"excerpt":{"rendered":"<p>Bilder, Tabellen und Formeln beschriften Ein Bild sagt oftmals mehr als tausend Worte. So ist es naheliegend Dokumente mit Bildern, Tabellen und Formeln zu bereichern. Wird im Text auf ein Bild, eine Tabelle oder eine Formel zus\u00e4tzlich noch genauer eingegangen, so ist der Gewinn am gr\u00f6ssten. Daher werden alle Bilder, Tabellen und Formeln nummeriert, beschriftet [&hellip;]<\/p>\n","protected":false},"author":1,"featured_media":0,"parent":0,"menu_order":0,"comment_status":"open","ping_status":"closed","template":"","meta":{"footnotes":""},"_links":{"self":[{"href":"https:\/\/office.suud.ch\/index.php\/wp-json\/wp\/v2\/pages\/810"}],"collection":[{"href":"https:\/\/office.suud.ch\/index.php\/wp-json\/wp\/v2\/pages"}],"about":[{"href":"https:\/\/office.suud.ch\/index.php\/wp-json\/wp\/v2\/types\/page"}],"author":[{"embeddable":true,"href":"https:\/\/office.suud.ch\/index.php\/wp-json\/wp\/v2\/users\/1"}],"replies":[{"embeddable":true,"href":"https:\/\/office.suud.ch\/index.php\/wp-json\/wp\/v2\/comments?post=810"}],"version-history":[{"count":6,"href":"https:\/\/office.suud.ch\/index.php\/wp-json\/wp\/v2\/pages\/810\/revisions"}],"predecessor-version":[{"id":1731,"href":"https:\/\/office.suud.ch\/index.php\/wp-json\/wp\/v2\/pages\/810\/revisions\/1731"}],"wp:attachment":[{"href":"https:\/\/office.suud.ch\/index.php\/wp-json\/wp\/v2\/media?parent=810"}],"curies":[{"name":"wp","href":"https:\/\/api.w.org\/{rel}","templated":true}]}}