{"id":823,"date":"2019-09-01T14:32:31","date_gmt":"2019-09-01T14:32:31","guid":{"rendered":"https:\/\/office.suud.ch\/?page_id=823"},"modified":"2023-10-18T12:38:51","modified_gmt":"2023-10-18T12:38:51","slug":"texkopffusszeilen2","status":"publish","type":"page","link":"https:\/\/office.suud.ch\/index.php\/texkopffusszeilen2\/","title":{"rendered":"TexKopfFusszeilen2"},"content":{"rendered":"\n<h1 class=\"wp-block-heading\">Komplexe Kopf- und Fusszeilen<\/h1>\n\n\n\n<p>Speziell in mehrseitigen Dokumenten ist es angenehm zu wissen, auf welcher Seite oder in welchem Kapitel man sich gerade befindet. F\u00fcr solche Informationen oder auch Firmenlogos, Autorennamen, Erstellungsdatum des Dokuments etc. eigenen sich die Bereiche ober- und unterhalb des normalen Texts \u2013 die Kopf- und Fusszeilen.<\/p>\n\n\n\n<p>In manchen Textverarbeitungsprogrammen ist es m\u00f6glich, Kopf- und Fusszeilen auf ersten, geraden und ungeraden Seiten individuell zu gestalten und jeden Abschnitt mit anderen Kopf- und Fusszeilen auszustatten. Werden Kapitel\u00fcberschriften \u00fcber Felder und Querverweise (siehe Konzept <a href=\"https:\/\/office.suud.ch\/index.php\/texfelder\/\">Felder<\/a>) in Kopf- und Fusszeilen \u00fcbernommen, werden automatisch die richtigen Kapitel angezeigt und bei \u00c4nderungen nachgef\u00fchrt. Das Einf\u00fcgen von Seitenzahlen wird im Konzept <a href=\"https:\/\/office.suud.ch\/index.php\/texkopffusszeilen1\/\">Einfache Kopf- und Fusszeilen<\/a> angesprochen.<\/p>\n\n\n\n<h2 class=\"wp-block-heading\">\u00dcbungen<\/h2>\n\n\n<div class=\"su-accordion su-u-trim texbox\"><div class=\"su-spoiler su-spoiler-style-fancy su-spoiler-icon-plus su-spoiler-closed\" data-scroll-offset=\"0\" data-anchor-in-url=\"no\"><div class=\"su-spoiler-title\" tabindex=\"0\" role=\"button\"><span class=\"su-spoiler-icon\"><\/span>Unterschiedliche Kopf- und Fusszeilen erzeugen<\/div><div class=\"su-spoiler-content su-u-clearfix su-u-trim\">\n<ol>\n<li>Erzeuge in einem leeren Dokument mehrere \u00dcberschriften (siehe Konzepte <a href=\"https:\/\/office.suud.ch\/index.php\/texueberschriften\/\">\u00dcberschriften<\/a>) und mehrere Abs\u00e4tze (siehe Konzept <a target=\"_blank\" href=\"https:\/\/office.suud.ch\/index.php\/texfuelltext\/\" rel=\"noopener noreferrer\">F\u00fclltext erzeugen<\/a>), sodass mindestens zwei Seiten gef\u00fcllt werden.<\/li>\n<li>Sofern dein Textverarbeitungsprogramm mehrere Abschnitte unterst\u00fctzt (siehe Konzept <a href=\"https:\/\/office.suud.ch\/index.php\/texabschnitte\/\">Abs\u00e4tze, Abschnitte, Umbr\u00fcche<\/a>) so f\u00fcge mindestens zwei Abschnitte ein. Sollte das nicht der Fall sein, so f\u00fchre die folgenden Anweisungen einmal im Dokument durch. Falls du mehrere Abschnitte erzeugen kannst, so f\u00fchre die folgenden Anweisungen in jedem Abschnitt durch, sodass in jedem Abschnitt unterschiedliche Kopf- und Fusszeilen entstehen.<\/li>\n<li>Sofern dies von deinem Textverarbeitungsprogramm unterst\u00fctzt wird, w\u00e4hle verschiedene Kopf- und Fusszeilen f\u00fcr die erste Seite und gerade sowie ungerade Seiten und gestalte alle Kopf- und Fusszeilen unterschiedlich.<\/li>\n<li>F\u00fcge Seitenzahlen in Kopf oder Fusszeile ein.<\/li>\n<li>Sofern dies von deinem Textverarbeitungsprogramm unterst\u00fctzt wird, f\u00fcge einen Querverweis auf die aktuelle Kapitel\u00fcberschrift ein. \u00c4ndere die Kapitel\u00fcberschrift ab. Wenn sich die Querverweise in den Kopf- und Fusszeilen nicht anpassen, so speichere das Dokument, schliesse es und \u00f6ffne es erneut.<\/li>\n<\/ol>\n<\/div><\/div>\n<\/div>\n\n\n\n<h2 class=\"wp-block-heading\">Umsetzungstipps<\/h2>\n\n\n<div class=\"su-accordion su-u-trim texbox\"><div class=\"su-spoiler su-spoiler-style-fancy su-spoiler-icon-plus su-spoiler-closed\" data-scroll-offset=\"0\" data-anchor-in-url=\"no\"><div class=\"su-spoiler-title\" tabindex=\"0\" role=\"button\"><span class=\"su-spoiler-icon\"><\/span>Microsoft Word online<\/div><div class=\"su-spoiler-content su-u-clearfix su-u-trim\">\nUnterst\u00fctzt keine unterschiedlichen Kopf- und Fusszeilen.<br \/>\n<\/div><\/div>\n<\/div>\n\n\n\n<div style=\"height:20px\" aria-hidden=\"true\" class=\"wp-block-spacer\"><\/div>\n\n\n<p><a class=\"back_button\" href=\"https:\/\/office.suud.ch\/index.php\/texintro\/\">\u25c4&nbsp;&nbsp;Zur\u00fcck&nbsp;<\/a><\/p>","protected":false},"excerpt":{"rendered":"<p>Komplexe Kopf- und Fusszeilen Speziell in mehrseitigen Dokumenten ist es angenehm zu wissen, auf welcher Seite oder in welchem Kapitel man sich gerade befindet. F\u00fcr solche Informationen oder auch Firmenlogos, Autorennamen, Erstellungsdatum des Dokuments etc. eigenen sich die Bereiche ober- und unterhalb des normalen Texts \u2013 die Kopf- und Fusszeilen. In manchen Textverarbeitungsprogrammen ist es [&hellip;]<\/p>\n","protected":false},"author":1,"featured_media":0,"parent":0,"menu_order":0,"comment_status":"open","ping_status":"closed","template":"","meta":{"footnotes":""},"_links":{"self":[{"href":"https:\/\/office.suud.ch\/index.php\/wp-json\/wp\/v2\/pages\/823"}],"collection":[{"href":"https:\/\/office.suud.ch\/index.php\/wp-json\/wp\/v2\/pages"}],"about":[{"href":"https:\/\/office.suud.ch\/index.php\/wp-json\/wp\/v2\/types\/page"}],"author":[{"embeddable":true,"href":"https:\/\/office.suud.ch\/index.php\/wp-json\/wp\/v2\/users\/1"}],"replies":[{"embeddable":true,"href":"https:\/\/office.suud.ch\/index.php\/wp-json\/wp\/v2\/comments?post=823"}],"version-history":[{"count":5,"href":"https:\/\/office.suud.ch\/index.php\/wp-json\/wp\/v2\/pages\/823\/revisions"}],"predecessor-version":[{"id":1739,"href":"https:\/\/office.suud.ch\/index.php\/wp-json\/wp\/v2\/pages\/823\/revisions\/1739"}],"wp:attachment":[{"href":"https:\/\/office.suud.ch\/index.php\/wp-json\/wp\/v2\/media?parent=823"}],"curies":[{"name":"wp","href":"https:\/\/api.w.org\/{rel}","templated":true}]}}