{"id":833,"date":"2019-09-26T22:16:45","date_gmt":"2019-09-26T22:16:45","guid":{"rendered":"https:\/\/office.suud.ch\/?page_id=833"},"modified":"2020-07-19T14:05:28","modified_gmt":"2020-07-19T14:05:28","slug":"tabgrundlagen","status":"publish","type":"page","link":"https:\/\/office.suud.ch\/index.php\/tabgrundlagen\/","title":{"rendered":"TabGrundlagen"},"content":{"rendered":"\n<h1 class=\"wp-block-heading\">Grundlagen<\/h1>\n\n\n\n<p>Unter \u201eTabellenkalkulation\u201c wird die tabellarische Verrechnung  von Daten und deren Darstellung in Form von Diagrammen verstanden.  Tabellenkalkulationsprogramme unterst\u00fctzten in der Regel die folgenden Funktionen.<\/p>\n\n\n\n<ul><li>Automatisiertes Verrechnen und Verarbeiten von Werten mit Hilfe einer grossen Anzahl von vordefinierten Funktionen. <\/li><li>Orientierung in den Tabellen durch Sortier- und Filterfunktionen.<\/li><li>Reduzierter Schreibaufwand durch intelligentes Kopieren bestehender Berechnungen. <\/li><li>\u00dcbersichtliche Darstellung von Daten durch eine Vielzahl von Formatierungsm\u00f6glichkeiten und mit Hilfe von diversen Diagrammen. <\/li><\/ul>\n\n\n\n<h3 class=\"wp-block-heading\">Ansicht eines typischen Tabellenkalkulationsprogramms<\/h3>\n\n\n\n<figure class=\"wp-block-image\"><img loading=\"lazy\" decoding=\"async\" width=\"1024\" height=\"487\" src=\"https:\/\/office.suud.ch\/wp-content\/uploads\/2019\/09\/Grundlagen-1024x487.png\" alt=\"\" class=\"wp-image-834\" srcset=\"https:\/\/office.suud.ch\/wp-content\/uploads\/2019\/09\/Grundlagen-1024x487.png 1024w, https:\/\/office.suud.ch\/wp-content\/uploads\/2019\/09\/Grundlagen-300x143.png 300w, https:\/\/office.suud.ch\/wp-content\/uploads\/2019\/09\/Grundlagen-768x365.png 768w, https:\/\/office.suud.ch\/wp-content\/uploads\/2019\/09\/Grundlagen.png 1230w\" sizes=\"(max-width: 1024px) 100vw, 1024px\" \/><figcaption>Abb.1: Aufbau eines typischen Tabellankalkulationsprogramms (Microsoft Excel online)<\/figcaption><\/figure>\n\n\n\n<p>Das Hauptmen\u00fc eines typischen Tabellenkalkulationsprogramms besteht aus verschiedenen Registern (siehe Abb.1). Jedes Register ist in Gruppen unterteilt, welche mehrere Befehle enthalten.<\/p>\n\n\n\n<p>Der Tabellenbereich ist in mit Buchstaben gekennzeichneten Spalten und mit Zahlen gekennzeichneten Zeilen unterteilt. Die kleinste Einheit bildet die Zelle. Eine Zelle wird \u00fcber die Spalte und die Zeile zu welcher sie geh\u00f6rt identifiziert, z.B. Zelle B5. Die Werte der Zellen k\u00f6nnen \u00fcber Formeln  miteinander verrechnet werden.<\/p>\n\n\n\n<h3 class=\"wp-block-heading\">Hilfe<\/h3>\n\n\n\n<p>Praktisch jedes Tabellenkalkulationsprogramm verf\u00fcgt \u00fcber eine eingebaute Hilfe. Diese ist in der Regel im Programmfenster in der oberen Men\u00fc-Leiste untergebracht und mit &#171;Hilfe&#187; oder &#171;?&#187; angeschrieben. Ebenso sind die meisten Tabellenkalkulationssprogramme gut im Internet dokumentiert. Eine entsprechende Internetsuche, welche auch den Namen des  Tabellenkalkulationsprogramms enth\u00e4lt, f\u00fchrt h\u00e4ufig zur gew\u00fcnschten Antwort.<\/p>\n\n\n\n<div class=\"su-accordion su-u-trim\">\n<div class=\"su-spoiler su-spoiler-style-fancy su-spoiler-icon-plus su-spoiler-closed\" data-scroll-offset=\"0\" data-anchor-in-url=\"no\"><div class=\"su-spoiler-title\" tabindex=\"0\" role=\"button\"><span class=\"su-spoiler-icon\"><\/span>Zusatz: Tabellenkalkulationsprogramme<\/div><div class=\"su-spoiler-content su-u-clearfix su-u-trim\">\nEine kleine \u00dcbersicht der g\u00e4ngigsten Tabellenkalkulationsprogramme.<br>\nOffline\n<ul><li><a target=\"_blank\" href=\"https:\/\/products.office.com\/de-ch\/excel\/\" rel=\"noopener noreferrer\">Microsoft Excel<\/a> (Windows, macOS, kostenpflichtig)<\/li>\n<li><a target=\"_blank\" href=\"https:\/\/www.libreoffice.org\/discover\/calc\/\" rel=\"noopener noreferrer\">LibreOffice Calc<\/a> (Windows, macOS, Linux, gratis)<\/li><\/ul>\nOnline\n<ul><li><a target=\"_blank\" href=\"http:\/\/drive.google.com\/\" rel=\"noopener noreferrer\">Google Drive<\/a> (browserbasiert, plattformunabh\u00e4ngig, ben\u00f6tigt [gratis] Google-Konto)<\/li>\n<li><a target=\"_blank\" href=\"http:\/\/office.com\/\" rel=\"noopener noreferrer\">Windows Office Online<\/a> (browserbasiert, plattformunabh\u00e4ngig, ben\u00f6tigt [gratis] Microsoft-Konto)<\/li><\/ul>\n<\/div><\/div>\n<\/div>\n\n\n\n<h2 class=\"wp-block-heading\">\u00dcbungen<\/h2>\n\n\n\n<div class=\"su-accordion su-u-trim\">\n<div class=\"su-spoiler su-spoiler-style-fancy su-spoiler-icon-plus su-spoiler-closed\" data-scroll-offset=\"0\" data-anchor-in-url=\"no\"><div class=\"su-spoiler-title\" tabindex=\"0\" role=\"button\"><span class=\"su-spoiler-icon\"><\/span>Maustasten \/ Touchpad<\/div><div class=\"su-spoiler-content su-u-clearfix su-u-trim\"><br>\n<iframe src=\"https:\/\/learningapps.org\/watch?v=pgp0n5u2c19\" style=\"border:0px;width:100%;height:500px\" webkitallowfullscreen=\"true\" mozallowfullscreen=\"true\"><\/iframe><br>\n<\/div><\/div>\n<div class=\"su-spoiler su-spoiler-style-fancy su-spoiler-icon-plus su-spoiler-closed\" data-scroll-offset=\"0\" data-anchor-in-url=\"no\"><div class=\"su-spoiler-title\" tabindex=\"0\" role=\"button\"><span class=\"su-spoiler-icon\"><\/span>Konzepte Tabellenkalkulation<\/div><div class=\"su-spoiler-content su-u-clearfix su-u-trim\"><br>\n<iframe src=\"https:\/\/learningapps.org\/watch?v=phpoab1a517\" style=\"border:0px;width:100%;height:500px\" webkitallowfullscreen=\"true\" mozallowfullscreen=\"true\"><\/iframe><br>\n<\/div><\/div>\n<div class=\"su-spoiler su-spoiler-style-fancy su-spoiler-icon-plus su-spoiler-closed\" data-scroll-offset=\"0\" data-anchor-in-url=\"no\"><div class=\"su-spoiler-title\" tabindex=\"0\" role=\"button\"><span class=\"su-spoiler-icon\"><\/span>Hilfe<\/div><div class=\"su-spoiler-content su-u-clearfix su-u-trim\">\n<ol>\n<li>Lass dir die Namen verschiedener Befehle im Tabellenkalkulationsprogramm anzeigen, indem du den Mauszeiger &#8211; ohne zu klicken &#8211; auf ein Men\u00fc-Symbol f\u00e4hrst und etwas wartest (in den meisten Tabellenkalkulationsprogrammen wird der Name des Befehls eingeblendet)<\/li>\n<li>Schlage den Gebrauch eines dieser Befehle in der eingebauten Hilfe nach.<\/li>\n<li>Recherchiere den Gebrauch dieses Befehls zus\u00e4tzlich im Internet.<br> <em>Tipp: Schreibe den Namen des Tabellenkalkulationsprogramms mit in die Suchfrage.<\/em><\/li>\n<li>Vergleiche die beiden Erkl\u00e4rungen der eingebauten Hilfe und des Internet miteindander. Welche ist Hilfreicher? Wie m\u00f6chtest du in Zukunft bei solchen Fragen vorgehen?<\/li>\n<\/ol>\n<\/div><\/div>\n<\/div>\n\n\n\n<div style=\"height:20px\" aria-hidden=\"true\" class=\"wp-block-spacer\"><\/div>\n\n\n<p><a class=\"back_button\" href=\"https:\/\/office.suud.ch\/index.php\/tabintro\/\">\u25c4&nbsp;&nbsp;Zur\u00fcck&nbsp;<\/a><\/p>","protected":false},"excerpt":{"rendered":"<p>Grundlagen Unter \u201eTabellenkalkulation\u201c wird die tabellarische Verrechnung von Daten und deren Darstellung in Form von Diagrammen verstanden. Tabellenkalkulationsprogramme unterst\u00fctzten in der Regel die folgenden Funktionen. Automatisiertes Verrechnen und Verarbeiten von Werten mit Hilfe einer grossen Anzahl von vordefinierten Funktionen. Orientierung in den Tabellen durch Sortier- und Filterfunktionen. Reduzierter Schreibaufwand durch intelligentes Kopieren bestehender Berechnungen. \u00dcbersichtliche [&hellip;]<\/p>\n","protected":false},"author":1,"featured_media":0,"parent":0,"menu_order":0,"comment_status":"open","ping_status":"closed","template":"","meta":{"footnotes":""},"_links":{"self":[{"href":"https:\/\/office.suud.ch\/index.php\/wp-json\/wp\/v2\/pages\/833"}],"collection":[{"href":"https:\/\/office.suud.ch\/index.php\/wp-json\/wp\/v2\/pages"}],"about":[{"href":"https:\/\/office.suud.ch\/index.php\/wp-json\/wp\/v2\/types\/page"}],"author":[{"embeddable":true,"href":"https:\/\/office.suud.ch\/index.php\/wp-json\/wp\/v2\/users\/1"}],"replies":[{"embeddable":true,"href":"https:\/\/office.suud.ch\/index.php\/wp-json\/wp\/v2\/comments?post=833"}],"version-history":[{"count":7,"href":"https:\/\/office.suud.ch\/index.php\/wp-json\/wp\/v2\/pages\/833\/revisions"}],"predecessor-version":[{"id":1256,"href":"https:\/\/office.suud.ch\/index.php\/wp-json\/wp\/v2\/pages\/833\/revisions\/1256"}],"wp:attachment":[{"href":"https:\/\/office.suud.ch\/index.php\/wp-json\/wp\/v2\/media?parent=833"}],"curies":[{"name":"wp","href":"https:\/\/api.w.org\/{rel}","templated":true}]}}