{"id":844,"date":"2019-09-27T14:32:50","date_gmt":"2019-09-27T14:32:50","guid":{"rendered":"https:\/\/office.suud.ch\/?page_id=844"},"modified":"2020-07-18T06:48:32","modified_gmt":"2020-07-18T06:48:32","slug":"tabzusammenarbeit","status":"publish","type":"page","link":"https:\/\/office.suud.ch\/index.php\/tabzusammenarbeit\/","title":{"rendered":"TabZusammenarbeit"},"content":{"rendered":"\n<h1 class=\"wp-block-heading\">Online Zusammenarbeiten<\/h1>\n\n\n\n<h3 class=\"wp-block-heading\">Gemeinsam Pr\u00e4sentationen erstellen<\/h3>\n\n\n\n<p>Online-Tabellenkalkulationsprogramme erm\u00f6glichen es, dass mehrere Personen von verschiedenen Orten aus gleichzeitig an ein und derselben Tabelle arbeiten k\u00f6nnen. Diese Form der Zusammenarbeit eignet sich f\u00fcr schulische Gruppenarbeiten und wird auch in der Berufspraxis h\u00e4ufig eingesetzt.<\/p>\n\n\n\n<p>Reine Offline-Tabellenkalkulationsprogramme bieten diesen Konfort nicht. \u00dcber einen Cloudspeicher k\u00f6nnen zwar Tabellen geteilt, aber nicht gleichzeitig bearbeitet werden.<\/p>\n\n\n\n<p>Das gemeinsame Arbeiten braucht eine gewisse R\u00fccksichtnahme und Absprache. H\u00e4ufig ist es m\u00f6glich daf\u00fcr einen im Tabellenkalkulationsprogramm integrierten Chat zu nutzen. Bei einer gleichzeitigen Bearbeitung, bei der sich nicht alle Personen am gleichen Ort befinden, kann es sinnvoll sein sich zus\u00e4tzlich per Telefonie (z.B. Skype) oder Videochat auszutauschen.<\/p>\n\n\n\n<p>Eine Tabelle an der gemeinsam gearbeitet werden soll, muss von einer Person erstellt und online bereitgestellt werden. Diese Person l\u00e4dt alle anderen zur Tabelle ein oder l\u00e4sst ihnen einen Link darauf zukommen. Dabei kann auch eingestellt werden, ob die Mitarbeitenden nur lesen, nur kommentieren oder die Tabelle auch ver\u00e4ndern k\u00f6nnen.<\/p>\n\n\n\n<div class=\"su-accordion su-u-trim\">\n<div class=\"su-spoiler su-spoiler-style-fancy su-spoiler-icon-plus su-spoiler-closed\" data-scroll-offset=\"0\" data-anchor-in-url=\"no\"><div class=\"su-spoiler-title\" tabindex=\"0\" role=\"button\"><span class=\"su-spoiler-icon\"><\/span>Zusatz: Ein Einsatzbeispiel<\/div><div class=\"su-spoiler-content su-u-clearfix su-u-trim\">\n<p>Sollen im Rahmen einer Gruppenarbeit Daten in einer Tabelle gesammelt werden und sind Aufbau und Struktur beschlossen, so kann die gemeinsame Tabelle als Datenablage dienen.<\/p>\n<p>In einem ersten Schritt k\u00f6nnen alle in der Gruppe unabh\u00e4nig voneinander die Daten in der Tabelle eintragen.<\/p>\n<p>In einem zweiten Schritt k\u00f6nnen die Daten als Diagramme dargestellt werden. F\u00fcr diesen Schritt ist es sinnvoll wenn jemand oder mehrere bestimm werden, welche das gleichzeitig umsetzen und sich dabei austauschen k\u00f6nnen (am selben Computer oder verbunden via Chat).<\/p> \n<\/div><\/div>\n<\/div>\n\n\n\n<h2 class=\"wp-block-heading\">\u00dcbungen<\/h2>\n\n\n\n<div class=\"su-accordion su-u-trim\">\n<div class=\"su-spoiler su-spoiler-style-fancy su-spoiler-icon-plus su-spoiler-closed\" data-scroll-offset=\"0\" data-anchor-in-url=\"no\"><div class=\"su-spoiler-title\" tabindex=\"0\" role=\"button\"><span class=\"su-spoiler-icon\"><\/span>Online Zusammenarbeiten<\/div><div class=\"su-spoiler-content su-u-clearfix su-u-trim\">\n<em>Suche dir f\u00fcr diese \u00dcbung eine zweite Person (oder arbeite mit zwei verschiedenen Browser-Fenstern).<\/em>\n<ol><li>Erzeuge eine neue Tabelle welche du online freigeben kannst.<\/li>\n<li>Gib diese der anderen Person geeignet frei, so dass die andere Person editieren kann. (Bei der Zwei-Browser-Variante wird die Tabelle \u00fcber den Freigabelink auch im anderen Browserfenster ge\u00f6ffnet.)<\/li>\n<li>F\u00fcllt die Tabelle mit etwas Inhalt.<\/li>\n<li>Findet heraus wie der integrierte Chat funktioniert.<\/li>\n<li>Bei Bedarf k\u00f6nnt ihr euch zus\u00e4tzlich \u00fcber Telefonie oder Videocat unterhalten.<\/li><\/ol>\n<\/div><\/div>\n<\/div>\n\n\n\n<h2 class=\"wp-block-heading\">Umsetzungstipps<\/h2>\n\n\n\n<div class=\"su-accordion su-u-trim\">\n<div class=\"su-spoiler su-spoiler-style-fancy su-spoiler-icon-plus su-spoiler-closed\" data-scroll-offset=\"0\" data-anchor-in-url=\"no\"><div class=\"su-spoiler-title\" tabindex=\"0\" role=\"button\"><span class=\"su-spoiler-icon\"><\/span>Microsoft Excel<\/div><div class=\"su-spoiler-content su-u-clearfix su-u-trim\">\nMit Excel &#171;offline&#187; ist ein gleichzeitiges Bearbeiten von Pr\u00e4sentationen auch vom Desktop aus m\u00f6glich. Daf\u00fcr muss die Tabelle zus\u00e4tzlich auf OneDrive (online) gespeichert werden. Weiter m\u00fcssen alle Personen die bearbeiten sollen, den OneDrive-Link und entsprechende Zugriffsrechte bekommen. \n<\/div><\/div>\n<div class=\"su-spoiler su-spoiler-style-fancy su-spoiler-icon-plus su-spoiler-closed\" data-scroll-offset=\"0\" data-anchor-in-url=\"no\"><div class=\"su-spoiler-title\" tabindex=\"0\" role=\"button\"><span class=\"su-spoiler-icon\"><\/span>Microsoft Excel online<\/div><div class=\"su-spoiler-content su-u-clearfix su-u-trim\">\nEin gleichzeitiges Bearbeiten ist m\u00f6glich.\n<\/div><\/div>\n<div class=\"su-spoiler su-spoiler-style-fancy su-spoiler-icon-plus su-spoiler-closed\" data-scroll-offset=\"0\" data-anchor-in-url=\"no\"><div class=\"su-spoiler-title\" tabindex=\"0\" role=\"button\"><span class=\"su-spoiler-icon\"><\/span>Google Tabellen<\/div><div class=\"su-spoiler-content su-u-clearfix su-u-trim\">\nEin gleichzeitiges Bearbeiten ist m\u00f6glich.\n<\/div><\/div>\n<div class=\"su-spoiler su-spoiler-style-fancy su-spoiler-icon-plus su-spoiler-closed\" data-scroll-offset=\"0\" data-anchor-in-url=\"no\"><div class=\"su-spoiler-title\" tabindex=\"0\" role=\"button\"><span class=\"su-spoiler-icon\"><\/span>LibreOffice \/ OpenOffice Calc<\/div><div class=\"su-spoiler-content su-u-clearfix su-u-trim\">\nEin gleichzeitiges Bearbeiten ist nicht ohne weiteres m\u00f6glich. LibreOffice \/ OpenOffice Calc arbeitet offline.\n<\/div><\/div>\n<\/div>\n\n\n\n<div style=\"height:20px\" aria-hidden=\"true\" class=\"wp-block-spacer\"><\/div>\n\n\n<p><a class=\"back_button\" href=\"https:\/\/office.suud.ch\/index.php\/tabintro\/\">\u25c4&nbsp;&nbsp;Zur\u00fcck&nbsp;<\/a><\/p>","protected":false},"excerpt":{"rendered":"<p>Online Zusammenarbeiten Gemeinsam Pr\u00e4sentationen erstellen Online-Tabellenkalkulationsprogramme erm\u00f6glichen es, dass mehrere Personen von verschiedenen Orten aus gleichzeitig an ein und derselben Tabelle arbeiten k\u00f6nnen. Diese Form der Zusammenarbeit eignet sich f\u00fcr schulische Gruppenarbeiten und wird auch in der Berufspraxis h\u00e4ufig eingesetzt. Reine Offline-Tabellenkalkulationsprogramme bieten diesen Konfort nicht. \u00dcber einen Cloudspeicher k\u00f6nnen zwar Tabellen geteilt, aber nicht [&hellip;]<\/p>\n","protected":false},"author":1,"featured_media":0,"parent":0,"menu_order":0,"comment_status":"open","ping_status":"closed","template":"","meta":{"footnotes":""},"_links":{"self":[{"href":"https:\/\/office.suud.ch\/index.php\/wp-json\/wp\/v2\/pages\/844"}],"collection":[{"href":"https:\/\/office.suud.ch\/index.php\/wp-json\/wp\/v2\/pages"}],"about":[{"href":"https:\/\/office.suud.ch\/index.php\/wp-json\/wp\/v2\/types\/page"}],"author":[{"embeddable":true,"href":"https:\/\/office.suud.ch\/index.php\/wp-json\/wp\/v2\/users\/1"}],"replies":[{"embeddable":true,"href":"https:\/\/office.suud.ch\/index.php\/wp-json\/wp\/v2\/comments?post=844"}],"version-history":[{"count":6,"href":"https:\/\/office.suud.ch\/index.php\/wp-json\/wp\/v2\/pages\/844\/revisions"}],"predecessor-version":[{"id":1192,"href":"https:\/\/office.suud.ch\/index.php\/wp-json\/wp\/v2\/pages\/844\/revisions\/1192"}],"wp:attachment":[{"href":"https:\/\/office.suud.ch\/index.php\/wp-json\/wp\/v2\/media?parent=844"}],"curies":[{"name":"wp","href":"https:\/\/api.w.org\/{rel}","templated":true}]}}