{"id":851,"date":"2019-09-27T15:24:47","date_gmt":"2019-09-27T15:24:47","guid":{"rendered":"https:\/\/office.suud.ch\/?page_id=851"},"modified":"2020-07-19T14:10:20","modified_gmt":"2020-07-19T14:10:20","slug":"tabzelletabellenblatt","status":"publish","type":"page","link":"https:\/\/office.suud.ch\/index.php\/tabzelletabellenblatt\/","title":{"rendered":"TabZelleTabellenblatt"},"content":{"rendered":"\n<h1 class=\"wp-block-heading\">Zelle, Zeile\/Spalte, Tabellenblatt <\/h1>\n\n\n\n<p>Wird ein neues Dokument mit einem Tabellenkalkulationsprogramm erzeugt, so wird dabei eine &#171;Arbeitsmappe&#187; erzeugt, welche mehrere &#171;Tabellenbl\u00e4tter&#187; (d.h. Tabellen) beinhalten kann. Zwischen den Tabellenbl\u00e4ttern kann in einer Arbeitsmappte hin und her gewechselt werden. <\/p>\n\n\n\n<p>Jedes Tabellenblatt enth\u00e4lt eine Tabelle, in welcher Zellen in Zeilen und Spalten angeordnet sind (siehe Abb.1).<\/p>\n\n\n\n<div class=\"wp-block-image\"><figure class=\"aligncenter is-resized\"><img loading=\"lazy\" decoding=\"async\" src=\"https:\/\/office.suud.ch\/wp-content\/uploads\/2019\/09\/Zellen-1024x292.png\" alt=\"\" class=\"wp-image-852\" width=\"512\" height=\"146\" srcset=\"https:\/\/office.suud.ch\/wp-content\/uploads\/2019\/09\/Zellen-1024x292.png 1024w, https:\/\/office.suud.ch\/wp-content\/uploads\/2019\/09\/Zellen-300x86.png 300w, https:\/\/office.suud.ch\/wp-content\/uploads\/2019\/09\/Zellen-768x219.png 768w, https:\/\/office.suud.ch\/wp-content\/uploads\/2019\/09\/Zellen.png 1033w\" sizes=\"(max-width: 512px) 100vw, 512px\" \/><figcaption> Abb.1: Benennung verschiedener Zellbereiche. <\/figcaption><\/figure><\/div>\n\n\n\n<p>Eine einzlene Zelle wird per Zeile und Spalte angesprochen (z.B. B2). Soll ein Zellbereich aus mehreren Zellen angesprochen werden, so werden die Zellen per Doppelpunkt : zusammengefasst. In Abb.1 sind mehrere Beispiele zu sehen. Z.B. bezeichnet &#171;D4:F6&#187; die neun eingef\u00e4rbten Zellen um D4:F6 herum.<\/p>\n\n\n\n<h2 class=\"wp-block-heading\">\u00dcbungen<\/h2>\n\n\n\n<div class=\"su-accordion su-u-trim\">\n<div class=\"su-spoiler su-spoiler-style-fancy su-spoiler-icon-plus su-spoiler-closed\" data-scroll-offset=\"0\" data-anchor-in-url=\"no\"><div class=\"su-spoiler-title\" tabindex=\"0\" role=\"button\"><span class=\"su-spoiler-icon\"><\/span>Kopieren und Verschieben<\/div><div class=\"su-spoiler-content su-u-clearfix su-u-trim\">\n<ol>\n<li>\u00d6ffne eine leere Arbeitsmappe.<\/li>\n<li>Schreibe in die Zellen B2:B4 irgendwelche Zahlen.<\/li>\n<li>Markiere die drei Zellen B2:B4 mit der Maus.<\/em><\/li>\n<li>Teste ob dein Tabellenkalkulationsprogramm Folgendes unterst\u00fctzt: Fahre mit dem Mauszeiger \u00fcber den Rand des markierten Zellbereichs. Wenn der Cursor die Form von vier Pfeilen annimmt kannst du per Drag-und-Drop den markierten Bereich verschieben. Verschiebe den Bereich an einen beliebigen Ort.<br><i>Hinweis:<\/i> Sollte dein Tabellenkalkulationsprogramm das nicht unterst\u00fctzten so schneide den Bereich mit der Tastenkombination ctrl + x bzw. cmd + x aus und setze diesen an einer anderen Stelle per ctrl + v bzw. cmd + v wieder ein.<\/li>\n<li>Markiere die drei Zellen erneut mit der Maus.<\/em><\/li>\n<li>Teste ob dein Tabellenkalkulationsprogramm Folgendes unterst\u00fctzt: Fahre mit dem Mauszeiger wiederum \u00fcber den Rand des markierten Zellbereichs aber dr\u00fccke zus\u00e4tzlich die Taste ctrl bzw. cmd. Wenn alles klappt kannst du den Bereich nun kopieren und eine Kopie davon an eine beliebige Stelle setzen.<br><i>Hinweis:<\/i> Sollte dein Tabellenkalkulationsprogramm das nicht unterst\u00fctzten so kopiere den Bereich mit der Tastenkombination ctrl + c bzw. cmd + c und setze diesen an einer anderen Stelle per ctrl + v bzw. cmd + v wieder ein.<\/li><\/ol>\n<\/div><\/div>\n<div class=\"su-spoiler su-spoiler-style-fancy su-spoiler-icon-plus su-spoiler-closed\" data-scroll-offset=\"0\" data-anchor-in-url=\"no\"><div class=\"su-spoiler-title\" tabindex=\"0\" role=\"button\"><span class=\"su-spoiler-icon\"><\/span>Zeilen \/ Spalten einf\u00fcgen und l\u00f6schen<\/div><div class=\"su-spoiler-content su-u-clearfix su-u-trim\">\n<ol>\n<li>\u00d6ffne eine leere Arbeitsmappe.<\/li>\n<li>Schreibe in die vier Zellen B2:C3 irgendwelche Zahlen.<\/li>\n<li>Finde heraus wie zus\u00e4tzliche Zeilen in die Tabelle eingef\u00fcgt werden. F\u00fcge eine leere Zeile zwischen die Zeilen 2 und 3 ein.<\/li>\n<li>Finde heraus wie zus\u00e4tzliche Spalten in die Tabelle eingef\u00fcgt werden. F\u00fcge eine leere Spalten zwischen die Spalten B und C ein.<\/li>\n<li>L\u00f6sche die zuvor eingef\u00fcgten leeren Zeilen und Spalten wieder.<\/li><\/ol>\n<\/div><\/div>\n<div class=\"su-spoiler su-spoiler-style-fancy su-spoiler-icon-plus su-spoiler-closed\" data-scroll-offset=\"0\" data-anchor-in-url=\"no\"><div class=\"su-spoiler-title\" tabindex=\"0\" role=\"button\"><span class=\"su-spoiler-icon\"><\/span>Mehrere Tabellenbl\u00e4tter<\/div><div class=\"su-spoiler-content su-u-clearfix su-u-trim\">\n<ol>\n<li>\u00d6ffne eine leere Arbeitsmappe.<\/li>\n<li>Finde heraus wie zu\u00e4stzliche Tabellenbl\u00e4tter der Arbeitsmappe hinzugef\u00fcgt werden.<\/li>\n<li>F\u00fcge ein paar Tabellenbl\u00e4tter hinzu und gib diesen Fantasienamen.<\/li>\n<li>L\u00f6sche einige dieser Tabellenbl\u00e4tter wieder.<\/li><\/ol>\n<\/div><\/div>\n<\/div>\n\n\n\n<div style=\"height:20px\" aria-hidden=\"true\" class=\"wp-block-spacer\"><\/div>\n\n\n<p><a class=\"back_button\" href=\"https:\/\/office.suud.ch\/index.php\/tabintro\/\">\u25c4&nbsp;&nbsp;Zur\u00fcck&nbsp;<\/a><\/p>","protected":false},"excerpt":{"rendered":"<p>Zelle, Zeile\/Spalte, Tabellenblatt Wird ein neues Dokument mit einem Tabellenkalkulationsprogramm erzeugt, so wird dabei eine &#171;Arbeitsmappe&#187; erzeugt, welche mehrere &#171;Tabellenbl\u00e4tter&#187; (d.h. Tabellen) beinhalten kann. Zwischen den Tabellenbl\u00e4ttern kann in einer Arbeitsmappte hin und her gewechselt werden. Jedes Tabellenblatt enth\u00e4lt eine Tabelle, in welcher Zellen in Zeilen und Spalten angeordnet sind (siehe Abb.1). Eine einzlene Zelle [&hellip;]<\/p>\n","protected":false},"author":1,"featured_media":0,"parent":0,"menu_order":0,"comment_status":"open","ping_status":"closed","template":"","meta":{"footnotes":""},"_links":{"self":[{"href":"https:\/\/office.suud.ch\/index.php\/wp-json\/wp\/v2\/pages\/851"}],"collection":[{"href":"https:\/\/office.suud.ch\/index.php\/wp-json\/wp\/v2\/pages"}],"about":[{"href":"https:\/\/office.suud.ch\/index.php\/wp-json\/wp\/v2\/types\/page"}],"author":[{"embeddable":true,"href":"https:\/\/office.suud.ch\/index.php\/wp-json\/wp\/v2\/users\/1"}],"replies":[{"embeddable":true,"href":"https:\/\/office.suud.ch\/index.php\/wp-json\/wp\/v2\/comments?post=851"}],"version-history":[{"count":6,"href":"https:\/\/office.suud.ch\/index.php\/wp-json\/wp\/v2\/pages\/851\/revisions"}],"predecessor-version":[{"id":1258,"href":"https:\/\/office.suud.ch\/index.php\/wp-json\/wp\/v2\/pages\/851\/revisions\/1258"}],"wp:attachment":[{"href":"https:\/\/office.suud.ch\/index.php\/wp-json\/wp\/v2\/media?parent=851"}],"curies":[{"name":"wp","href":"https:\/\/api.w.org\/{rel}","templated":true}]}}