{"id":920,"date":"2019-10-01T22:04:56","date_gmt":"2019-10-01T22:04:56","guid":{"rendered":"https:\/\/office.suud.ch\/?page_id=920"},"modified":"2020-07-19T14:22:16","modified_gmt":"2020-07-19T14:22:16","slug":"tabformelnfunktionen","status":"publish","type":"page","link":"https:\/\/office.suud.ch\/index.php\/tabformelnfunktionen\/","title":{"rendered":"TabFormelnFunktionen"},"content":{"rendered":"\n<h1 class=\"wp-block-heading\">Formeln und Funktionen<\/h1>\n\n\n\n\n\n<p>Formeln und Funktionen erm\u00f6glichen eine effiziente, automatisierte Verrechnung mehrerer Werte. Z.B. l\u00e4sst sich ein Notenschnitt mit wenigen Klicks aus einer Notenliste berechnen. Wird nachtr\u00e4glich eine Note ge\u00e4ndert, so passt sich der Notenschnitt automatisch an.<\/p>\n\n\n\n<p>Alle Formeln beginnen mit einem Gleichheitszeichen &#171;=&#187; (siehe Abb.1). Fehlt dies, wird die Eingabe als gew\u00f6hnlicher Text oder Zahl verstanden. In einer Formel werden Zellen oder Zellbereiche mit den arithmetischen Operationen + , &#8211; , *, \/ verkn\u00fcpft (z.B. &#171;= B4*C6&#187;) oder \u00fcber Funktionen wie SUMME oder SUM verrechnet.<\/p>\n\n\n\n<div class=\"wp-block-image\"><figure class=\"aligncenter is-resized\"><img loading=\"lazy\" decoding=\"async\" src=\"https:\/\/office.suud.ch\/wp-content\/uploads\/2019\/09\/FormelEingabe.png\" alt=\"\" class=\"wp-image-923\" width=\"211\" height=\"44\"\/><figcaption>Abb.1: Formeleingabe<\/figcaption><\/figure><\/div>\n\n\n\n<p>Bei der Eingabe von Formeln wird in den meisten Tabellenkalkulationsprogrammen eine Liste der verf\u00fcgbaren Formeln angezeigt. Ebenso ist eine Hilfe zur Verwendung der Formeln integriert.<\/p>\n\n\n\n<p>Nicht alle Formeln verrechnen Zahlen. Es gibt  Formeln, welche W\u00f6rter z\u00e4hlen, die Inhalte zweier Zellen vergleichen etc.<\/p>\n\n\n\n<div class=\"su-accordion su-u-trim\"> <div class=\"su-spoiler su-spoiler-style-fancy su-spoiler-icon-plus su-spoiler-closed\" data-scroll-offset=\"0\" data-anchor-in-url=\"no\"><div class=\"su-spoiler-title\" tabindex=\"0\" role=\"button\"><span class=\"su-spoiler-icon\"><\/span>Zusatz: Effizientes Editieren<\/div><div class=\"su-spoiler-content su-u-clearfix su-u-trim\">\n<p>Sobald ein Gleichzeitszeichen in eine Zelle eingetragen wird, werden Zellen oder Zellbereiche, welche mit der Maus markiert werden, direkt in die Formel \u00fcbernommen.<\/p> \n<\/div><\/div> <\/div>\n\n\n\n<h2 class=\"wp-block-heading\">\u00dcbungen<\/h2>\n\n\n\n<div class=\"su-accordion su-u-trim\">\n<div class=\"su-spoiler su-spoiler-style-fancy su-spoiler-icon-plus su-spoiler-closed\" data-scroll-offset=\"0\" data-anchor-in-url=\"no\"><div class=\"su-spoiler-title\" tabindex=\"0\" role=\"button\"><span class=\"su-spoiler-icon\"><\/span>Summe und Produkt<\/div><div class=\"su-spoiler-content su-u-clearfix su-u-trim\">\n<ol>\n<li>\u00dcbernehme die nachfolgende Vorlage mit Punkt- oder Komma-Dezimaltrennzeichen in dein Tabellenkalkulationsprogramm (per Copy-Paste, ganze Tabelle auf der Webseite markieren, in die Zwischenablage kopieren, eine Zelle im Tabellenkalkulationsprogramm ausw\u00e4hlen und einf\u00fcgen).<\/li>\n<li>Berechne in der Zelle &#171;Resultat 1&#187; die Summe der drei Zahlen in der ersten Zeile mit einer Formel der Art: = Zelle1 + Zelle2 &#8230;<\/li>\n<li>Berechne in der Zelle &#171;Resultat 2&#187; die Summe der drei Zahlen in der zweiten Zeile mit der Summenformel: = SUMME(&#8230; bzw. =SUM(&#8230;<\/li>\n<li>Berechne in der Zelle &#171;Resultat 3&#187; das Produkt der beiden Zahlen in der dritten Spalte.<\/li>\n<li>Berechne in der Zelle &#171;Resultat 4&#187; die Summe der drei dar\u00fcberliegenden Zahlen mit der Summenformel: = SUMME(&#8230; bzw. =SUM(&#8230;<\/li>\n<li>Berechne in der Zelle &#171;Resultat 5&#187; das Produkt aus Summe der sechs dar\u00fcberliegenden Zahlen und der einzelnen Zahl rechts daneben.<\/li>\n<\/ol>\n\n<br>\n<h3>Vorlage mit Punkt-Dezimaltrennzeichen<\/h3><br>\n<table>\n<tbody>\n<tr>\n<td>3.4<\/td>\n<td>80.6<\/td>\n<td>19.9<\/td>\n<td>Resultat 1<\/td>\n<\/tr>\n<tr>\n<td>3.4<\/td>\n<td>80.6<\/td>\n<td>19.9<\/td>\n<td>Resultat 2<\/td>\n<\/tr>\n<tr>\n<td><\/td>\n<td>23.5<\/td>\n<td>44.4<\/td>\n<td>Resultat 3<\/td>\n<\/tr>\n<tr>\n<td>&nbsp;<\/td>\n<td><\/td>\n<td><\/td>\n<td><\/td>\n<\/tr>\n<tr>\n<td><\/td>\n<td>83.2<\/td>\n<td>5.5<\/td>\n<td><\/td>\n<\/tr>\n<tr>\n<td><\/td>\n<td>38.9<\/td>\n<td><\/td>\n<td><\/td>\n<\/tr>\n<tr>\n<td><\/td>\n<td>0.5<\/td>\n<td><\/td>\n<td><\/td>\n<\/tr>\n<tr>\n<td>22.2<\/td>\n<td>8.2<\/td>\n<td><\/td>\n<td><\/td>\n<\/tr>\n<tr>\n<td>46.1<\/td>\n<td>12<\/td>\n<td><\/td>\n<td><\/td>\n<\/tr>\n<tr>\n<td>7.3<\/td>\n<td>64.2<\/td>\n<td><\/td>\n<td><\/td>\n<\/tr>\n<tr>\n<td>Resultat 4<\/td>\n<td>Resultat 5<\/td>\n<td><\/td>\n<td><\/td>\n<\/tr>\n<\/tbody>\n<\/table>\n\n<br>\n<h3>Vorlage mit Komma-Dezimaltrennzeichen<\/h3><br>\n<table>\n<tbody>\n<tr>\n<td>3,4<\/td>\n<td>80,6<\/td>\n<td>19,9<\/td>\n<td>Resultat 1<\/td>\n<\/tr>\n<tr>\n<td>3,4<\/td>\n<td>80,6<\/td>\n<td>19,9<\/td>\n<td>Resultat 2<\/td>\n<\/tr>\n<tr>\n<td><\/td>\n<td>23,5<\/td>\n<td>44,4<\/td>\n<td>Resultat 3<\/td>\n<\/tr>\n<tr>\n<td>&nbsp;<\/td>\n<td><\/td>\n<td><\/td>\n<td><\/td>\n<\/tr>\n<tr>\n<td><\/td>\n<td>83,2<\/td>\n<td>5,5<\/td>\n<td><\/td>\n<\/tr>\n<tr>\n<td><\/td>\n<td>38,9<\/td>\n<td><\/td>\n<td><\/td>\n<\/tr>\n<tr>\n<td><\/td>\n<td>0,5<\/td>\n<td><\/td>\n<td><\/td>\n<\/tr>\n<tr>\n<td>22,2<\/td>\n<td>8,2<\/td>\n<td><\/td>\n<td><\/td>\n<\/tr>\n<tr>\n<td>46,1<\/td>\n<td>12<\/td>\n<td><\/td>\n<td><\/td>\n<\/tr>\n<tr>\n<td>7,3<\/td>\n<td>64,2<\/td>\n<td><\/td>\n<td><\/td>\n<\/tr>\n<tr>\n<td>Resultat 4<\/td>\n<td>Resultat 5<\/td>\n<td><\/td>\n<td><\/td>\n<\/tr>\n<\/tbody>\n<\/table>\n<\/div><\/div>\n<div class=\"su-spoiler su-spoiler-style-fancy su-spoiler-icon-plus su-spoiler-closed\" data-scroll-offset=\"0\" data-anchor-in-url=\"no\"><div class=\"su-spoiler-title\" tabindex=\"0\" role=\"button\"><span class=\"su-spoiler-icon\"><\/span>Dinge z\u00e4hlen<\/div><div class=\"su-spoiler-content su-u-clearfix su-u-trim\">\n<ol>\n<li>\u00dcbernehme die nachfolgende Vorlage in dein Tabellenkalkulationsprogramm (per Copy-Paste, ganze Tabelle auf der Webseite markieren, in die Zwischenablage kopieren, eine Zelle im Tabellenkalkulationsprogramm ausw\u00e4hlen und einf\u00fcgen).<\/li>\n<li>In der Zelle rechts von &#171;Abgegeben&#187; soll am Ende stehen, wie viele Personen abgegeben hatten. Suche zur Berechnung die passende Funktion um im gew\u00fcnschten Zellbereich zu z\u00e4hlen, wie viele Zellen einen Wert enthalten.<br><i>Hinweis:<\/i> Der gesuchte Funktionsnamen f\u00e4ngt je nach Tabellenkalkulationsprogramm vermutlich mit ANZAHL&#8230; oder COUNT&#8230; an.<\/li>\n<li>In der Zelle rechts von &#171;Nicht abgegeben&#187; soll am Ende stehen, wie viele Personen nicht abgegeben hatten. Suche zur Berechnung die passende Funktion um im gew\u00fcnschten Zellbereich zu z\u00e4hlen, wie viele Zellen leer sind, d.h. keinen Wert enthalten.<br><i>Hinweis:<\/i> Der gesuchte Funktionsnamen f\u00e4ngt je nach Tabellenkalkulationsprogramm vermutlich mit ANZAHL&#8230; oder COUNT&#8230; an.<\/li>\n<\/ol>\n\n<br>\n<h3>Vorlage<\/h3><br>\n<table>\n<thead>\n<tr>\n<th>Vorname<\/th>\n<th>Name<\/th>\n<th>Erhalten<\/th>\n<\/tr>\n<\/thead>\n<tbody>\n<tr>\n<td>Aladin<\/td>\n<td>Aebi<\/td>\n<td><\/td>\n<\/tr>\n<tr>\n<td>Clint<\/td>\n<td>B\u00fcchi<\/td>\n<td>X<\/td>\n<\/tr>\n<tr>\n<td>Francisco Javier<\/td>\n<td>Cajochen<\/td>\n<td>X<\/td>\n<\/tr>\n<tr>\n<td>Sugar Ray<\/td>\n<td>Emmenegger<\/td>\n<td><\/td>\n<\/tr>\n<tr>\n<td>Zhaoming<\/td>\n<td>Hugentobler<\/td>\n<td>X <\/td>\n<\/tr>\n<tr>\n<td>Singh<\/td>\n<td>Krattiger<\/td>\n<td><\/td>\n<\/tr>\n<tr>\n<td>G\u00fclhan<\/td>\n<td>R\u00fcdis\u00fcli<\/td>\n<td>X<\/td>\n<\/tr>\n<tr>\n<td>Deidre<\/td>\n<td>R\u00fcegsegger<\/td>\n<td>X<\/td>\n<\/tr>\n<tr>\n<td>Jelisaweta<\/td>\n<td>Supersaxo<\/td>\n<td><\/td>\n<\/tr>\n<tr>\n<td>Kuniyoshi<\/td>\n<td>von Rotz<\/td>\n<td>X<\/td>\n<\/tr>\n<tr>\n<td>Sadikika<\/td>\n<td>Zgraggen<\/td>\n<td><\/td>\n<\/tr>\n<tr>\n<td>&nbsp;<\/td>\n<td><\/td>\n<td><\/td>\n<\/tr>\n<tr>\n<td><\/td>\n<td><b>Abgegeben<\/b><\/td>\n<td><\/td>\n<\/tr>\n<tr>\n<td><\/td>\n<td><b>Nicht abgegeben<\/b><\/td>\n<td><\/td>\n<\/tr>\n<\/tbody>\n<\/table>\n<\/div><\/div>\n<div class=\"su-spoiler su-spoiler-style-fancy su-spoiler-icon-plus su-spoiler-closed\" data-scroll-offset=\"0\" data-anchor-in-url=\"no\"><div class=\"su-spoiler-title\" tabindex=\"0\" role=\"button\"><span class=\"su-spoiler-icon\"><\/span>Mittelwert, Standardabweichung und Co.<\/div><div class=\"su-spoiler-content su-u-clearfix su-u-trim\">\n<ol>\n<li>\u00dcbernehme die nachfolgende Vorlage mit Punkt- oder Komma-Dezimaltrennzeichen in dein Tabellenkalkulationsprogramm (per Copy-Paste, ganze Tabelle auf der Webseite markieren, in die Zwischenablage kopieren, eine Zelle im Tabellenkalkulationsprogramm ausw\u00e4hlen und einf\u00fcgen).<\/li>\n<li>Berechne den Mittelwert (das arithmetische Mittel) mit der passenden Formel. Zusatz: Runde das Resultat auf zwei Stellen. Dazu musst du die Formel f\u00fcr den Mittelwert in die Formel f\u00fcr das Runden mit hinein schreiben, d.h. =Runden_Formel(Mittelwert_Formel( ) )<\/li>\n<li>Berechne den Median mit der passenden Formel.<br><i>Info:<\/i> Sortiert man alle Werte nach der Gr\u00f6sse, so bezeichnet der Median\nbei einer ungeraden Anzahl Werten denjenigen Wert,  welcher in der Mitte\nsteht und bei einer geraden Anzahl von Werten das arithmetische Mittel der beiden mittleren Werte. D.h. es gibt  immer gleich viele Werte, welche gr\u00f6sser oder gleich wie der Median sind, wie  Werte welche kleiner sind. Verglichen mit dem arithmetischen Mittel wird der Median viel weniger von Ausreissern dominiert, daher ist er in der Regel ein verl\u00e4sslicheres Mass f\u00fcr die Schwierigkeit einer Pr\u00fcfung als das arithmetische Mittel. Dies wird in diesem Beispiel deutlich zu sehen sein.<\/li>\n<li>Berechne die Standardabweichung (das arithmetische Mittel) mit der passenden Formel. Zusatz: Runde das Resultat auf zwei Stellen.<br><i>Info:<\/i> Die Standardabweichung misst die Streuung, d.h. wie stark die Werte vom arithmetischen Mittel abweichen. Bei normalverteilten Werten liegen 68% der Werte innerhalb des Intervalls:\narithmetischen Mittel \u00b1 Standardabweichung. Eine Pr\u00fcfung mit grosser Standardabweichung selektioniert st\u00e4rker als eine mit kleiner Standardabweichung.<\/li>\n<li>Berechne das Maximum (suche den gr\u00f6ssten Wert) mit der passenden Formel.<\/li>\n<li>Berechne das Minimum (suche den kleinsten Wert) mit der passenden Formel.<\/li>\n<li>Berechne die Anzahl Noten welche kleiner als 4.0 sind mit der passenden Formel.<br><i>Hinweis:<\/i> Vermutlich kennt dein Tabellenkalkulationsprogramm eine Funktion Namens Z\u00c4HLENWENN oder COUNTIF. Schlage in der Hilfe oder im Internet nach, wie diese Funktion gebraucht wird.<\/li>\n<\/ol>\n\n<br>\n<h3>Vorlage mit Punkt-Dezimaltrennzeichen<\/h3><br>\n<table>\n<thead>\n<tr>\n<th>Vorname<\/th>\n<th>Name<\/th>\n<th>Note gerundet<\/th>\n<\/tr>\n<\/thead>\n<tbody>\n<tr>\n<td>Aladin<\/td>\n<td>Aebi<\/td>\n<td> 5.5 <\/td>\n<\/tr>\n<tr>\n<td>Clint<\/td>\n<td>B\u00fcchi<\/td>\n<td> 3.0 <\/td>\n<\/tr>\n<tr>\n<td>Francisco Javier<\/td>\n<td>Cajochen<\/td>\n<td> 5.0 <\/td>\n<\/tr>\n<tr>\n<td>Sugar Ray<\/td>\n<td>Emmenegger<\/td>\n<td> 4.0 <\/td>\n<\/tr>\n<tr>\n<td>Zhaoming<\/td>\n<td>Hugentobler<\/td>\n<td> 6.0 <\/td>\n<\/tr>\n<tr>\n<td>Singh<\/td>\n<td>Krattiger<\/td>\n<td> 5.5 <\/td>\n<\/tr>\n<tr>\n<td>G\u00fclhan<\/td>\n<td>R\u00fcdis\u00fcli<\/td>\n<td> 5.5 <\/td>\n<\/tr>\n<tr>\n<td>Deidre<\/td>\n<td>R\u00fcegsegger<\/td>\n<td> 2.5 <\/td>\n<\/tr>\n<tr>\n<td>Jelisaweta<\/td>\n<td>Supersaxo<\/td>\n<td> 4.0 <\/td>\n<\/tr>\n<tr>\n<td>Kuniyoshi<\/td>\n<td>von Rotz<\/td>\n<td> 2.0 <\/td>\n<\/tr>\n<tr>\n<td>Sadikika<\/td>\n<td>Zgraggen<\/td>\n<td> 5.5 <\/td>\n<\/tr>\n<tr>\n<td>&nbsp;<\/td>\n<td><\/td>\n<td><\/td>\n<\/tr>\n<tr>\n<td><\/td>\n<td><b>Mittelwert<\/b><\/td>\n<td><\/td>\n<\/tr>\n<tr>\n<td><\/td>\n<td><b>Median<\/b><\/td>\n<td><\/td>\n<\/tr>\n<tr>\n<td><\/td>\n<td><b>Standardabweichung<\/b><\/td>\n<td><\/td>\n<\/tr>\n<tr>\n<td><\/td>\n<td><b>Maximum<\/b><\/td>\n<td><\/td>\n<\/tr>\n<tr>\n<td><\/td>\n<td><b>Minimum<\/b><\/td>\n<td><\/td>\n<\/tr>\n<tr>\n<td><\/td>\n<td><b>Noten unter 4<\/b><\/td>\n<td><\/td>\n<\/tr>\n<\/tbody>\n<\/table>\n\n<br>\n<h3>Vorlage mit Komma-Dezimaltrennzeichen<\/h3><br>\n<table>\n<thead>\n<tr>\n<th>Vorname<\/th>\n<th>Name<\/th>\n<th>Note gerundet<\/th>\n<\/tr>\n<\/thead>\n<tbody>\n<tr>\n<td>Aladin<\/td>\n<td>Aebi<\/td>\n<td> 5,5 <\/td>\n<\/tr>\n<tr>\n<td>Clint<\/td>\n<td>B\u00fcchi<\/td>\n<td> 3,0 <\/td>\n<\/tr>\n<tr>\n<td>Francisco Javier<\/td>\n<td>Cajochen<\/td>\n<td> 5,0 <\/td>\n<\/tr>\n<tr>\n<td>Sugar Ray<\/td>\n<td>Emmenegger<\/td>\n<td> 4,0 <\/td>\n<\/tr>\n<tr>\n<td>Zhaoming<\/td>\n<td>Hugentobler<\/td>\n<td> 6,0 <\/td>\n<\/tr>\n<tr>\n<td>Singh<\/td>\n<td>Krattiger<\/td>\n<td> 5,5 <\/td>\n<\/tr>\n<tr>\n<td>G\u00fclhan<\/td>\n<td>R\u00fcdis\u00fcli<\/td>\n<td> 5,5 <\/td>\n<\/tr>\n<tr>\n<td>Deidre<\/td>\n<td>R\u00fcegsegger<\/td>\n<td> 2,5 <\/td>\n<\/tr>\n<tr>\n<td>Jelisaweta<\/td>\n<td>Supersaxo<\/td>\n<td> 4,0 <\/td>\n<\/tr>\n<tr>\n<td>Kuniyoshi<\/td>\n<td>von Rotz<\/td>\n<td> 2,0 <\/td>\n<\/tr>\n<tr>\n<td>Sadikika<\/td>\n<td>Zgraggen<\/td>\n<td> 5,5 <\/td>\n<\/tr>\n<tr>\n<td>&nbsp;<\/td>\n<td><\/td>\n<td><\/td>\n<\/tr>\n<tr>\n<td><\/td>\n<td><b>Mittelwert<\/b><\/td>\n<td><\/td>\n<\/tr>\n<tr>\n<td><\/td>\n<td><b>Median<\/b><\/td>\n<td><\/td>\n<\/tr>\n<tr>\n<td><\/td>\n<td><b>Standardabweichung<\/b><\/td>\n<td><\/td>\n<\/tr>\n<tr>\n<td><\/td>\n<td><b>Maximum<\/b><\/td>\n<td><\/td>\n<\/tr>\n<tr>\n<td><\/td>\n<td><b>Minimum<\/b><\/td>\n<td><\/td>\n<\/tr>\n<tr>\n<td><\/td>\n<td><b>Noten unter 4<\/b><\/td>\n<td><\/td>\n<\/tr>\n<\/tbody>\n<\/table>\n<\/div><\/div>\n<\/div>\n\n\n\n<h2 class=\"wp-block-heading\">L\u00f6sungsbeispiele<\/h2>\n\n\n\n<div class=\"su-accordion su-u-trim\">\n<div class=\"su-spoiler su-spoiler-style-fancy su-spoiler-icon-plus su-spoiler-closed\" data-scroll-offset=\"0\" data-anchor-in-url=\"no\"><div class=\"su-spoiler-title\" tabindex=\"0\" role=\"button\"><span class=\"su-spoiler-icon\"><\/span>Summe und Produkt<\/div><div class=\"su-spoiler-content su-u-clearfix su-u-trim\"><br>\n<h3>L\u00f6sungsbeispiel mit Punkt-Dezimaltrennzeichen<\/h3><br>\n<table>\n<tbody>\n<tr>\n<td>3.4<\/td>\n<td>80.6<\/td>\n<td>19.9<\/td>\n<td><b>103.9<\/b><\/td>\n<\/tr>\n<tr>\n<td>3.4<\/td>\n<td>80.6<\/td>\n<td>19.9<\/td>\n<td><b>103.9<\/b><\/td>\n<\/tr>\n<tr>\n<td><\/td>\n<td>23.5<\/td>\n<td>44.4<\/td>\n<td><b>1043.4<\/b><\/td>\n<\/tr>\n<tr>\n<td>&nbsp;<\/td>\n<td><\/td>\n<td><\/td>\n<td><\/td>\n<\/tr>\n<tr>\n<td><\/td>\n<td>83.2<\/td>\n<td>5.5<\/td>\n<td><\/td>\n<\/tr>\n<tr>\n<td><\/td>\n<td>38.9<\/td>\n<td><\/td>\n<td><\/td>\n<\/tr>\n<tr>\n<td><\/td>\n<td>0.5<\/td>\n<td><\/td>\n<td><\/td>\n<\/tr>\n<tr>\n<td>22.2<\/td>\n<td>8.2<\/td>\n<td><\/td>\n<td><\/td>\n<\/tr>\n<tr>\n<td>46.1<\/td>\n<td>12<\/td>\n<td><\/td>\n<td><\/td>\n<\/tr>\n<tr>\n<td>7.3<\/td>\n<td>64.2<\/td>\n<td><\/td>\n<td><\/td>\n<\/tr>\n<tr>\n<td><b>75.6<\/b><\/td>\n<td><b>1138.5<\/b><\/td>\n<td><\/td>\n<td><\/td>\n<\/tr>\n<\/tbody>\n<\/table>\n<\/div><\/div>\n<div class=\"su-spoiler su-spoiler-style-fancy su-spoiler-icon-plus su-spoiler-closed\" data-scroll-offset=\"0\" data-anchor-in-url=\"no\"><div class=\"su-spoiler-title\" tabindex=\"0\" role=\"button\"><span class=\"su-spoiler-icon\"><\/span>Mittelwert, Standardabweichung und Co.<\/div><div class=\"su-spoiler-content su-u-clearfix su-u-trim\"><br>\n<h3>L\u00f6sungsbeispiel mit Punkt-Dezimaltrennzeichen<\/h3><br>\n<table>\n<thead>\n<tr>\n<th>Vorname<\/th>\n<th>Name<\/th>\n<th>Note gerundet<\/th>\n<\/tr>\n<\/thead>\n<tbody>\n<tr>\n<td>Aladin<\/td>\n<td>Aebi<\/td>\n<td>5.5<\/td>\n<\/tr>\n<tr>\n<td>Clint<\/td>\n<td>B\u00fcchi<\/td>\n<td>3<\/td>\n<\/tr>\n<tr>\n<td>Francisco Javier<\/td>\n<td>Cajochen<\/td>\n<td>5<\/td>\n<\/tr>\n<tr>\n<td>Sugar Ray<\/td>\n<td>Emmenegger<\/td>\n<td>4<\/td>\n<\/tr>\n<tr>\n<td>Zhaoming<\/td>\n<td>Hugentobler<\/td>\n<td>6<\/td>\n<\/tr>\n<tr>\n<td>Singh<\/td>\n<td>Krattiger<\/td>\n<td>5.5<\/td>\n<\/tr>\n<tr>\n<td>G\u00fclhan<\/td>\n<td>R\u00fcdis\u00fcli<\/td>\n<td>5.5<\/td>\n<\/tr>\n<tr>\n<td>Deidre<\/td>\n<td>R\u00fcegsegger<\/td>\n<td>2.5<\/td>\n<\/tr>\n<tr>\n<td>Jelisaweta<\/td>\n<td>Supersaxo<\/td>\n<td>4<\/td>\n<\/tr>\n<tr>\n<td>Kuniyoshi<\/td>\n<td>von Rotz<\/td>\n<td>2<\/td>\n<\/tr>\n<tr>\n<td>Sadikika<\/td>\n<td>Zgraggen<\/td>\n<td>5.5<\/td>\n<\/tr>\n<tr>\n<td>&nbsp;<\/td>\n<td><\/td>\n<td><\/td>\n<\/tr>\n<tr>\n<td><\/td>\n<td><b>Mittelwert<\/b><\/td>\n<td>4.41<\/td>\n<\/tr>\n<tr>\n<td><\/td>\n<td><b>Median<\/b><\/td>\n<td>5<\/td>\n<\/tr>\n<tr>\n<td><\/td>\n<td><b>Standardabweichung<\/b><\/td>\n<td>1.33<\/td>\n<\/tr>\n<tr>\n<td><\/td>\n<td><b>Maximum<\/b><\/td>\n<td>6<\/td>\n<\/tr>\n<tr>\n<td><\/td>\n<td><b>Minimum<\/b><\/td>\n<td>2<\/td>\n<\/tr>\n<tr>\n<td><\/td>\n<td><b>Noten unter 4<\/b><\/td>\n<td>3<\/td>\n<\/tr>\n<\/tbody>\n<\/table>\n<\/div><\/div>\n<\/div>\n\n\n\n<div style=\"height:20px\" aria-hidden=\"true\" class=\"wp-block-spacer\"><\/div>\n\n\n<p><a class=\"back_button\" href=\"https:\/\/office.suud.ch\/index.php\/tabintro\/\">\u25c4&nbsp;&nbsp;Zur\u00fcck&nbsp;<\/a><\/p>","protected":false},"excerpt":{"rendered":"<p>Formeln und Funktionen Formeln und Funktionen erm\u00f6glichen eine effiziente, automatisierte Verrechnung mehrerer Werte. Z.B. l\u00e4sst sich ein Notenschnitt mit wenigen Klicks aus einer Notenliste berechnen. Wird nachtr\u00e4glich eine Note ge\u00e4ndert, so passt sich der Notenschnitt automatisch an. Alle Formeln beginnen mit einem Gleichheitszeichen &#171;=&#187; (siehe Abb.1). Fehlt dies, wird die Eingabe als gew\u00f6hnlicher Text oder [&hellip;]<\/p>\n","protected":false},"author":1,"featured_media":0,"parent":0,"menu_order":0,"comment_status":"open","ping_status":"closed","template":"","meta":{"footnotes":""},"_links":{"self":[{"href":"https:\/\/office.suud.ch\/index.php\/wp-json\/wp\/v2\/pages\/920"}],"collection":[{"href":"https:\/\/office.suud.ch\/index.php\/wp-json\/wp\/v2\/pages"}],"about":[{"href":"https:\/\/office.suud.ch\/index.php\/wp-json\/wp\/v2\/types\/page"}],"author":[{"embeddable":true,"href":"https:\/\/office.suud.ch\/index.php\/wp-json\/wp\/v2\/users\/1"}],"replies":[{"embeddable":true,"href":"https:\/\/office.suud.ch\/index.php\/wp-json\/wp\/v2\/comments?post=920"}],"version-history":[{"count":23,"href":"https:\/\/office.suud.ch\/index.php\/wp-json\/wp\/v2\/pages\/920\/revisions"}],"predecessor-version":[{"id":1264,"href":"https:\/\/office.suud.ch\/index.php\/wp-json\/wp\/v2\/pages\/920\/revisions\/1264"}],"wp:attachment":[{"href":"https:\/\/office.suud.ch\/index.php\/wp-json\/wp\/v2\/media?parent=920"}],"curies":[{"name":"wp","href":"https:\/\/api.w.org\/{rel}","templated":true}]}}